{"id":19148,"date":"2018-06-08T16:23:14","date_gmt":"2018-06-08T14:23:14","guid":{"rendered":"https:\/\/www.buchinger-wilhelmi.com\/kooperationen\/"},"modified":"2018-11-07T16:38:03","modified_gmt":"2018-11-07T15:38:03","slug":"kooperationen","status":"publish","type":"page","link":"https:\/\/www.buchinger-wilhelmi.com\/en\/kooperationen\/","title":{"rendered":"Partnerships"},"content":{"rendered":"<div class=\"wpb-content-wrapper\">[vc_row][vc_column][vc_empty_space height=&#8221;30px&#8221;][\/vc_column][\/vc_row][vc_row equal_height=&#8221;yes&#8221;][vc_column width=&#8221;6\/12&#8243;][vc_column_text]\n<h3><b>Our principles: sustainable, cooperative, organic, regional<\/b><\/h3>\n<p>Our two Buchinger Wilhelmi clinics on Lake Constance and in Marbella are embedded in regions with a high quality of life and are fully integrated in the respective economic and cultural networks. Together with local partners, we develop attractive services for our guests and contribute to the prosperity of society in the region. As a family-owned business, we think in generations and take responsibility for sustainable development.<\/p>\n<p>We work with regional artists, theatre and music projects as well as regional organic farms, organisations such as the slow food movement or other institutions with similar concepts, such as Lassalle House in Sch\u00f6nbrunn as a matter of course. In the area of medicine and dietetics, we collaborate with renowned partners such as the new chair for health tourism in M\u00e1laga or the University of Jena.<\/p>\n[\/vc_column_text][\/vc_column][vc_column width=&#8221;1\/12&#8243;][\/vc_column][vc_column width=&#8221;5\/12&#8243; css=&#8221;.vc_custom_1530626082726{background-image: url(https:\/\/www.buchinger-wilhelmi.com\/wp-content\/uploads\/2018\/06\/3.4.5.Unternehme_Kooperationen_Unsere-Prinzipien.jpg?id=17338) !important;background-position: center !important;background-repeat: no-repeat !important;background-size: cover !important;}&#8221;][\/vc_column][\/vc_row][vc_row][vc_column][vc_empty_space height=&#8221;100px&#8221;][\/vc_column][\/vc_row][vc_row content_placement=&#8221;middle&#8221;][vc_column width=&#8221;2\/12&#8243;][vc_single_image image=&#8221;16545&#8243; img_size=&#8221;full&#8221; alignment=&#8221;center&#8221;][\/vc_column][vc_column width=&#8221;4\/12&#8243;][vc_column_text]<b>Aenor<\/b><\/p>\n<p>Phone: +34 952 02 87 10<\/p>\n<p>E-mail:\u00a0<a href=\"mailto:info@aenor.es\">info@aenor.es<\/a><\/p>\n<p><a href=\"http:\/\/www.aenor.es\/\">www.aenor.es<\/a>[\/vc_column_text][\/vc_column][vc_column width=&#8221;2\/12&#8243;][vc_single_image image=&#8221;16537&#8243; img_size=&#8221;full&#8221; alignment=&#8221;center&#8221;][\/vc_column][vc_column width=&#8221;4\/12&#8243;][vc_column_text]<b>\u00c4rztegesellschaft Heilfasten und Ern\u00e4hrung e.V.<\/b><\/p>\n<p>Phone: +49 7551 807825<\/p>\n<p>E-mail:\u00a0<a href=\"mailto:info@aerztegesellschaft-heilfasten.de\">info@aerztegesellschaft-heilfasten.de<\/a><\/p>\n<p><a href=\"http:\/\/www.aerztegesellschaft-heilfasten.de\/\">www.aerztegesellschaft-heilfasten.de<\/a>[\/vc_column_text][\/vc_column][\/vc_row][vc_row][vc_column][vc_empty_space height=&#8221;50px&#8221;][\/vc_column][\/vc_row][vc_row content_placement=&#8221;middle&#8221;][vc_column width=&#8221;2\/12&#8243;][vc_single_image image=&#8221;16541&#8243; img_size=&#8221;full&#8221; alignment=&#8221;center&#8221;][\/vc_column][vc_column width=&#8221;4\/12&#8243;][vc_column_text]<b>Amigos de la m\u00fasica <\/b><\/p>\n<p>Phone: +34 952 81 50 47<\/p>\n<p>E-mail:\u00a0<a href=\"mailto:amigosdelamusicamarbella@hotmail.com\">amigosdelamusicamarbella@hotmail.com<\/a><\/p>\n<p><a href=\"http:\/\/www.amigosdelamusicamarbella.com\/\">www.amigosdelamusicamarbella.com<\/a>[\/vc_column_text][\/vc_column][vc_column width=&#8221;2\/12&#8243;][vc_single_image image=&#8221;16553&#8243; img_size=&#8221;full&#8221; alignment=&#8221;center&#8221;][\/vc_column][vc_column width=&#8221;4\/12&#8243;][vc_column_text]<b>Asociaci\u00f3n Espa\u00f1ola de M\u00e9dicos Naturistas<\/b><\/p>\n<p>Phone: +34 91 306 38 19<\/p>\n<p>E-mail:\u00a0<a href=\"mailto:info@medicosnaturistas.es\">info@medicosnaturistas.es<\/a><\/p>\n<p><a href=\"http:\/\/www.aemn.es\/\">www.aemn.es<\/a>[\/vc_column_text][\/vc_column][\/vc_row][vc_row][vc_column][vc_empty_space height=&#8221;50px&#8221;][\/vc_column][\/vc_row][vc_row content_placement=&#8221;middle&#8221;][vc_column width=&#8221;2\/12&#8243;][vc_single_image image=&#8221;16561&#8243; img_size=&#8221;full&#8221; alignment=&#8221;center&#8221;][\/vc_column][vc_column width=&#8221;4\/12&#8243;][vc_column_text]<b>Arboretum Marbella<\/b><\/p>\n<p>Phone: +34 951 137 210<\/p>\n<p>E-mail:\u00a0<a href=\"mailto:info@arboretummarbella.org\">info@arboretummarbella.org<\/a><\/p>\n<p><a href=\"http:\/\/www.arboretummarbella.org\/\">www.arboretummarbella.org<\/a>[\/vc_column_text][\/vc_column][vc_column width=&#8221;2\/12&#8243;][vc_single_image image=&#8221;16533&#8243; img_size=&#8221;full&#8221; alignment=&#8221;center&#8221;][\/vc_column][vc_column width=&#8221;4\/12&#8243;][vc_column_text]<b>Centro de Divulgaci\u00f3n Musical del Mediterr\u00e1neo<\/b><\/p>\n<p>Phone: +34 689 000 944<\/p>\n<p><a href=\"http:\/\/www.musicaconencanto.org\/\">www.musicaconencanto.org<\/a>[\/vc_column_text][\/vc_column][\/vc_row][vc_row][vc_column][vc_empty_space height=&#8221;50px&#8221;][\/vc_column][\/vc_row][vc_row content_placement=&#8221;middle&#8221;][vc_column width=&#8221;2\/12&#8243;][vc_single_image image=&#8221;16549&#8243; img_size=&#8221;full&#8221; alignment=&#8221;center&#8221;][\/vc_column][vc_column width=&#8221;4\/12&#8243;][vc_column_text]<b>cit<\/b><\/p>\n<p>Phone: +34 952 906 970<\/p>\n<p>E-mail:\u00a0<a href=\"mailto:info@citmarbella.es\">info@citmarbella.es<\/a><\/p>\n<p><a href=\"http:\/\/www.citmarbella.es\/\">www.citmarbella.es<\/a>[\/vc_column_text][\/vc_column][vc_column width=&#8221;2\/12&#8243;][vc_single_image image=&#8221;16525&#8243; img_size=&#8221;full&#8221; alignment=&#8221;center&#8221;][\/vc_column][vc_column width=&#8221;4\/12&#8243;][vc_column_text]<b>Lassalle-Haus Bad Sch\u00f6nbrunn<\/b><\/p>\n<p>Phone: +41 41757 1414<\/p>\n<p>E-mail:\u00a0<a href=\"mailto:info@lassalle-haus.org\">info@lassalle-haus.org<\/a><\/p>\n<p><a href=\"http:\/\/www.lassalle-haus.org\/\">www.lassalle-haus.org<\/a>[\/vc_column_text][\/vc_column][\/vc_row][vc_row][vc_column][vc_empty_space height=&#8221;50px&#8221;][\/vc_column][\/vc_row][vc_row content_placement=&#8221;middle&#8221;][vc_column width=&#8221;2\/12&#8243;][vc_single_image image=&#8221;15396&#8243; img_size=&#8221;full&#8221; alignment=&#8221;center&#8221;][\/vc_column][vc_column width=&#8221;4\/12&#8243;][vc_column_text]<b>Deutsche Akademie f\u00fcr Ern\u00e4hrungsmedizin<\/b><\/p>\n<p>Phone: +49 761 7898-0<\/p>\n<p>E-mail:\u00a0<a href=\"mailto:info@daem.de\">info@daem.de<\/a><\/p>\n<p><a href=\"http:\/\/www.daem.de\/\">www.daem.de<\/a>[\/vc_column_text][\/vc_column][vc_column width=&#8221;2\/12&#8243;][vc_single_image image=&#8221;15258&#8243; img_size=&#8221;full&#8221; alignment=&#8221;center&#8221;][\/vc_column][vc_column width=&#8221;4\/12&#8243;][vc_column_text]<b>Right Livelihood Award Foundation<\/b><\/p>\n<p>Phone: +46 8 70203-40<\/p>\n<p>E-mail:\u00a0<a href=\"mailto:info@rightlivelihood.org\">info@rightlivelihood.org<\/a><\/p>\n<p><a href=\"http:\/\/www.rightlivelihood.org\/\">www.rightlivelihood.org<\/a>[\/vc_column_text][\/vc_column][\/vc_row][vc_row][vc_column][vc_empty_space height=&#8221;50px&#8221;][\/vc_column][\/vc_row][vc_row content_placement=&#8221;middle&#8221;][vc_column width=&#8221;2\/12&#8243;][vc_single_image image=&#8221;19024&#8243; img_size=&#8221;full&#8221; alignment=&#8221;center&#8221;][\/vc_column][vc_column width=&#8221;4\/12&#8243;][vc_column_text]<b>Facultad de Ciencias Deleg. Alumnos de Ciencias (M\u00f3dulo de CC. Biol\u00f3gicas)<\/b><\/p>\n<p>Phone: +34 952 13 10 00<\/p>\n<p>E-mail:\u00a0<a href=\"mailto:informacion@uma.es\">informacion@uma.es<\/a><\/p>\n<p><a href=\"http:\/\/www.uma.es\/\">www.uma.es<\/a>[\/vc_column_text][\/vc_column][vc_column width=&#8221;2\/12&#8243;][vc_single_image image=&#8221;15254&#8243; img_size=&#8221;full&#8221; alignment=&#8221;center&#8221;][\/vc_column][vc_column width=&#8221;4\/12&#8243;][vc_column_text]<b>Slow Food Deutschland e.V.<\/b><\/p>\n<p>Phone: +49 30 24625-939<\/p>\n<p>E-mail:\u00a0<a href=\"mailto:info@slowfood.de\">info@slowfood.de<\/a><\/p>\n<p><a href=\"http:\/\/www.slowfood.de\/\">www.slowfood.de<\/a>[\/vc_column_text][\/vc_column][\/vc_row][vc_row][vc_column][vc_empty_space height=&#8221;50px&#8221;][\/vc_column][\/vc_row][vc_row content_placement=&#8221;middle&#8221;][vc_column width=&#8221;2\/12&#8243;][vc_single_image image=&#8221;16557&#8243; img_size=&#8221;full&#8221; alignment=&#8221;center&#8221;][\/vc_column][vc_column width=&#8221;4\/12&#8243;][vc_column_text]<b>Fundaci\u00f2n<\/b> <b>cudeca<\/b><\/p>\n<p>Phone: +34 952 56 49 10<\/p>\n<p>E-mail:\u00a0<a href=\"mailto:cudeca@cudeca.org\">cudeca@cudeca.org<\/a><\/p>\n<p><a href=\"http:\/\/www.cudeca.org\/\">www.cudeca.org<\/a>[\/vc_column_text][\/vc_column][vc_column width=&#8221;2\/12&#8243;][\/vc_column][vc_column width=&#8221;4\/12&#8243;][\/vc_column][\/vc_row]\n<\/div>","protected":false},"excerpt":{"rendered":"<p>[vc_row][vc_column][vc_empty_space height=&#8221;30px&#8221;][\/vc_column][\/vc_row][vc_row equal_height=&#8221;yes&#8221;][vc_column width=&#8221;6\/12&#8243;][vc_column_text] Our principles: sustainable, cooperative, organic, regional Our two Buchinger Wilhelmi&#8230;<\/p>\n","protected":false},"author":30,"featured_media":17694,"parent":0,"menu_order":0,"comment_status":"closed","ping_status":"closed","template":"","meta":{"_acf_changed":false,"_custom_body_class":"kooperationen","_custom_post_class":"","_searchwp_excluded":"","inline_featured_image":false,"footnotes":""},"class_list":["post-19148","page","type-page","status-publish","has-post-thumbnail","hentry"],"acf":[],"yoast_head":"<!-- This site is optimized with the Yoast SEO plugin v23.8 - https:\/\/yoast.com\/wordpress\/plugins\/seo\/ -->\n<title>Partnerships - BUCHINGER WILHELMI<\/title>\n<meta name=\"description\" content=\"We attach great importance to sourcing locally. That\u2019s why we work with local partners and suppliers and support regional organic farming.\" \/>\n<meta name=\"robots\" content=\"index, follow, max-snippet:-1, max-image-preview:large, max-video-preview:-1\" \/>\n<link rel=\"canonical\" href=\"https:\/\/www.buchinger-wilhelmi.com\/en\/kooperationen\/\" \/>\n<meta property=\"og:locale\" content=\"en_US\" \/>\n<meta property=\"og:type\" content=\"article\" \/>\n<meta property=\"og:title\" content=\"Partnerships - BUCHINGER WILHELMI\" \/>\n<meta property=\"og:description\" content=\"We attach great importance to sourcing locally. That\u2019s why we work with local partners and suppliers and support regional organic farming.\" \/>\n<meta property=\"og:url\" content=\"https:\/\/www.buchinger-wilhelmi.com\/en\/kooperationen\/\" \/>\n<meta property=\"article:publisher\" content=\"https:\/\/www.facebook.com\/BuchingerWilhelmiMarbella\/\" \/>\n<meta property=\"article:modified_time\" content=\"2018-11-07T15:38:03+00:00\" \/>\n<meta property=\"og:image\" content=\"https:\/\/www.buchinger-wilhelmi.com\/wp-content\/uploads\/2018\/06\/3.4.5.Unternehme_Kooperationen_Header.jpg\" \/>\n\t<meta property=\"og:image:width\" content=\"6144\" \/>\n\t<meta property=\"og:image:height\" content=\"3160\" \/>\n\t<meta property=\"og:image:type\" content=\"image\/jpeg\" \/>\n<meta name=\"twitter:card\" content=\"summary_large_image\" \/>\n<meta name=\"twitter:label1\" content=\"Est. reading time\" \/>\n\t<meta name=\"twitter:data1\" content=\"4 minutes\" \/>\n<script type=\"application\/ld+json\" class=\"yoast-schema-graph\">{\"@context\":\"https:\/\/schema.org\",\"@graph\":[{\"@type\":\"WebPage\",\"@id\":\"https:\/\/www.buchinger-wilhelmi.com\/en\/kooperationen\/\",\"url\":\"https:\/\/www.buchinger-wilhelmi.com\/en\/kooperationen\/\",\"name\":\"Partnerships - BUCHINGER WILHELMI\",\"isPartOf\":{\"@id\":\"https:\/\/www.buchinger-wilhelmi.com\/en\/#website\"},\"primaryImageOfPage\":{\"@id\":\"https:\/\/www.buchinger-wilhelmi.com\/en\/kooperationen\/#primaryimage\"},\"image\":{\"@id\":\"https:\/\/www.buchinger-wilhelmi.com\/en\/kooperationen\/#primaryimage\"},\"thumbnailUrl\":\"https:\/\/www.buchinger-wilhelmi.com\/wp-content\/uploads\/2018\/06\/3.4.5.Unternehme_Kooperationen_Header.jpg\",\"datePublished\":\"2018-06-08T14:23:14+00:00\",\"dateModified\":\"2018-11-07T15:38:03+00:00\",\"description\":\"We attach great importance to sourcing locally. That\u2019s why we work with local partners and suppliers and support regional organic farming.\",\"breadcrumb\":{\"@id\":\"https:\/\/www.buchinger-wilhelmi.com\/en\/kooperationen\/#breadcrumb\"},\"inLanguage\":\"en-US\",\"potentialAction\":[{\"@type\":\"ReadAction\",\"target\":[\"https:\/\/www.buchinger-wilhelmi.com\/en\/kooperationen\/\"]}]},{\"@type\":\"ImageObject\",\"inLanguage\":\"en-US\",\"@id\":\"https:\/\/www.buchinger-wilhelmi.com\/en\/kooperationen\/#primaryimage\",\"url\":\"https:\/\/www.buchinger-wilhelmi.com\/wp-content\/uploads\/2018\/06\/3.4.5.Unternehme_Kooperationen_Header.jpg\",\"contentUrl\":\"https:\/\/www.buchinger-wilhelmi.com\/wp-content\/uploads\/2018\/06\/3.4.5.Unternehme_Kooperationen_Header.jpg\",\"width\":6144,\"height\":3160,\"caption\":\"Buchinger Wilhelmi, Fasten, Heilfasten, Fasting, Health, Integrative Medicine, Morning Walk, Sunset, Marbella, Andulusien, Sea, Ocean, Beach\"},{\"@type\":\"BreadcrumbList\",\"@id\":\"https:\/\/www.buchinger-wilhelmi.com\/en\/kooperationen\/#breadcrumb\",\"itemListElement\":[{\"@type\":\"ListItem\",\"position\":1,\"name\":\"Startseite\",\"item\":\"https:\/\/www.buchinger-wilhelmi.com\/en\/\"},{\"@type\":\"ListItem\",\"position\":2,\"name\":\"Partnerships\"}]},{\"@type\":\"WebSite\",\"@id\":\"https:\/\/www.buchinger-wilhelmi.com\/en\/#website\",\"url\":\"https:\/\/www.buchinger-wilhelmi.com\/en\/\",\"name\":\"\",\"description\":\"\",\"publisher\":{\"@id\":\"https:\/\/www.buchinger-wilhelmi.com\/en\/#organization\"},\"potentialAction\":[{\"@type\":\"SearchAction\",\"target\":{\"@type\":\"EntryPoint\",\"urlTemplate\":\"https:\/\/www.buchinger-wilhelmi.com\/en\/?s={search_term_string}\"},\"query-input\":{\"@type\":\"PropertyValueSpecification\",\"valueRequired\":true,\"valueName\":\"search_term_string\"}}],\"inLanguage\":\"en-US\"},{\"@type\":\"Organization\",\"@id\":\"https:\/\/www.buchinger-wilhelmi.com\/en\/#organization\",\"name\":\"Buchinger Wilhelmi Holding GmbH & Co.KG\",\"url\":\"https:\/\/www.buchinger-wilhelmi.com\/en\/\",\"logo\":{\"@type\":\"ImageObject\",\"inLanguage\":\"en-US\",\"@id\":\"https:\/\/www.buchinger-wilhelmi.com\/en\/#\/schema\/logo\/image\/\",\"url\":\"https:\/\/www.buchinger-wilhelmi.com\/wp-content\/uploads\/2018\/04\/BW_Logo_black.png\",\"contentUrl\":\"https:\/\/www.buchinger-wilhelmi.com\/wp-content\/uploads\/2018\/04\/BW_Logo_black.png\",\"width\":303,\"height\":76,\"caption\":\"Buchinger Wilhelmi Holding GmbH & Co.KG\"},\"image\":{\"@id\":\"https:\/\/www.buchinger-wilhelmi.com\/en\/#\/schema\/logo\/image\/\"},\"sameAs\":[\"https:\/\/www.facebook.com\/BuchingerWilhelmiMarbella\/\",\"https:\/\/www.instagram.com\/buchingerwilhelmi\/\",\"https:\/\/www.linkedin.com\/company\/buchingerwilhelmi\/\",\"https:\/\/www.pinterest.de\/buchingerwilhelmi\/\",\"https:\/\/www.youtube.com\/channel\/UC6jETvWDCI_W-VVG2AjxOfw\"]}]}<\/script>\n<!-- \/ Yoast SEO plugin. -->","yoast_head_json":{"title":"Partnerships - BUCHINGER WILHELMI","description":"We attach great importance to sourcing locally. That\u2019s why we work with local partners and suppliers and support regional organic farming.","robots":{"index":"index","follow":"follow","max-snippet":"max-snippet:-1","max-image-preview":"max-image-preview:large","max-video-preview":"max-video-preview:-1"},"canonical":"https:\/\/www.buchinger-wilhelmi.com\/en\/kooperationen\/","og_locale":"en_US","og_type":"article","og_title":"Partnerships - BUCHINGER WILHELMI","og_description":"We attach great importance to sourcing locally. That\u2019s why we work with local partners and suppliers and support regional organic farming.","og_url":"https:\/\/www.buchinger-wilhelmi.com\/en\/kooperationen\/","article_publisher":"https:\/\/www.facebook.com\/BuchingerWilhelmiMarbella\/","article_modified_time":"2018-11-07T15:38:03+00:00","og_image":[{"width":6144,"height":3160,"url":"https:\/\/www.buchinger-wilhelmi.com\/wp-content\/uploads\/2018\/06\/3.4.5.Unternehme_Kooperationen_Header.jpg","type":"image\/jpeg"}],"twitter_card":"summary_large_image","twitter_misc":{"Est. reading time":"4 minutes"},"schema":{"@context":"https:\/\/schema.org","@graph":[{"@type":"WebPage","@id":"https:\/\/www.buchinger-wilhelmi.com\/en\/kooperationen\/","url":"https:\/\/www.buchinger-wilhelmi.com\/en\/kooperationen\/","name":"Partnerships - BUCHINGER WILHELMI","isPartOf":{"@id":"https:\/\/www.buchinger-wilhelmi.com\/en\/#website"},"primaryImageOfPage":{"@id":"https:\/\/www.buchinger-wilhelmi.com\/en\/kooperationen\/#primaryimage"},"image":{"@id":"https:\/\/www.buchinger-wilhelmi.com\/en\/kooperationen\/#primaryimage"},"thumbnailUrl":"https:\/\/www.buchinger-wilhelmi.com\/wp-content\/uploads\/2018\/06\/3.4.5.Unternehme_Kooperationen_Header.jpg","datePublished":"2018-06-08T14:23:14+00:00","dateModified":"2018-11-07T15:38:03+00:00","description":"We attach great importance to sourcing locally. That\u2019s why we work with local partners and suppliers and support regional organic farming.","breadcrumb":{"@id":"https:\/\/www.buchinger-wilhelmi.com\/en\/kooperationen\/#breadcrumb"},"inLanguage":"en-US","potentialAction":[{"@type":"ReadAction","target":["https:\/\/www.buchinger-wilhelmi.com\/en\/kooperationen\/"]}]},{"@type":"ImageObject","inLanguage":"en-US","@id":"https:\/\/www.buchinger-wilhelmi.com\/en\/kooperationen\/#primaryimage","url":"https:\/\/www.buchinger-wilhelmi.com\/wp-content\/uploads\/2018\/06\/3.4.5.Unternehme_Kooperationen_Header.jpg","contentUrl":"https:\/\/www.buchinger-wilhelmi.com\/wp-content\/uploads\/2018\/06\/3.4.5.Unternehme_Kooperationen_Header.jpg","width":6144,"height":3160,"caption":"Buchinger Wilhelmi, Fasten, Heilfasten, Fasting, Health, Integrative Medicine, Morning Walk, Sunset, Marbella, Andulusien, Sea, Ocean, Beach"},{"@type":"BreadcrumbList","@id":"https:\/\/www.buchinger-wilhelmi.com\/en\/kooperationen\/#breadcrumb","itemListElement":[{"@type":"ListItem","position":1,"name":"Startseite","item":"https:\/\/www.buchinger-wilhelmi.com\/en\/"},{"@type":"ListItem","position":2,"name":"Partnerships"}]},{"@type":"WebSite","@id":"https:\/\/www.buchinger-wilhelmi.com\/en\/#website","url":"https:\/\/www.buchinger-wilhelmi.com\/en\/","name":"","description":"","publisher":{"@id":"https:\/\/www.buchinger-wilhelmi.com\/en\/#organization"},"potentialAction":[{"@type":"SearchAction","target":{"@type":"EntryPoint","urlTemplate":"https:\/\/www.buchinger-wilhelmi.com\/en\/?s={search_term_string}"},"query-input":{"@type":"PropertyValueSpecification","valueRequired":true,"valueName":"search_term_string"}}],"inLanguage":"en-US"},{"@type":"Organization","@id":"https:\/\/www.buchinger-wilhelmi.com\/en\/#organization","name":"Buchinger Wilhelmi Holding GmbH & Co.KG","url":"https:\/\/www.buchinger-wilhelmi.com\/en\/","logo":{"@type":"ImageObject","inLanguage":"en-US","@id":"https:\/\/www.buchinger-wilhelmi.com\/en\/#\/schema\/logo\/image\/","url":"https:\/\/www.buchinger-wilhelmi.com\/wp-content\/uploads\/2018\/04\/BW_Logo_black.png","contentUrl":"https:\/\/www.buchinger-wilhelmi.com\/wp-content\/uploads\/2018\/04\/BW_Logo_black.png","width":303,"height":76,"caption":"Buchinger Wilhelmi Holding GmbH & Co.KG"},"image":{"@id":"https:\/\/www.buchinger-wilhelmi.com\/en\/#\/schema\/logo\/image\/"},"sameAs":["https:\/\/www.facebook.com\/BuchingerWilhelmiMarbella\/","https:\/\/www.instagram.com\/buchingerwilhelmi\/","https:\/\/www.linkedin.com\/company\/buchingerwilhelmi\/","https:\/\/www.pinterest.de\/buchingerwilhelmi\/","https:\/\/www.youtube.com\/channel\/UC6jETvWDCI_W-VVG2AjxOfw"]}]}},"_links":{"self":[{"href":"https:\/\/www.buchinger-wilhelmi.com\/en\/wp-json\/wp\/v2\/pages\/19148"}],"collection":[{"href":"https:\/\/www.buchinger-wilhelmi.com\/en\/wp-json\/wp\/v2\/pages"}],"about":[{"href":"https:\/\/www.buchinger-wilhelmi.com\/en\/wp-json\/wp\/v2\/types\/page"}],"author":[{"embeddable":true,"href":"https:\/\/www.buchinger-wilhelmi.com\/en\/wp-json\/wp\/v2\/users\/30"}],"replies":[{"embeddable":true,"href":"https:\/\/www.buchinger-wilhelmi.com\/en\/wp-json\/wp\/v2\/comments?post=19148"}],"version-history":[{"count":8,"href":"https:\/\/www.buchinger-wilhelmi.com\/en\/wp-json\/wp\/v2\/pages\/19148\/revisions"}],"predecessor-version":[{"id":22837,"href":"https:\/\/www.buchinger-wilhelmi.com\/en\/wp-json\/wp\/v2\/pages\/19148\/revisions\/22837"}],"wp:featuredmedia":[{"embeddable":true,"href":"https:\/\/www.buchinger-wilhelmi.com\/en\/wp-json\/wp\/v2\/media\/17694"}],"wp:attachment":[{"href":"https:\/\/www.buchinger-wilhelmi.com\/en\/wp-json\/wp\/v2\/media?parent=19148"}],"curies":[{"name":"wp","href":"https:\/\/api.w.org\/{rel}","templated":true}]}}