{"id":101061,"date":"2026-03-24T15:48:01","date_gmt":"2026-03-24T14:48:01","guid":{"rendered":"https:\/\/www.buchinger-wilhelmi.com\/?page_id=101061"},"modified":"2026-04-09T15:49:41","modified_gmt":"2026-04-09T13:49:41","slug":"suscribete-ahora-al-boletin-de-buchinger-wilhelmi","status":"publish","type":"page","link":"https:\/\/www.buchinger-wilhelmi.com\/es\/suscribete-ahora-al-boletin-de-buchinger-wilhelmi\/","title":{"rendered":"Suscr\u00edbete ahora al bolet\u00edn de Buchinger Wilhelmi"},"content":{"rendered":"<div class=\"wpb-content-wrapper\">[vc_row][vc_column][vc_column_text][\/vc_column_text][\/vc_column][\/vc_row][vc_row][vc_column width=\u00bb1\/6&#8243;][\/vc_column][vc_column width=\u00bb2\/3&#8243;]<div class=\"norebro-text-sc \" \n\tid=\"norebro-custom-6a04bcbf0a850\" \n\t \n\t>\n\n\t<h3>Qu\u00e9 encontrar\u00e1 en el bolet\u00edn<\/h3>\n<ul>\n<li>Eventos y ofertas actuales<\/li>\n<li>\u00daltimos avances cient\u00edficos sobre el ayuno<\/li>\n<li>Novedades y consejos sobre la FASTENBOX de Buchinger Wilhelmi<\/li>\n<li>Informaci\u00f3n interesante sobre alimentaci\u00f3n saludable, deporte, meditaci\u00f3n y mucho m\u00e1s<\/li>\n<li>Nuevas ideas inspiradoras de nuestras cl\u00ednicas en el lago de Constanza y en Marbella<\/li>\n<\/ul>\n\t\n<\/div>[vc_empty_space][vc_column_text css=\u00bb.vc_custom_1770039846681{padding-top: 30px !important;padding-right: 30px !important;padding-bottom: 30px !important;padding-left: 30px !important;background-color: #F8F8F6 !important;}\u00bb]\n<div id=\"wlApiWidgetTarget3\"><\/div>\n<p><script src=\"https:\/\/booking.mybuchinger.com\/Websline-ABM\/Widget\/Inject\/3-es-e53a169c043dc34d3f11cb1a0dc17dc7bba7992a\"><\/script>[\/vc_column_text][\/vc_column][vc_column width=\u00bb1\/6&#8243;][\/vc_column][\/vc_row][vc_row][vc_column][vc_column_text]\n\n\n[\/vc_column_text][\/vc_column][\/vc_row][vc_row][vc_column][vc_empty_space][\/vc_column][\/vc_row][vc_row][vc_column][vc_column_text][\/vc_column_text][\/vc_column][\/vc_row][vc_row][vc_column][vc_column_text][\/vc_column_text][\/vc_column][\/vc_row][vc_row css=\u00bb.vc_custom_1647280530476{margin-bottom: 30px !important;}\u00bb][vc_column width=\u00bb1\/6&#8243;][\/vc_column][vc_column width=\u00bb2\/3&#8243;][vc_column_text]<strong>\u00a1No te pierdas nuestra revista!<\/strong><\/p>\n<p>Por supuesto, en nuestra revista encontrar\u00e1 toda la <a href=\"https:\/\/www.buchinger-wilhelmi.com\/magazin\/\" target=\"_blank\" rel=\"noopener\">informaci\u00f3n<\/a> que necesita sobre el ayuno terap\u00e9utico. \u2013 \u00a1Esperamos su visita![\/vc_column_text][\/vc_column][vc_column width=\u00bb1\/6&#8243;][\/vc_column][\/vc_row][vc_row][vc_column][vc_column_text]\n\n\n[\/vc_column_text][\/vc_column][\/vc_row][vc_row][vc_column][vc_empty_space][\/vc_column][\/vc_row][vc_row][vc_column][vc_column_text][\/vc_column_text][\/vc_column][\/vc_row][vc_row][vc_column][vc_column_text][\/vc_column_text][\/vc_column][\/vc_row][vc_row][vc_column width=\u00bb1\/6&#8243;][\/vc_column][vc_column width=\u00bb2\/3&#8243;][vc_column_text]<strong>\u00bfTe han entrado ganas de m\u00e1s?<\/strong><br \/>\nEcha un vistazo a nuestro canal de <a href=\"https:\/\/www.youtube.com\/channel\/UC6jETvWDCI_W-VVG2AjxOfw\" target=\"_blank\" rel=\"noopener\" data-cke-saved-href=\"https:\/\/www.youtube.com\/channel\/UC6jETvWDCI_W-VVG2AjxOfw\">YouTube Kanal<\/a>. Descubre todo lo que hay que saber sobre los \u00faltimos estudios y hallazgos relacionados con el ayuno, d\u00e9jate inspirar por nuestro chef para preparar alguna de nuestras recetas o escucha a alguno de nuestros hu\u00e9spedes contarnos c\u00f3mo han vivido la experiencia del ayuno.[\/vc_column_text][\/vc_column][vc_column width=\u00bb1\/6&#8243;][\/vc_column][\/vc_row][vc_row][vc_column][vc_column_text]\n\n\n[\/vc_column_text][\/vc_column][\/vc_row][vc_row][vc_column][vc_empty_space][\/vc_column][\/vc_row][vc_row full_width=\u00bbstretch_row\u00bb css=\u00bb.vc_custom_1647539057989{margin-top: 50px !important;padding-top: 60px !important;padding-bottom: 60px !important;background-color: #ecebe5 !important;}\u00bb][vc_column][vc_empty_space]<div class=\"norebro-heading-sc heading text-center\"\n\tid=\"norebro-custom-6a04bcbf0a88d\" \n\t \n\t>\n\t\n\t\n\t\n\t<h2 class=\"title\">\n\t\tNuestras \u00faltimas publicaciones del bolet\u00edn informativo\t<\/h2>\n\n\t\n\t\t\n<\/div>[vc_empty_space height=\u00bb30px\u00bb]<div class=\"norebro-recent-posts-sc vc_row blog-posts-masonry\" \n\tid=\"norebro-custom-6a04bcbf0c13a\"\n\t \n\t>\n\n\t<div class=\"norebro-masonry\" data-lazy-container=\"posts\"><div class=\" vc_col-lg-4 vc_col-md-4 vc_col-sm-12 vc_col-xs-12 blog-post-masonry masonry-block post-offset norebro-card-wrapper grid-item\" data-lazy-item=\"\" data-lazy-scope=\"posts\">\r\n<div class=\"blog-grid grid-3\"  data-aos-once=&quot;true&quot; data-aos=&quot;fade-up&quot;>\r\n<a class=\"blog-teaser-link\" href=\"https:\/\/www.buchinger-wilhelmi.com\/es\/receta-primaveral-con-esparragos\/\">\t\r\n\r\n        <header data-norebro-bg-image=\"https:\/\/www.buchinger-wilhelmi.com\/wp-content\/uploads\/2026\/04\/Linsen-Pancake-Spargel-pano.jpg\">\r\n    \r\n        \r\n    <\/header>\r\n    <div class=\"overlay brand-bg-color\"><\/div>\r\n\r\n    <div class=\"content\">\r\n                <div class=\"tags\">\r\n                            <span class=\"tag brand-bg-color brand-border-color\">\r\n                    Actualidad                <\/span>\r\n                            <span class=\"tag brand-bg-color brand-border-color\">\r\n                    Cocina                <\/span>\r\n                    <\/div>\r\n        \r\n        <h3>\r\n                        <span>\r\n                Receta primaveral con esp\u00e1rragos            <\/span>\r\n        <\/h3>\r\n                <p>\r\n            Receta fresca con esp\u00e1rragos de Buchinger Wilhelmi: ligera, nutritiva y f\u00e1cil de digerir. Prep\u00e1rela en casa.        <\/p>\r\n        \r\n        <footer>\r\n                        <span class=\"data\">29\/04\/2026<\/span>\r\n                        <span class=\"plus ion-ios-plus-empty brand-color\"><\/span>\r\n        <\/footer>\r\n    <\/div>\r\n    <\/a>\r\n<\/div>\r\n<div class=\"clear\"><\/div><\/div><div class=\" vc_col-lg-4 vc_col-md-4 vc_col-sm-12 vc_col-xs-12 blog-post-masonry masonry-block post-offset norebro-card-wrapper grid-item\" data-lazy-item=\"\" data-lazy-scope=\"posts\">\r\n<div class=\"blog-grid grid-3\"  data-aos-once=&quot;true&quot; data-aos=&quot;fade-up&quot;>\r\n<a class=\"blog-teaser-link\" href=\"https:\/\/www.buchinger-wilhelmi.com\/es\/casa-la-mariposa\/\">\t\r\n\r\n        <header data-norebro-bg-image=\"https:\/\/www.buchinger-wilhelmi.com\/wp-content\/uploads\/2026\/04\/5D0E3C17-9B23-46F1-B247-032A74ED9069_1_201_a.jpeg\">\r\n    \r\n        \r\n    <\/header>\r\n    <div class=\"overlay brand-bg-color\"><\/div>\r\n\r\n    <div class=\"content\">\r\n                <div class=\"tags\">\r\n                            <span class=\"tag brand-bg-color brand-border-color\">\r\n                    Actualidad                <\/span>\r\n                    <\/div>\r\n        \r\n        <h3>\r\n                        <span>\r\n                Nuevo alojamiento en Marbella            <\/span>\r\n        <\/h3>\r\n                <p>\r\n            Casa la Mariposa en Marbella: villa privada con atenci\u00f3n m\u00e9dica, un espacio de retiro para la regeneraci\u00f3n y el bienestar integral.        <\/p>\r\n        \r\n        <footer>\r\n                        <span class=\"data\">28\/04\/2026<\/span>\r\n                        <span class=\"plus ion-ios-plus-empty brand-color\"><\/span>\r\n        <\/footer>\r\n    <\/div>\r\n    <\/a>\r\n<\/div>\r\n<div class=\"clear\"><\/div><\/div><div class=\" vc_col-lg-4 vc_col-md-4 vc_col-sm-12 vc_col-xs-12 blog-post-masonry masonry-block post-offset norebro-card-wrapper grid-item\" data-lazy-item=\"\" data-lazy-scope=\"posts\">\r\n<div class=\"blog-grid grid-3\"  data-aos-once=&quot;true&quot; data-aos=&quot;fade-up&quot;>\r\n<a class=\"blog-teaser-link\" href=\"https:\/\/www.buchinger-wilhelmi.com\/es\/comparacion-entre-ayuno-y-ozempic\/\">\t\r\n\r\n        <header data-norebro-bg-image=\"https:\/\/www.buchinger-wilhelmi.com\/wp-content\/uploads\/2026\/04\/AdobeStock_603386437_Editorial_Use_Only-scaled.jpeg\">\r\n    \r\n        \r\n    <\/header>\r\n    <div class=\"overlay brand-bg-color\"><\/div>\r\n\r\n    <div class=\"content\">\r\n                <div class=\"tags\">\r\n                            <span class=\"tag brand-bg-color brand-border-color\">\r\n                    Actualidad                <\/span>\r\n                            <span class=\"tag brand-bg-color brand-border-color\">\r\n                    Gu\u00eda del ayuno                <\/span>\r\n                    <\/div>\r\n        \r\n        <h3>\r\n                        <span>\r\n                Ozempic            <\/span>\r\n        <\/h3>\r\n                <p>\r\n            Ayuno vs. Ozempic: c\u00f3mo act\u00faa realmente la p\u00e9rdida de peso. Una explicaci\u00f3n clara sobre oportunidades, l\u00edmites y salud metab\u00f3lica duradera.        <\/p>\r\n        \r\n        <footer>\r\n                        <span class=\"data\">27\/04\/2026<\/span>\r\n                        <span class=\"plus ion-ios-plus-empty brand-color\"><\/span>\r\n        <\/footer>\r\n    <\/div>\r\n    <\/a>\r\n<\/div>\r\n<div class=\"clear\"><\/div><\/div><\/div>\t\n<\/div><div class=\"norebro-button-sc btn-wrap text-center\" \n\tid=\"norebro-custom-6a04bcbf0e9e0\"\n\t \n\t>\n\n\t<a href=\"https:\/\/www.buchinger-wilhelmi.com\/magazin\/\" target=\"_blank\" \n\t\tclass=\"btn  btn-outline btn-small\">\n\n\t\t\n\t\t<span class=\"text\">\n\t\t\tMehr Beitr\u00e4ge\t\t<\/span>\n\n\t\t\n\t\t\t<\/a>\n\n<\/div>[\/vc_column][\/vc_row][vc_row][vc_column][vc_column_text][\/vc_column_text][\/vc_column][\/vc_row]<\/div>","protected":false},"excerpt":{"rendered":"<p>[vc_row][vc_column][vc_column_text] [\/vc_column_text][\/vc_column][\/vc_row][vc_row][vc_column][vc_empty_space][\/vc_column][\/vc_row][vc_row][vc_column][vc_column_text][\/vc_column_text][\/vc_column][\/vc_row][vc_row][vc_column][vc_column_text] [\/vc_column_text][\/vc_column][\/vc_row][vc_row][vc_column][vc_empty_space][\/vc_column][\/vc_row][vc_row][vc_column][vc_column_text][\/vc_column_text][\/vc_column][\/vc_row][vc_row][vc_column][vc_column_text] [\/vc_column_text][\/vc_column][\/vc_row][vc_row][vc_column][vc_empty_space][\/vc_column][\/vc_row][vc_row full_width=\u00bbstretch_row\u00bb css=\u00bb.vc_custom_1647539057989{margin-top: 50px !important;padding-top: 60px !important;padding-bottom: 60px !important;background-color: #ecebe5 !important;}\u00bb][vc_column][vc_empty_space][vc_empty_space&#8230;<\/p>\n","protected":false},"author":29,"featured_media":0,"parent":0,"menu_order":0,"comment_status":"closed","ping_status":"closed","template":"","meta":{"_acf_changed":false,"_custom_body_class":"","_custom_post_class":"","_searchwp_excluded":"","inline_featured_image":false,"footnotes":""},"class_list":["post-101061","page","type-page","status-publish","hentry"],"acf":[],"yoast_head":"<!-- This site is optimized with the Yoast SEO plugin v23.8 - https:\/\/yoast.com\/wordpress\/plugins\/seo\/ -->\n<title>Suscr\u00edbete ahora al bolet\u00edn de Buchinger Wilhelmi - BUCHINGER WILHELMI<\/title>\n<meta name=\"robots\" content=\"noindex, nofollow\" \/>\n<meta property=\"og:locale\" content=\"es_ES\" \/>\n<meta property=\"og:type\" content=\"article\" \/>\n<meta property=\"og:title\" content=\"Suscr\u00edbete ahora al bolet\u00edn de Buchinger Wilhelmi - BUCHINGER WILHELMI\" \/>\n<meta property=\"og:description\" content=\"[vc_row][vc_column][vc_column_text] [\/vc_column_text][\/vc_column][\/vc_row][vc_row][vc_column][vc_empty_space][\/vc_column][\/vc_row][vc_row][vc_column][vc_column_text][\/vc_column_text][\/vc_column][\/vc_row][vc_row][vc_column][vc_column_text] [\/vc_column_text][\/vc_column][\/vc_row][vc_row][vc_column][vc_empty_space][\/vc_column][\/vc_row][vc_row][vc_column][vc_column_text][\/vc_column_text][\/vc_column][\/vc_row][vc_row][vc_column][vc_column_text] [\/vc_column_text][\/vc_column][\/vc_row][vc_row][vc_column][vc_empty_space][\/vc_column][\/vc_row][vc_row full_width=\u00bbstretch_row\u00bb css=\u00bb.vc_custom_1647539057989{margin-top: 50px !important;padding-top: 60px !important;padding-bottom: 60px !important;background-color: #ecebe5 !important;}\u00bb][vc_column][vc_empty_space][vc_empty_space...\" \/>\n<meta property=\"og:url\" content=\"https:\/\/www.buchinger-wilhelmi.com\/es\/suscribete-ahora-al-boletin-de-buchinger-wilhelmi\/\" \/>\n<meta property=\"article:publisher\" content=\"https:\/\/www.facebook.com\/BuchingerWilhelmiMarbella\/\" \/>\n<meta property=\"article:modified_time\" content=\"2026-04-09T13:49:41+00:00\" \/>\n<meta name=\"twitter:card\" content=\"summary_large_image\" \/>\n<meta name=\"twitter:label1\" content=\"Tiempo de lectura\" \/>\n\t<meta name=\"twitter:data1\" content=\"2 minutos\" \/>\n<script type=\"application\/ld+json\" class=\"yoast-schema-graph\">{\"@context\":\"https:\/\/schema.org\",\"@graph\":[{\"@type\":\"WebPage\",\"@id\":\"https:\/\/www.buchinger-wilhelmi.com\/es\/suscribete-ahora-al-boletin-de-buchinger-wilhelmi\/\",\"url\":\"https:\/\/www.buchinger-wilhelmi.com\/es\/suscribete-ahora-al-boletin-de-buchinger-wilhelmi\/\",\"name\":\"Suscr\u00edbete ahora al bolet\u00edn de Buchinger Wilhelmi - BUCHINGER WILHELMI\",\"isPartOf\":{\"@id\":\"https:\/\/www.buchinger-wilhelmi.com\/es\/#website\"},\"datePublished\":\"2026-03-24T14:48:01+00:00\",\"dateModified\":\"2026-04-09T13:49:41+00:00\",\"breadcrumb\":{\"@id\":\"https:\/\/www.buchinger-wilhelmi.com\/es\/suscribete-ahora-al-boletin-de-buchinger-wilhelmi\/#breadcrumb\"},\"inLanguage\":\"es\",\"potentialAction\":[{\"@type\":\"ReadAction\",\"target\":[\"https:\/\/www.buchinger-wilhelmi.com\/es\/suscribete-ahora-al-boletin-de-buchinger-wilhelmi\/\"]}]},{\"@type\":\"BreadcrumbList\",\"@id\":\"https:\/\/www.buchinger-wilhelmi.com\/es\/suscribete-ahora-al-boletin-de-buchinger-wilhelmi\/#breadcrumb\",\"itemListElement\":[{\"@type\":\"ListItem\",\"position\":1,\"name\":\"Startseite\",\"item\":\"https:\/\/www.buchinger-wilhelmi.com\/es\/\"},{\"@type\":\"ListItem\",\"position\":2,\"name\":\"Suscr\u00edbete ahora al bolet\u00edn de Buchinger Wilhelmi\"}]},{\"@type\":\"WebSite\",\"@id\":\"https:\/\/www.buchinger-wilhelmi.com\/es\/#website\",\"url\":\"https:\/\/www.buchinger-wilhelmi.com\/es\/\",\"name\":\"\",\"description\":\"\",\"publisher\":{\"@id\":\"https:\/\/www.buchinger-wilhelmi.com\/es\/#organization\"},\"potentialAction\":[{\"@type\":\"SearchAction\",\"target\":{\"@type\":\"EntryPoint\",\"urlTemplate\":\"https:\/\/www.buchinger-wilhelmi.com\/es\/?s={search_term_string}\"},\"query-input\":{\"@type\":\"PropertyValueSpecification\",\"valueRequired\":true,\"valueName\":\"search_term_string\"}}],\"inLanguage\":\"es\"},{\"@type\":\"Organization\",\"@id\":\"https:\/\/www.buchinger-wilhelmi.com\/es\/#organization\",\"name\":\"Buchinger Wilhelmi Holding GmbH & Co.KG\",\"url\":\"https:\/\/www.buchinger-wilhelmi.com\/es\/\",\"logo\":{\"@type\":\"ImageObject\",\"inLanguage\":\"es\",\"@id\":\"https:\/\/www.buchinger-wilhelmi.com\/es\/#\/schema\/logo\/image\/\",\"url\":\"https:\/\/www.buchinger-wilhelmi.com\/wp-content\/uploads\/2018\/04\/BW_Logo_black.png\",\"contentUrl\":\"https:\/\/www.buchinger-wilhelmi.com\/wp-content\/uploads\/2018\/04\/BW_Logo_black.png\",\"width\":303,\"height\":76,\"caption\":\"Buchinger Wilhelmi Holding GmbH & Co.KG\"},\"image\":{\"@id\":\"https:\/\/www.buchinger-wilhelmi.com\/es\/#\/schema\/logo\/image\/\"},\"sameAs\":[\"https:\/\/www.facebook.com\/BuchingerWilhelmiMarbella\/\",\"https:\/\/www.instagram.com\/buchingerwilhelmi\/\",\"https:\/\/www.linkedin.com\/company\/buchingerwilhelmi\/\",\"https:\/\/www.pinterest.de\/buchingerwilhelmi\/\",\"https:\/\/www.youtube.com\/channel\/UC6jETvWDCI_W-VVG2AjxOfw\"]}]}<\/script>\n<!-- \/ Yoast SEO plugin. -->","yoast_head_json":{"title":"Suscr\u00edbete ahora al bolet\u00edn de Buchinger Wilhelmi - BUCHINGER WILHELMI","robots":{"index":"noindex","follow":"nofollow"},"og_locale":"es_ES","og_type":"article","og_title":"Suscr\u00edbete ahora al bolet\u00edn de Buchinger Wilhelmi - BUCHINGER WILHELMI","og_description":"[vc_row][vc_column][vc_column_text] [\/vc_column_text][\/vc_column][\/vc_row][vc_row][vc_column][vc_empty_space][\/vc_column][\/vc_row][vc_row][vc_column][vc_column_text][\/vc_column_text][\/vc_column][\/vc_row][vc_row][vc_column][vc_column_text] [\/vc_column_text][\/vc_column][\/vc_row][vc_row][vc_column][vc_empty_space][\/vc_column][\/vc_row][vc_row][vc_column][vc_column_text][\/vc_column_text][\/vc_column][\/vc_row][vc_row][vc_column][vc_column_text] [\/vc_column_text][\/vc_column][\/vc_row][vc_row][vc_column][vc_empty_space][\/vc_column][\/vc_row][vc_row full_width=\u00bbstretch_row\u00bb css=\u00bb.vc_custom_1647539057989{margin-top: 50px !important;padding-top: 60px !important;padding-bottom: 60px !important;background-color: #ecebe5 !important;}\u00bb][vc_column][vc_empty_space][vc_empty_space...","og_url":"https:\/\/www.buchinger-wilhelmi.com\/es\/suscribete-ahora-al-boletin-de-buchinger-wilhelmi\/","article_publisher":"https:\/\/www.facebook.com\/BuchingerWilhelmiMarbella\/","article_modified_time":"2026-04-09T13:49:41+00:00","twitter_card":"summary_large_image","twitter_misc":{"Tiempo de lectura":"2 minutos"},"schema":{"@context":"https:\/\/schema.org","@graph":[{"@type":"WebPage","@id":"https:\/\/www.buchinger-wilhelmi.com\/es\/suscribete-ahora-al-boletin-de-buchinger-wilhelmi\/","url":"https:\/\/www.buchinger-wilhelmi.com\/es\/suscribete-ahora-al-boletin-de-buchinger-wilhelmi\/","name":"Suscr\u00edbete ahora al bolet\u00edn de Buchinger Wilhelmi - BUCHINGER WILHELMI","isPartOf":{"@id":"https:\/\/www.buchinger-wilhelmi.com\/es\/#website"},"datePublished":"2026-03-24T14:48:01+00:00","dateModified":"2026-04-09T13:49:41+00:00","breadcrumb":{"@id":"https:\/\/www.buchinger-wilhelmi.com\/es\/suscribete-ahora-al-boletin-de-buchinger-wilhelmi\/#breadcrumb"},"inLanguage":"es","potentialAction":[{"@type":"ReadAction","target":["https:\/\/www.buchinger-wilhelmi.com\/es\/suscribete-ahora-al-boletin-de-buchinger-wilhelmi\/"]}]},{"@type":"BreadcrumbList","@id":"https:\/\/www.buchinger-wilhelmi.com\/es\/suscribete-ahora-al-boletin-de-buchinger-wilhelmi\/#breadcrumb","itemListElement":[{"@type":"ListItem","position":1,"name":"Startseite","item":"https:\/\/www.buchinger-wilhelmi.com\/es\/"},{"@type":"ListItem","position":2,"name":"Suscr\u00edbete ahora al bolet\u00edn de Buchinger Wilhelmi"}]},{"@type":"WebSite","@id":"https:\/\/www.buchinger-wilhelmi.com\/es\/#website","url":"https:\/\/www.buchinger-wilhelmi.com\/es\/","name":"","description":"","publisher":{"@id":"https:\/\/www.buchinger-wilhelmi.com\/es\/#organization"},"potentialAction":[{"@type":"SearchAction","target":{"@type":"EntryPoint","urlTemplate":"https:\/\/www.buchinger-wilhelmi.com\/es\/?s={search_term_string}"},"query-input":{"@type":"PropertyValueSpecification","valueRequired":true,"valueName":"search_term_string"}}],"inLanguage":"es"},{"@type":"Organization","@id":"https:\/\/www.buchinger-wilhelmi.com\/es\/#organization","name":"Buchinger Wilhelmi Holding GmbH & Co.KG","url":"https:\/\/www.buchinger-wilhelmi.com\/es\/","logo":{"@type":"ImageObject","inLanguage":"es","@id":"https:\/\/www.buchinger-wilhelmi.com\/es\/#\/schema\/logo\/image\/","url":"https:\/\/www.buchinger-wilhelmi.com\/wp-content\/uploads\/2018\/04\/BW_Logo_black.png","contentUrl":"https:\/\/www.buchinger-wilhelmi.com\/wp-content\/uploads\/2018\/04\/BW_Logo_black.png","width":303,"height":76,"caption":"Buchinger Wilhelmi Holding GmbH & Co.KG"},"image":{"@id":"https:\/\/www.buchinger-wilhelmi.com\/es\/#\/schema\/logo\/image\/"},"sameAs":["https:\/\/www.facebook.com\/BuchingerWilhelmiMarbella\/","https:\/\/www.instagram.com\/buchingerwilhelmi\/","https:\/\/www.linkedin.com\/company\/buchingerwilhelmi\/","https:\/\/www.pinterest.de\/buchingerwilhelmi\/","https:\/\/www.youtube.com\/channel\/UC6jETvWDCI_W-VVG2AjxOfw"]}]}},"_links":{"self":[{"href":"https:\/\/www.buchinger-wilhelmi.com\/es\/wp-json\/wp\/v2\/pages\/101061"}],"collection":[{"href":"https:\/\/www.buchinger-wilhelmi.com\/es\/wp-json\/wp\/v2\/pages"}],"about":[{"href":"https:\/\/www.buchinger-wilhelmi.com\/es\/wp-json\/wp\/v2\/types\/page"}],"author":[{"embeddable":true,"href":"https:\/\/www.buchinger-wilhelmi.com\/es\/wp-json\/wp\/v2\/users\/29"}],"replies":[{"embeddable":true,"href":"https:\/\/www.buchinger-wilhelmi.com\/es\/wp-json\/wp\/v2\/comments?post=101061"}],"version-history":[{"count":5,"href":"https:\/\/www.buchinger-wilhelmi.com\/es\/wp-json\/wp\/v2\/pages\/101061\/revisions"}],"predecessor-version":[{"id":101731,"href":"https:\/\/www.buchinger-wilhelmi.com\/es\/wp-json\/wp\/v2\/pages\/101061\/revisions\/101731"}],"wp:attachment":[{"href":"https:\/\/www.buchinger-wilhelmi.com\/es\/wp-json\/wp\/v2\/media?parent=101061"}],"curies":[{"name":"wp","href":"https:\/\/api.w.org\/{rel}","templated":true}]}}