{"id":18297,"date":"2018-06-06T14:27:24","date_gmt":"2018-06-06T12:27:24","guid":{"rendered":"https:\/\/www.buchinger-wilhelmi.com\/was-sie-mitbringen-sollten\/"},"modified":"2018-11-13T18:08:37","modified_gmt":"2018-11-13T17:08:37","slug":"was-sie-mitbringen-sollten","status":"publish","type":"page","link":"https:\/\/www.buchinger-wilhelmi.com\/es\/was-sie-mitbringen-sollten\/","title":{"rendered":"\u00bfQu\u00e9 deber\u00eda traer conmigo?\u00a0"},"content":{"rendered":"<div class=\"wpb-content-wrapper\">[vc_row equal_height=\u00bbyes\u00bb][vc_column width=\u00bb6\/12&#8243;][vc_column_text]\n<h3><b>\u00bfQu\u00e9 deber\u00eda traer conmigo?\u00a0<\/b><\/h3>\n<p>\u00bfQu\u00e9 deber\u00eda tener en cuenta al hacer mi maleta? \u00bfQu\u00e9 es lo que necesitar\u00e9 y qu\u00e9 no?<\/p>\n<p>Si usted puede elegir entre varias maletas, elija la peque\u00f1a; el lujo del ayuno consiste en que se necesita muy poco y que es el momento ideal para desembarazarse de lastres de todo tipo. Puede por lo tanto viajar ligero de equipaje, sin renunciar sin embargo a los siguientes utensilios imprescindibles:<\/p>\n<ul>\n<li>Ropa de abrigo (jerseys, calcetines, bufanda), ropa y calzado para las caminatas<\/li>\n<li>Zapatillas de deporte para el gimnasio<\/li>\n<li>Ropa para la lluvia<\/li>\n<li>Ropa deportiva y de ba\u00f1o<\/li>\n<li>Prendas c\u00f3modas para el d\u00eda a d\u00eda<\/li>\n<li>Una prenda de vestir para alguna ocasi\u00f3n especial (p.ej. festivales, teatro)<\/li>\n<li>Su diario (\u00bfque acaba de estrenar?)<\/li>\n<li>Los libros que hace tiempo ha querido leer<\/li>\n<li>Su m\u00fasica preferida y auriculares confortables<\/li>\n<li>Reloj de pulsera<\/li>\n<li>Informes m\u00e9dicos recientes y los medicamentos que le han sido prescritos en cantidades suficientes (o las recetas correspondientes de su m\u00e9dico de cabecera).<\/li>\n<\/ul>\n[\/vc_column_text][\/vc_column][vc_column width=\u00bb1\/12&#8243;][\/vc_column][vc_column width=\u00bb5\/12&#8243; css=\u00bb.vc_custom_1529668908848{background-image: url(https:\/\/www.buchinger-wilhelmi.com\/wp-content\/uploads\/2018\/05\/2.3.1.4.-Termine-Happiness-Week.jpg?id=15157) !important;background-position: center !important;background-repeat: no-repeat !important;background-size: cover !important;}\u00bb][\/vc_column][\/vc_row]\n<\/div>","protected":false},"excerpt":{"rendered":"<p>[vc_row equal_height=\u00bbyes\u00bb][vc_column width=\u00bb6\/12&#8243;][vc_column_text] \u00bfQu\u00e9 deber\u00eda traer conmigo?\u00a0 \u00bfQu\u00e9 deber\u00eda tener en cuenta al hacer&#8230;<\/p>\n","protected":false},"author":30,"featured_media":17735,"parent":0,"menu_order":0,"comment_status":"closed","ping_status":"closed","template":"","meta":{"_acf_changed":false,"_custom_body_class":"","_custom_post_class":"","_searchwp_excluded":"","inline_featured_image":false,"footnotes":""},"class_list":["post-18297","page","type-page","status-publish","has-post-thumbnail","hentry"],"acf":[],"yoast_head":"<!-- This site is optimized with the Yoast SEO plugin v23.8 - https:\/\/yoast.com\/wordpress\/plugins\/seo\/ -->\n<title>Preparando la maleta - BUCHINGER WILHELMI<\/title>\n<meta name=\"description\" content=\"Aqu\u00ed puede informarse sobre lo que debe tener en cuenta al preparar la maleta para una estancia en BUCHINGER WILHELMI.\" \/>\n<meta name=\"robots\" content=\"index, follow, max-snippet:-1, max-image-preview:large, max-video-preview:-1\" \/>\n<link rel=\"canonical\" href=\"https:\/\/www.buchinger-wilhelmi.com\/es\/was-sie-mitbringen-sollten\/\" \/>\n<meta property=\"og:locale\" content=\"es_ES\" \/>\n<meta property=\"og:type\" content=\"article\" \/>\n<meta property=\"og:title\" content=\"Preparando la maleta - BUCHINGER WILHELMI\" \/>\n<meta property=\"og:description\" content=\"Aqu\u00ed puede informarse sobre lo que debe tener en cuenta al preparar la maleta para una estancia en BUCHINGER WILHELMI.\" \/>\n<meta property=\"og:url\" content=\"https:\/\/www.buchinger-wilhelmi.com\/es\/was-sie-mitbringen-sollten\/\" \/>\n<meta property=\"article:publisher\" content=\"https:\/\/www.facebook.com\/BuchingerWilhelmiMarbella\/\" \/>\n<meta property=\"article:modified_time\" content=\"2018-11-13T17:08:37+00:00\" \/>\n<meta property=\"og:image\" content=\"https:\/\/www.buchinger-wilhelmi.com\/wp-content\/uploads\/2018\/06\/3.5.1.-Hilfe-Was-Sie-mitbringen-sollen.jpg\" \/>\n\t<meta property=\"og:image:width\" content=\"6144\" \/>\n\t<meta property=\"og:image:height\" content=\"3160\" \/>\n\t<meta property=\"og:image:type\" content=\"image\/jpeg\" \/>\n<meta name=\"twitter:card\" content=\"summary_large_image\" \/>\n<meta name=\"twitter:label1\" content=\"Tiempo de lectura\" \/>\n\t<meta name=\"twitter:data1\" content=\"1 minuto\" \/>\n<script type=\"application\/ld+json\" class=\"yoast-schema-graph\">{\"@context\":\"https:\/\/schema.org\",\"@graph\":[{\"@type\":\"WebPage\",\"@id\":\"https:\/\/www.buchinger-wilhelmi.com\/es\/was-sie-mitbringen-sollten\/\",\"url\":\"https:\/\/www.buchinger-wilhelmi.com\/es\/was-sie-mitbringen-sollten\/\",\"name\":\"Preparando la maleta - BUCHINGER WILHELMI\",\"isPartOf\":{\"@id\":\"https:\/\/www.buchinger-wilhelmi.com\/es\/#website\"},\"primaryImageOfPage\":{\"@id\":\"https:\/\/www.buchinger-wilhelmi.com\/es\/was-sie-mitbringen-sollten\/#primaryimage\"},\"image\":{\"@id\":\"https:\/\/www.buchinger-wilhelmi.com\/es\/was-sie-mitbringen-sollten\/#primaryimage\"},\"thumbnailUrl\":\"https:\/\/www.buchinger-wilhelmi.com\/wp-content\/uploads\/2018\/06\/3.5.1.-Hilfe-Was-Sie-mitbringen-sollen.jpg\",\"datePublished\":\"2018-06-06T12:27:24+00:00\",\"dateModified\":\"2018-11-13T17:08:37+00:00\",\"description\":\"Aqu\u00ed puede informarse sobre lo que debe tener en cuenta al preparar la maleta para una estancia en BUCHINGER WILHELMI.\",\"breadcrumb\":{\"@id\":\"https:\/\/www.buchinger-wilhelmi.com\/es\/was-sie-mitbringen-sollten\/#breadcrumb\"},\"inLanguage\":\"es\",\"potentialAction\":[{\"@type\":\"ReadAction\",\"target\":[\"https:\/\/www.buchinger-wilhelmi.com\/es\/was-sie-mitbringen-sollten\/\"]}]},{\"@type\":\"ImageObject\",\"inLanguage\":\"es\",\"@id\":\"https:\/\/www.buchinger-wilhelmi.com\/es\/was-sie-mitbringen-sollten\/#primaryimage\",\"url\":\"https:\/\/www.buchinger-wilhelmi.com\/wp-content\/uploads\/2018\/06\/3.5.1.-Hilfe-Was-Sie-mitbringen-sollen.jpg\",\"contentUrl\":\"https:\/\/www.buchinger-wilhelmi.com\/wp-content\/uploads\/2018\/06\/3.5.1.-Hilfe-Was-Sie-mitbringen-sollen.jpg\",\"width\":6144,\"height\":3160,\"caption\":\"Buchinger Wilhelmi, Fasten, Heilfasten, Fasting, Health, Medicina integrativa, ayuno, salud, Integrative Medicine, Balcony, Marbella, Andalusien, Was Sie mitbringen sollen, balc\u00f3n, ella tuvo que traer\"},{\"@type\":\"BreadcrumbList\",\"@id\":\"https:\/\/www.buchinger-wilhelmi.com\/es\/was-sie-mitbringen-sollten\/#breadcrumb\",\"itemListElement\":[{\"@type\":\"ListItem\",\"position\":1,\"name\":\"Startseite\",\"item\":\"https:\/\/www.buchinger-wilhelmi.com\/es\/\"},{\"@type\":\"ListItem\",\"position\":2,\"name\":\"\u00bfQu\u00e9 deber\u00eda traer conmigo?\u00a0\"}]},{\"@type\":\"WebSite\",\"@id\":\"https:\/\/www.buchinger-wilhelmi.com\/es\/#website\",\"url\":\"https:\/\/www.buchinger-wilhelmi.com\/es\/\",\"name\":\"\",\"description\":\"\",\"publisher\":{\"@id\":\"https:\/\/www.buchinger-wilhelmi.com\/es\/#organization\"},\"potentialAction\":[{\"@type\":\"SearchAction\",\"target\":{\"@type\":\"EntryPoint\",\"urlTemplate\":\"https:\/\/www.buchinger-wilhelmi.com\/es\/?s={search_term_string}\"},\"query-input\":{\"@type\":\"PropertyValueSpecification\",\"valueRequired\":true,\"valueName\":\"search_term_string\"}}],\"inLanguage\":\"es\"},{\"@type\":\"Organization\",\"@id\":\"https:\/\/www.buchinger-wilhelmi.com\/es\/#organization\",\"name\":\"Buchinger Wilhelmi Holding GmbH & Co.KG\",\"url\":\"https:\/\/www.buchinger-wilhelmi.com\/es\/\",\"logo\":{\"@type\":\"ImageObject\",\"inLanguage\":\"es\",\"@id\":\"https:\/\/www.buchinger-wilhelmi.com\/es\/#\/schema\/logo\/image\/\",\"url\":\"https:\/\/www.buchinger-wilhelmi.com\/wp-content\/uploads\/2018\/04\/BW_Logo_black.png\",\"contentUrl\":\"https:\/\/www.buchinger-wilhelmi.com\/wp-content\/uploads\/2018\/04\/BW_Logo_black.png\",\"width\":303,\"height\":76,\"caption\":\"Buchinger Wilhelmi Holding GmbH & Co.KG\"},\"image\":{\"@id\":\"https:\/\/www.buchinger-wilhelmi.com\/es\/#\/schema\/logo\/image\/\"},\"sameAs\":[\"https:\/\/www.facebook.com\/BuchingerWilhelmiMarbella\/\",\"https:\/\/www.instagram.com\/buchingerwilhelmi\/\",\"https:\/\/www.linkedin.com\/company\/buchingerwilhelmi\/\",\"https:\/\/www.pinterest.de\/buchingerwilhelmi\/\",\"https:\/\/www.youtube.com\/channel\/UC6jETvWDCI_W-VVG2AjxOfw\"]}]}<\/script>\n<!-- \/ Yoast SEO plugin. -->","yoast_head_json":{"title":"Preparando la maleta - BUCHINGER WILHELMI","description":"Aqu\u00ed puede informarse sobre lo que debe tener en cuenta al preparar la maleta para una estancia en BUCHINGER WILHELMI.","robots":{"index":"index","follow":"follow","max-snippet":"max-snippet:-1","max-image-preview":"max-image-preview:large","max-video-preview":"max-video-preview:-1"},"canonical":"https:\/\/www.buchinger-wilhelmi.com\/es\/was-sie-mitbringen-sollten\/","og_locale":"es_ES","og_type":"article","og_title":"Preparando la maleta - BUCHINGER WILHELMI","og_description":"Aqu\u00ed puede informarse sobre lo que debe tener en cuenta al preparar la maleta para una estancia en BUCHINGER WILHELMI.","og_url":"https:\/\/www.buchinger-wilhelmi.com\/es\/was-sie-mitbringen-sollten\/","article_publisher":"https:\/\/www.facebook.com\/BuchingerWilhelmiMarbella\/","article_modified_time":"2018-11-13T17:08:37+00:00","og_image":[{"width":6144,"height":3160,"url":"https:\/\/www.buchinger-wilhelmi.com\/wp-content\/uploads\/2018\/06\/3.5.1.-Hilfe-Was-Sie-mitbringen-sollen.jpg","type":"image\/jpeg"}],"twitter_card":"summary_large_image","twitter_misc":{"Tiempo de lectura":"1 minuto"},"schema":{"@context":"https:\/\/schema.org","@graph":[{"@type":"WebPage","@id":"https:\/\/www.buchinger-wilhelmi.com\/es\/was-sie-mitbringen-sollten\/","url":"https:\/\/www.buchinger-wilhelmi.com\/es\/was-sie-mitbringen-sollten\/","name":"Preparando la maleta - BUCHINGER WILHELMI","isPartOf":{"@id":"https:\/\/www.buchinger-wilhelmi.com\/es\/#website"},"primaryImageOfPage":{"@id":"https:\/\/www.buchinger-wilhelmi.com\/es\/was-sie-mitbringen-sollten\/#primaryimage"},"image":{"@id":"https:\/\/www.buchinger-wilhelmi.com\/es\/was-sie-mitbringen-sollten\/#primaryimage"},"thumbnailUrl":"https:\/\/www.buchinger-wilhelmi.com\/wp-content\/uploads\/2018\/06\/3.5.1.-Hilfe-Was-Sie-mitbringen-sollen.jpg","datePublished":"2018-06-06T12:27:24+00:00","dateModified":"2018-11-13T17:08:37+00:00","description":"Aqu\u00ed puede informarse sobre lo que debe tener en cuenta al preparar la maleta para una estancia en BUCHINGER WILHELMI.","breadcrumb":{"@id":"https:\/\/www.buchinger-wilhelmi.com\/es\/was-sie-mitbringen-sollten\/#breadcrumb"},"inLanguage":"es","potentialAction":[{"@type":"ReadAction","target":["https:\/\/www.buchinger-wilhelmi.com\/es\/was-sie-mitbringen-sollten\/"]}]},{"@type":"ImageObject","inLanguage":"es","@id":"https:\/\/www.buchinger-wilhelmi.com\/es\/was-sie-mitbringen-sollten\/#primaryimage","url":"https:\/\/www.buchinger-wilhelmi.com\/wp-content\/uploads\/2018\/06\/3.5.1.-Hilfe-Was-Sie-mitbringen-sollen.jpg","contentUrl":"https:\/\/www.buchinger-wilhelmi.com\/wp-content\/uploads\/2018\/06\/3.5.1.-Hilfe-Was-Sie-mitbringen-sollen.jpg","width":6144,"height":3160,"caption":"Buchinger Wilhelmi, Fasten, Heilfasten, Fasting, Health, Medicina integrativa, ayuno, salud, Integrative Medicine, Balcony, Marbella, Andalusien, Was Sie mitbringen sollen, balc\u00f3n, ella tuvo que traer"},{"@type":"BreadcrumbList","@id":"https:\/\/www.buchinger-wilhelmi.com\/es\/was-sie-mitbringen-sollten\/#breadcrumb","itemListElement":[{"@type":"ListItem","position":1,"name":"Startseite","item":"https:\/\/www.buchinger-wilhelmi.com\/es\/"},{"@type":"ListItem","position":2,"name":"\u00bfQu\u00e9 deber\u00eda traer conmigo?\u00a0"}]},{"@type":"WebSite","@id":"https:\/\/www.buchinger-wilhelmi.com\/es\/#website","url":"https:\/\/www.buchinger-wilhelmi.com\/es\/","name":"","description":"","publisher":{"@id":"https:\/\/www.buchinger-wilhelmi.com\/es\/#organization"},"potentialAction":[{"@type":"SearchAction","target":{"@type":"EntryPoint","urlTemplate":"https:\/\/www.buchinger-wilhelmi.com\/es\/?s={search_term_string}"},"query-input":{"@type":"PropertyValueSpecification","valueRequired":true,"valueName":"search_term_string"}}],"inLanguage":"es"},{"@type":"Organization","@id":"https:\/\/www.buchinger-wilhelmi.com\/es\/#organization","name":"Buchinger Wilhelmi Holding GmbH & Co.KG","url":"https:\/\/www.buchinger-wilhelmi.com\/es\/","logo":{"@type":"ImageObject","inLanguage":"es","@id":"https:\/\/www.buchinger-wilhelmi.com\/es\/#\/schema\/logo\/image\/","url":"https:\/\/www.buchinger-wilhelmi.com\/wp-content\/uploads\/2018\/04\/BW_Logo_black.png","contentUrl":"https:\/\/www.buchinger-wilhelmi.com\/wp-content\/uploads\/2018\/04\/BW_Logo_black.png","width":303,"height":76,"caption":"Buchinger Wilhelmi Holding GmbH & Co.KG"},"image":{"@id":"https:\/\/www.buchinger-wilhelmi.com\/es\/#\/schema\/logo\/image\/"},"sameAs":["https:\/\/www.facebook.com\/BuchingerWilhelmiMarbella\/","https:\/\/www.instagram.com\/buchingerwilhelmi\/","https:\/\/www.linkedin.com\/company\/buchingerwilhelmi\/","https:\/\/www.pinterest.de\/buchingerwilhelmi\/","https:\/\/www.youtube.com\/channel\/UC6jETvWDCI_W-VVG2AjxOfw"]}]}},"_links":{"self":[{"href":"https:\/\/www.buchinger-wilhelmi.com\/es\/wp-json\/wp\/v2\/pages\/18297"}],"collection":[{"href":"https:\/\/www.buchinger-wilhelmi.com\/es\/wp-json\/wp\/v2\/pages"}],"about":[{"href":"https:\/\/www.buchinger-wilhelmi.com\/es\/wp-json\/wp\/v2\/types\/page"}],"author":[{"embeddable":true,"href":"https:\/\/www.buchinger-wilhelmi.com\/es\/wp-json\/wp\/v2\/users\/30"}],"replies":[{"embeddable":true,"href":"https:\/\/www.buchinger-wilhelmi.com\/es\/wp-json\/wp\/v2\/comments?post=18297"}],"version-history":[{"count":3,"href":"https:\/\/www.buchinger-wilhelmi.com\/es\/wp-json\/wp\/v2\/pages\/18297\/revisions"}],"predecessor-version":[{"id":20330,"href":"https:\/\/www.buchinger-wilhelmi.com\/es\/wp-json\/wp\/v2\/pages\/18297\/revisions\/20330"}],"wp:featuredmedia":[{"embeddable":true,"href":"https:\/\/www.buchinger-wilhelmi.com\/es\/wp-json\/wp\/v2\/media\/17735"}],"wp:attachment":[{"href":"https:\/\/www.buchinger-wilhelmi.com\/es\/wp-json\/wp\/v2\/media?parent=18297"}],"curies":[{"name":"wp","href":"https:\/\/api.w.org\/{rel}","templated":true}]}}