{"id":18300,"date":"2018-06-04T12:18:44","date_gmt":"2018-06-04T10:18:44","guid":{"rendered":"https:\/\/www.buchinger-wilhelmi.com\/agb-und-klinikordnung-marbella\/"},"modified":"2024-11-29T09:42:05","modified_gmt":"2024-11-29T08:42:05","slug":"agb-und-klinikordnung-marbella","status":"publish","type":"page","link":"https:\/\/www.buchinger-wilhelmi.com\/es\/agb-und-klinikordnung-marbella\/","title":{"rendered":"Condiciones generales y Reglamento de la casa \u2013 Marbella"},"content":{"rendered":"<div class=\"wpb-content-wrapper\">[vc_row][vc_column][vc_column_text css=\u00bb\u00bb]\n<h2><b>Condiciones generales <\/b><\/h2>\n<p>&nbsp;<\/p>\n<p class=\"p1\"><b>I.\u00a0<\/b><b>Servicios \/ Precios<\/b><\/p>\n<p class=\"p1\">1. El ingreso en Buchinger Wilhelmi supone el conocimiento y la aceptaci\u00f3n de los precios y normas de la cl\u00ednica por parte del paciente.<\/p>\n<p class=\"p1\">2. El IVA est\u00e1 incluido en todos los precios. Los servicios m\u00e9dicos, prescritos por nuestros facultativos, est\u00e1n exentos de IVA.<\/p>\n<p class=\"p1\">3. Buchinger Wilhelmi se reserva el derecho a modificar los precios y se compromete a su previa publicaci\u00f3n. Todos los precios anteriores a esta lista quedan anulados.<\/p>\n<p class=\"p1\">4. Los precios no incluyen medicamentos.<\/p>\n<p>&nbsp;<\/p>\n<p><b>II. Contrataci\u00f3n \/ Anulaci\u00f3n \/ Cambio de fecha<br \/>\n<\/b><\/p>\n<p>1. a)<strong> Para realizar una reserva se requiere un pago anticipado de 2.000 \u20ac por persona y la entrega del formulario de reserva debidamente cumplimentado. Para reservas de m\u00e1s de 4 semanas, se aplicar\u00e1 un incremento de 500 \u20ac por semana del valor anteriormente mencionado. En el caso de reservar una Suite \u00c1tico, el pago anticipado es de 4.000 \u20ac por persona. <\/strong>El pago se puede efectuar mediante la indicaci\u00f3n de los datos de una tarjeta de cr\u00e9dito v\u00e1lida a trav\u00e9s del link que le enviaremos desde el Departamento de Reservas.<\/p>\n<p>b) <strong>Al realizar el check-in el paciente se compromete a abonar el 100 % del precio de su estancia en los primeros 3 d\u00edas.<\/strong><\/p>\n<p>c) La factura deber\u00e1 abonarse como muy tarde el d\u00eda antes de la salida con los servicios extras.<\/p>\n<p><strong>2.\u00a0 <\/strong><strong>a) La reserva podr\u00e1 anularse exclusivamente por escrito con la devoluci\u00f3n del pago anticipado \u00edntegro hasta 31 d\u00edas antes de la fecha de llegada. <\/strong><\/p>\n<p><strong>b) Si cancela o cambia de fecha con posterioridad, se facturar\u00e1n del pago anticipado:<br \/>\nDe 31\u201314 d\u00edas <\/strong>antes de la llegada <strong>= 50 % del pago anticipado<br \/>\nDe 14\u20137 d\u00edas <\/strong>antes de la llegada = <strong>75 % del pago anticipado<br \/>\nMenos de 7<\/strong> d\u00edas antes de la llegada = <strong>100 % del pago anticipado<br \/>\n<\/strong><\/p>\n<p>c) En caso de reservar a corto plazo, m\u00e1ximo 7 d\u00edas antes de la llegada, solamente podr\u00e1 anularse por escrito y con la devoluci\u00f3n del pago anticipado \u00edntegro hasta pasado un d\u00eda despu\u00e9s de la confirmaci\u00f3n de la reserva. Si se cancela con posterioridad, se facturar\u00e1 el pago \u00edntegro.<\/p>\n<p><strong>3. Cambios de \u00faltima hora:<br \/>\na) Si usted retrasa la fecha de llegada con una antelaci\u00f3n inferior de 7 d\u00edas de su llegada prevista, se facturar\u00e1n 2 d\u00edas de penalizaci\u00f3n.<br \/>\nb) Si usted adelanta la fecha de salida con una antelaci\u00f3n inferior de 7 d\u00edas de su nueva fecha de salida prevista, se facturar\u00e1n 2 d\u00edas de penalizaci\u00f3n.<\/strong><\/p>\n<p><strong>4. Nos reservamos el derecho de aplicar el precio indicado en la lista de precios en vigor para su estancia, en caso de no corresponder con el precio comunicado en la confirmaci\u00f3n de la reserva.<\/strong><\/p>\n<p>5. La con\ufb01rmaci\u00f3n de la reserva garantiza al paciente la admisi\u00f3n en Buchinger Wilhelmi antes de su llegada. La decisi\u00f3n sobre la terapia de\ufb01nitiva corresponde al reconoci-miento m\u00e9dico inicial. En caso de duda le rogamos se ponga en contacto con la Direcci\u00f3n M\u00e9dica.<\/p>\n<p>6. Las personas con estancias de menos de 5 noches se consideran visitas alojadas y tendr\u00e1n una tarifa que no incluye el reconocimiento m\u00e9dico. Las personas con <strong>estancias de 5 noches<\/strong> o m\u00e1s ser\u00e1n consideradas <strong>pacientes<\/strong> y se les aplicar\u00e1n las tarifas generales, dada la obligatorie-dad de recibir el reconocimiento m\u00e9dico.<\/p>\n<p>7.<strong> Las citas individuales<\/strong> deber\u00e1n ser canceladas <strong>a m\u00e1s tardar el d\u00eda anterior a la cita<\/strong> (de lunes a viernes hasta las 15:00 h., \ufb01nes de semana y festivos hasta las 13:30 h.) en la o\ufb01cina de Plani\ufb01caci\u00f3n; en caso contrario ser\u00e1n facturadas.<\/p>\n<p>8. No se reembolsar\u00e1 el importe de dietas o tratamientos que no se hayan consumido o utilizado.<\/p>\n<p>9. Con el prop\u00f3sito de garantizar la realizaci\u00f3n adecuada de una terapia curativa en nuestra casa, la cl\u00ednica se reserva el derecho a contratar un int\u00e9rprete por cuenta del paciente en caso de que el m\u00e9dico que le asiste o la Direcci\u00f3n de la cl\u00ednica determinen que existe esa necesidad.<\/p>\n<p>10. En los casos en que el paciente exprese su deseo de ser atendido preferentemente por un hombre o por una mujer, haremos cuanto est\u00e9 en nuestra mano por satisfacer su petici\u00f3n, pero no garantizamos que ello sea posible siempre.<\/p>\n<p>11. Para tratamientos, consultas y clases de cocina que requiren m\u00e1s tiempo, las tarifas se incrementar\u00e1n en proporci\u00f3n.<\/p>\n<p>12. Le rogamos tenga en cuenta que si su reserva coincidiera con el comienzo del nuevo a\u00f1o, los precios podr\u00edan cambiar.<\/p>\n<p>&nbsp;<\/p>\n<p class=\"p1\"><b>III. Llegadas \/ Salidas<\/b><\/p>\n<p>1. El paciente recibir\u00e1 una habitaci\u00f3n en la categor\u00eda reservada. Por razones de organizaci\u00f3n no podemos garantizarle un n\u00famero de habitaci\u00f3n concreto.<\/p>\n<p>2. Los d\u00edas de llegada y de salida se computar\u00e1n como un \u00fanico d\u00eda a efectos de facturaci\u00f3n. La habitaci\u00f3n estar\u00e1 disponible el d\u00eda de entrada en la cl\u00ednica a partir de las 16.00 h. Deber\u00e1 desocupar la habitaci\u00f3n el <b>\u00faltimo d\u00eda de estancia antes de las 12.00 h.<\/b><\/p>\n<p>3. Los cambios de fecha y la prolongaci\u00f3n de la estancia ser\u00e1n posibles previo acuerdo con el departamento de Reservas y condicionados a la disponibilidad de habitaciones.<\/p>\n<p>&nbsp;<\/p>\n<p class=\"p3\"><b>IV.\u00a0<\/b><b>Objetos tra\u00eddos consigo \/ Responsabilidad civil <\/b><\/p>\n<p class=\"p3\">1. Todas las habitaciones disponen de caja fuerte con un seguro que cubre el contenido hasta un valor de 3.000 \u20ac.<\/p>\n<p class=\"p3\">2. Quedan fuera de cobertura los veh\u00edculos estacionados en nuestro aparcamiento y su contenido, as\u00ed como objetos o pertenencias personales dejadas en dep\u00f3sito.<\/p>\n<p>&nbsp;<\/p>\n<p class=\"p3\"><b>V. Formas de pago<\/b><\/p>\n<p><strong>Tarjeta de cr\u00e9dito<br \/>\n<\/strong> (American Express, Mastercard, Visa)<\/p>\n<p>Transferencia bancaria:<br \/>\nLe rogamos envie el <strong>justificante<\/strong> a<br \/>\n<a href=\"mailto:reservas@buchinger-wilhelmi.es\" target=\"_blank\" rel=\"noopener noreferrer\">reservas@buchinger-wilhelmi.es<\/a><\/p>\n<p><strong>Bankinter<\/strong><br \/>\nIBAN: ES 06 0128 7727 60 01 02363323<br \/>\nSWIFT CODE (BIC): BKBKESMM Bankinter \/ Marbella<br \/>\nCta. 0128 \/ 7727 \/ 60 \/ 0102363323<\/p>\n<p>En efectivo<br \/>\nResidentes en Espa\u00f1a:<br \/>\ns\u00f3lo facturas inferiores a 1.000 \u20ac<br \/>\nResidentes en el extranjero:<br \/>\nsolo facturas inferiores a 10.000 \u20ac<\/p>\n<p>&nbsp;<\/p>\n<p><strong>VI. Objetos transportados\/responsabilidad<\/strong><\/p>\n<ol>\n<li>Buchinger Wilhelmi no asume responsabilidad alguna por los objetos que se lleven consigo, en particular joyas, documentos y dinero en efectivo. Buchinger Wilhelmi recomienda a los hu\u00e9spedes que utilicen el caja fuerte en la habitaci\u00f3n.<\/li>\n<li>En Buchinger Wilhelmi est\u00e1 terminantemente prohibido fumar y consumir alcohol en todo el recinto de la cl\u00ednica, en los paseos y en las habitaciones de los pacientes.<br \/>\nTambi\u00e9n est\u00e1 prohibido el uso de cigarrillos electr\u00f3nicos y similares. Hay una zona para fumadores en el aparcamiento<\/li>\n<\/ol>\n<p>&nbsp;<\/p>\n<p><strong>VII. Disposiciones finales<\/strong><\/p>\n<ol>\n<li>El lugar de pago y cumplimiento es Marbella, M\u00e1laga.<\/li>\n<li>El lugar de jurisdicci\u00f3n es Marbella, M\u00e1laga.<\/li>\n<li>Se aplicar\u00e1 el derecho del Reino de Espa\u00f1a.<\/li>\n<\/ol>\n<p>&nbsp;<\/p>\n<h2><b>Reglamento de la casa Marbella<\/b><\/h2>\n<p><b>Le agradecemos que lea detenidamente las condiciones para una estancia en Buchinger Wilhelmi. Con la confirmaci\u00f3n de su reserva entendemos que acepta nuestras reglas. Es imprescindible que firme su conformidad a su llegada.<\/b><\/p>\n<p>1. Desde el punto de vista m\u00e9dico, es preciso respetar determinados per\u00edodos de reposo durante el ayuno. Con vistas a garantizar el descanso de los pacientes durante la siesta y la noche, le rogamos que dentro de los horarios de 13:30 \u2013 15:15 h. y de 22:00 \u2013 08:00 h. muestre consideraci\u00f3n (al hablar por tel\u00e9fono, cerrar las puertas, utilizar la ducha&#8230;). A las 24:00 h., se cerrar\u00e1n las puertas exteriores. El servicio de seguridad le permitir\u00e1 acceder a pie hasta las 02:00 h.<\/p>\n<p>2. No se permite hablar por tel\u00e9fono m\u00f3vil en todo el \u00e1mbito de la cl\u00ednica, salvo en su propia habitaci\u00f3n y con las ventanas cerradas (para no molestar a sus vecinos), y tampoco est\u00e1 permitido durante las excursiones o las caminatas. El uso de smartphones no se admite en el comedor, el sal\u00f3n y el \u00e1rea de terapias.<\/p>\n<p>3. Como es posible que la capacidad de reacci\u00f3n resulte afectada en algunos casos durante el ayuno terap\u00e9utico, determinadas actividades (nadar en aguas no acotadas, montar a caballo, conducir veh\u00edculos&#8230;) se podr\u00e1n realizar s\u00f3lo bajo ciertas condiciones. Por eso, deber\u00eda practicarlas \u00fanicamente previa consulta al m\u00e9dico que le trata.<\/p>\n<p>4. No est\u00e1 permitido pernoctar fuera de la cl\u00ednica sin previo consentimiento del m\u00e9dico o de la enfermera jefe. En caso contrario, la cl\u00ednica quedar\u00e1 autorizada a interrumpir la terapia. Cualquier gasto que derive de esta situaci\u00f3n quedar\u00e1 a cargo del paciente.<\/p>\n<p>5. La edad m\u00ednima para un tratamiento en Buchinger Wilhelmi es de 18 a\u00f1os. En casos excepcionales se permitir\u00e1 un tratamiento a partir de 16 a\u00f1os, siempre y cuando el menor est\u00e9 acompa\u00f1ado por uno de sus padres o un tutor legal y previo consentimiento de la Direcci\u00f3n y los m\u00e9dicos.<\/p>\n<p>6. En nuestra casa existe una prohibici\u00f3n estricta respecto al consumo de alcohol, de tabaco y de alimentos fuera del plan diet\u00e9tico tanto dentro del \u00e1mbito general de la cl\u00ednica como tambi\u00e9n durante las caminatas y en las habitaciones de los pacientes.<\/p>\n<p>7. En Buchinger Wilhelmi no se admite la ocultaci\u00f3n del rostro bajo ning\u00fan tipo de concepto. La identificaci\u00f3n y el examen m\u00e9dico completo son requisitos imprescindibles. En las \u00e1reas de ba\u00f1o y piscina s\u00f3lo est\u00e1 permitido el uso de ba\u00f1adores con material de secado r\u00e1pido, como Spandex o Lycra.<\/p>\n<p>Asimismo, les rogamos que no acudan al comedor en albornoz ni a la hora del almuerzo ni de la cena.<\/p>\n<p>8. El horario de piscina es de 09:30 h. hasta la puesta del sol. La piscina est\u00e1 bajo la vigilancia de un socorrista seg\u00fan los horarios establecidos de invierno y verano. El paciente asume su responsabilidad tanto en el uso de la piscina fuera de ese horario como en el uso de la Sauna en todo momento.<\/p>\n<p>9. Durante el ayuno, nuestro sentido del olfato se vuelve extremadamente sensible: los perfumes artificiales (todos se componen hoy d\u00eda de mol\u00e9culas sint\u00e9ticas procedentes del aparato digestivo) pueden molestar en extremo a otros ayunantes. Incluso los perfumes que suelen agradarnos tanto. Por eso, le rogamos que prescinda en lo posible de perfumes durante su estancia en las salas comunes y de gimnasia, as\u00ed como durante las caminatas.<\/p>\n<p>10. No se permite traer consigo animales.<\/p>\n<p>11. La asistencia durante excursiones y paseos s\u00f3lo podr\u00e1 garantizarse para aquellos pacientes que permanezcan junto al grupo y al personal acompa\u00f1ante.<\/p>\n<p>12. Las personas con movilidad reducida o que utilizan sillas de ruedas deben considerar que los caminos en el jard\u00edn y las instalaciones pueden no estar del todo adaptadas a sus necesidades.<\/p>\n<p>13. No est\u00e1n permitidas las prestaciones de servicios externos dentro de la cl\u00ednica, tampoco en la propia habitaci\u00f3n.<\/p>\n<p>14. No est\u00e1 permitido hacer fotos ni grabar videos en los que aparezcan otras peronas que no han dado su consentimiento.<\/p>\n<p>15. Las visitas externas podr\u00e1n permanecer en la cl\u00ednica entre las 09:00 y las 22:00 h.<\/p>\n<p>16. El cumplimiento de las normas y los deberes recogidos en el reglamento de la cl\u00ednica tiene una importancia decisiva para que el tratamiento en Buchinger Wilhelmi sea exitoso. Esto se aplica tambi\u00e9n a las instrucciones de los colaboradores m\u00e9dicos, auxiliares y directivos.<\/p>\n<p>17. Si se infringe repetidas veces este reglamento de la casa o no se siguen las instrucciones correspondientes, la Direcci\u00f3n de la cl\u00ednica se reserva el derecho a interrumpir el tratamiento. El paciente habr\u00e1 de asumir los gastos.[\/vc_column_text][\/vc_column][\/vc_row]\n<\/div>","protected":false},"excerpt":{"rendered":"<p>Condiciones generales y Reglamento de la casa \u2013 Marbella<\/p>\n","protected":false},"author":30,"featured_media":17795,"parent":0,"menu_order":0,"comment_status":"closed","ping_status":"closed","template":"","meta":{"_acf_changed":false,"_custom_body_class":"","_custom_post_class":"","_searchwp_excluded":"","inline_featured_image":false,"footnotes":""},"class_list":["post-18300","page","type-page","status-publish","has-post-thumbnail","hentry"],"acf":[],"yoast_head":"<!-- This site is optimized with the Yoast SEO plugin v23.8 - https:\/\/yoast.com\/wordpress\/plugins\/seo\/ -->\n<title>CGC y Reglamento de la Casa - BUCHINGER WILHELMI Marbella<\/title>\n<meta name=\"description\" content=\"Aqu\u00ed encontrar\u00e1 las Condiciones Generales y el Reglamento de la Casa de la Cl\u00ednica BUCHINGER WILHELMI Marbella.\" \/>\n<meta name=\"robots\" content=\"index, follow, max-snippet:-1, max-image-preview:large, max-video-preview:-1\" \/>\n<link rel=\"canonical\" href=\"https:\/\/www.buchinger-wilhelmi.com\/es\/agb-und-klinikordnung-marbella\/\" \/>\n<meta property=\"og:locale\" content=\"es_ES\" \/>\n<meta property=\"og:type\" content=\"article\" \/>\n<meta property=\"og:title\" content=\"CGC y Reglamento de la Casa - BUCHINGER WILHELMI Marbella\" \/>\n<meta property=\"og:description\" content=\"Aqu\u00ed encontrar\u00e1 las Condiciones Generales y el Reglamento de la Casa de la Cl\u00ednica BUCHINGER WILHELMI Marbella.\" \/>\n<meta property=\"og:url\" content=\"https:\/\/www.buchinger-wilhelmi.com\/es\/agb-und-klinikordnung-marbella\/\" \/>\n<meta property=\"article:publisher\" content=\"https:\/\/www.facebook.com\/BuchingerWilhelmiMarbella\/\" \/>\n<meta property=\"article:modified_time\" content=\"2024-11-29T08:42:05+00:00\" \/>\n<meta property=\"og:image\" content=\"https:\/\/www.buchinger-wilhelmi.com\/wp-content\/uploads\/2018\/06\/3.7.1.AGB-und-Klinikordnung-Marbella-Headerbild.jpg\" \/>\n\t<meta property=\"og:image:width\" content=\"2440\" \/>\n\t<meta property=\"og:image:height\" content=\"1627\" \/>\n\t<meta property=\"og:image:type\" content=\"image\/jpeg\" \/>\n<meta name=\"twitter:card\" content=\"summary_large_image\" \/>\n<meta name=\"twitter:label1\" content=\"Tiempo de lectura\" \/>\n\t<meta name=\"twitter:data1\" content=\"11 minutos\" \/>\n<script type=\"application\/ld+json\" class=\"yoast-schema-graph\">{\"@context\":\"https:\/\/schema.org\",\"@graph\":[{\"@type\":\"WebPage\",\"@id\":\"https:\/\/www.buchinger-wilhelmi.com\/es\/agb-und-klinikordnung-marbella\/\",\"url\":\"https:\/\/www.buchinger-wilhelmi.com\/es\/agb-und-klinikordnung-marbella\/\",\"name\":\"CGC y Reglamento de la Casa - BUCHINGER WILHELMI Marbella\",\"isPartOf\":{\"@id\":\"https:\/\/www.buchinger-wilhelmi.com\/es\/#website\"},\"primaryImageOfPage\":{\"@id\":\"https:\/\/www.buchinger-wilhelmi.com\/es\/agb-und-klinikordnung-marbella\/#primaryimage\"},\"image\":{\"@id\":\"https:\/\/www.buchinger-wilhelmi.com\/es\/agb-und-klinikordnung-marbella\/#primaryimage\"},\"thumbnailUrl\":\"https:\/\/www.buchinger-wilhelmi.com\/wp-content\/uploads\/2018\/06\/3.7.1.AGB-und-Klinikordnung-Marbella-Headerbild.jpg\",\"datePublished\":\"2018-06-04T10:18:44+00:00\",\"dateModified\":\"2024-11-29T08:42:05+00:00\",\"description\":\"Aqu\u00ed encontrar\u00e1 las Condiciones Generales y el Reglamento de la Casa de la Cl\u00ednica BUCHINGER WILHELMI Marbella.\",\"breadcrumb\":{\"@id\":\"https:\/\/www.buchinger-wilhelmi.com\/es\/agb-und-klinikordnung-marbella\/#breadcrumb\"},\"inLanguage\":\"es\",\"potentialAction\":[{\"@type\":\"ReadAction\",\"target\":[\"https:\/\/www.buchinger-wilhelmi.com\/es\/agb-und-klinikordnung-marbella\/\"]}]},{\"@type\":\"ImageObject\",\"inLanguage\":\"es\",\"@id\":\"https:\/\/www.buchinger-wilhelmi.com\/es\/agb-und-klinikordnung-marbella\/#primaryimage\",\"url\":\"https:\/\/www.buchinger-wilhelmi.com\/wp-content\/uploads\/2018\/06\/3.7.1.AGB-und-Klinikordnung-Marbella-Headerbild.jpg\",\"contentUrl\":\"https:\/\/www.buchinger-wilhelmi.com\/wp-content\/uploads\/2018\/06\/3.7.1.AGB-und-Klinikordnung-Marbella-Headerbild.jpg\",\"width\":2440,\"height\":1627,\"caption\":\"Buchinger Wilhelmi, Fasten, Heilfasten, Fasting, Health, Medicina integrativa, ayuno, salud, Integrative Medicine, AGB, Marbella,\"},{\"@type\":\"BreadcrumbList\",\"@id\":\"https:\/\/www.buchinger-wilhelmi.com\/es\/agb-und-klinikordnung-marbella\/#breadcrumb\",\"itemListElement\":[{\"@type\":\"ListItem\",\"position\":1,\"name\":\"Startseite\",\"item\":\"https:\/\/www.buchinger-wilhelmi.com\/es\/\"},{\"@type\":\"ListItem\",\"position\":2,\"name\":\"Condiciones generales y Reglamento de la casa \u2013 Marbella\"}]},{\"@type\":\"WebSite\",\"@id\":\"https:\/\/www.buchinger-wilhelmi.com\/es\/#website\",\"url\":\"https:\/\/www.buchinger-wilhelmi.com\/es\/\",\"name\":\"\",\"description\":\"\",\"publisher\":{\"@id\":\"https:\/\/www.buchinger-wilhelmi.com\/es\/#organization\"},\"potentialAction\":[{\"@type\":\"SearchAction\",\"target\":{\"@type\":\"EntryPoint\",\"urlTemplate\":\"https:\/\/www.buchinger-wilhelmi.com\/es\/?s={search_term_string}\"},\"query-input\":{\"@type\":\"PropertyValueSpecification\",\"valueRequired\":true,\"valueName\":\"search_term_string\"}}],\"inLanguage\":\"es\"},{\"@type\":\"Organization\",\"@id\":\"https:\/\/www.buchinger-wilhelmi.com\/es\/#organization\",\"name\":\"Buchinger Wilhelmi Holding GmbH & Co.KG\",\"url\":\"https:\/\/www.buchinger-wilhelmi.com\/es\/\",\"logo\":{\"@type\":\"ImageObject\",\"inLanguage\":\"es\",\"@id\":\"https:\/\/www.buchinger-wilhelmi.com\/es\/#\/schema\/logo\/image\/\",\"url\":\"https:\/\/www.buchinger-wilhelmi.com\/wp-content\/uploads\/2018\/04\/BW_Logo_black.png\",\"contentUrl\":\"https:\/\/www.buchinger-wilhelmi.com\/wp-content\/uploads\/2018\/04\/BW_Logo_black.png\",\"width\":303,\"height\":76,\"caption\":\"Buchinger Wilhelmi Holding GmbH & Co.KG\"},\"image\":{\"@id\":\"https:\/\/www.buchinger-wilhelmi.com\/es\/#\/schema\/logo\/image\/\"},\"sameAs\":[\"https:\/\/www.facebook.com\/BuchingerWilhelmiMarbella\/\",\"https:\/\/www.instagram.com\/buchingerwilhelmi\/\",\"https:\/\/www.linkedin.com\/company\/buchingerwilhelmi\/\",\"https:\/\/www.pinterest.de\/buchingerwilhelmi\/\",\"https:\/\/www.youtube.com\/channel\/UC6jETvWDCI_W-VVG2AjxOfw\"]}]}<\/script>\n<!-- \/ Yoast SEO plugin. -->","yoast_head_json":{"title":"CGC y Reglamento de la Casa - BUCHINGER WILHELMI Marbella","description":"Aqu\u00ed encontrar\u00e1 las Condiciones Generales y el Reglamento de la Casa de la Cl\u00ednica BUCHINGER WILHELMI Marbella.","robots":{"index":"index","follow":"follow","max-snippet":"max-snippet:-1","max-image-preview":"max-image-preview:large","max-video-preview":"max-video-preview:-1"},"canonical":"https:\/\/www.buchinger-wilhelmi.com\/es\/agb-und-klinikordnung-marbella\/","og_locale":"es_ES","og_type":"article","og_title":"CGC y Reglamento de la Casa - BUCHINGER WILHELMI Marbella","og_description":"Aqu\u00ed encontrar\u00e1 las Condiciones Generales y el Reglamento de la Casa de la Cl\u00ednica BUCHINGER WILHELMI Marbella.","og_url":"https:\/\/www.buchinger-wilhelmi.com\/es\/agb-und-klinikordnung-marbella\/","article_publisher":"https:\/\/www.facebook.com\/BuchingerWilhelmiMarbella\/","article_modified_time":"2024-11-29T08:42:05+00:00","og_image":[{"width":2440,"height":1627,"url":"https:\/\/www.buchinger-wilhelmi.com\/wp-content\/uploads\/2018\/06\/3.7.1.AGB-und-Klinikordnung-Marbella-Headerbild.jpg","type":"image\/jpeg"}],"twitter_card":"summary_large_image","twitter_misc":{"Tiempo de lectura":"11 minutos"},"schema":{"@context":"https:\/\/schema.org","@graph":[{"@type":"WebPage","@id":"https:\/\/www.buchinger-wilhelmi.com\/es\/agb-und-klinikordnung-marbella\/","url":"https:\/\/www.buchinger-wilhelmi.com\/es\/agb-und-klinikordnung-marbella\/","name":"CGC y Reglamento de la Casa - BUCHINGER WILHELMI Marbella","isPartOf":{"@id":"https:\/\/www.buchinger-wilhelmi.com\/es\/#website"},"primaryImageOfPage":{"@id":"https:\/\/www.buchinger-wilhelmi.com\/es\/agb-und-klinikordnung-marbella\/#primaryimage"},"image":{"@id":"https:\/\/www.buchinger-wilhelmi.com\/es\/agb-und-klinikordnung-marbella\/#primaryimage"},"thumbnailUrl":"https:\/\/www.buchinger-wilhelmi.com\/wp-content\/uploads\/2018\/06\/3.7.1.AGB-und-Klinikordnung-Marbella-Headerbild.jpg","datePublished":"2018-06-04T10:18:44+00:00","dateModified":"2024-11-29T08:42:05+00:00","description":"Aqu\u00ed encontrar\u00e1 las Condiciones Generales y el Reglamento de la Casa de la Cl\u00ednica BUCHINGER WILHELMI Marbella.","breadcrumb":{"@id":"https:\/\/www.buchinger-wilhelmi.com\/es\/agb-und-klinikordnung-marbella\/#breadcrumb"},"inLanguage":"es","potentialAction":[{"@type":"ReadAction","target":["https:\/\/www.buchinger-wilhelmi.com\/es\/agb-und-klinikordnung-marbella\/"]}]},{"@type":"ImageObject","inLanguage":"es","@id":"https:\/\/www.buchinger-wilhelmi.com\/es\/agb-und-klinikordnung-marbella\/#primaryimage","url":"https:\/\/www.buchinger-wilhelmi.com\/wp-content\/uploads\/2018\/06\/3.7.1.AGB-und-Klinikordnung-Marbella-Headerbild.jpg","contentUrl":"https:\/\/www.buchinger-wilhelmi.com\/wp-content\/uploads\/2018\/06\/3.7.1.AGB-und-Klinikordnung-Marbella-Headerbild.jpg","width":2440,"height":1627,"caption":"Buchinger Wilhelmi, Fasten, Heilfasten, Fasting, Health, Medicina integrativa, ayuno, salud, Integrative Medicine, AGB, Marbella,"},{"@type":"BreadcrumbList","@id":"https:\/\/www.buchinger-wilhelmi.com\/es\/agb-und-klinikordnung-marbella\/#breadcrumb","itemListElement":[{"@type":"ListItem","position":1,"name":"Startseite","item":"https:\/\/www.buchinger-wilhelmi.com\/es\/"},{"@type":"ListItem","position":2,"name":"Condiciones generales y Reglamento de la casa \u2013 Marbella"}]},{"@type":"WebSite","@id":"https:\/\/www.buchinger-wilhelmi.com\/es\/#website","url":"https:\/\/www.buchinger-wilhelmi.com\/es\/","name":"","description":"","publisher":{"@id":"https:\/\/www.buchinger-wilhelmi.com\/es\/#organization"},"potentialAction":[{"@type":"SearchAction","target":{"@type":"EntryPoint","urlTemplate":"https:\/\/www.buchinger-wilhelmi.com\/es\/?s={search_term_string}"},"query-input":{"@type":"PropertyValueSpecification","valueRequired":true,"valueName":"search_term_string"}}],"inLanguage":"es"},{"@type":"Organization","@id":"https:\/\/www.buchinger-wilhelmi.com\/es\/#organization","name":"Buchinger Wilhelmi Holding GmbH & Co.KG","url":"https:\/\/www.buchinger-wilhelmi.com\/es\/","logo":{"@type":"ImageObject","inLanguage":"es","@id":"https:\/\/www.buchinger-wilhelmi.com\/es\/#\/schema\/logo\/image\/","url":"https:\/\/www.buchinger-wilhelmi.com\/wp-content\/uploads\/2018\/04\/BW_Logo_black.png","contentUrl":"https:\/\/www.buchinger-wilhelmi.com\/wp-content\/uploads\/2018\/04\/BW_Logo_black.png","width":303,"height":76,"caption":"Buchinger Wilhelmi Holding GmbH & Co.KG"},"image":{"@id":"https:\/\/www.buchinger-wilhelmi.com\/es\/#\/schema\/logo\/image\/"},"sameAs":["https:\/\/www.facebook.com\/BuchingerWilhelmiMarbella\/","https:\/\/www.instagram.com\/buchingerwilhelmi\/","https:\/\/www.linkedin.com\/company\/buchingerwilhelmi\/","https:\/\/www.pinterest.de\/buchingerwilhelmi\/","https:\/\/www.youtube.com\/channel\/UC6jETvWDCI_W-VVG2AjxOfw"]}]}},"_links":{"self":[{"href":"https:\/\/www.buchinger-wilhelmi.com\/es\/wp-json\/wp\/v2\/pages\/18300"}],"collection":[{"href":"https:\/\/www.buchinger-wilhelmi.com\/es\/wp-json\/wp\/v2\/pages"}],"about":[{"href":"https:\/\/www.buchinger-wilhelmi.com\/es\/wp-json\/wp\/v2\/types\/page"}],"author":[{"embeddable":true,"href":"https:\/\/www.buchinger-wilhelmi.com\/es\/wp-json\/wp\/v2\/users\/30"}],"replies":[{"embeddable":true,"href":"https:\/\/www.buchinger-wilhelmi.com\/es\/wp-json\/wp\/v2\/comments?post=18300"}],"version-history":[{"count":12,"href":"https:\/\/www.buchinger-wilhelmi.com\/es\/wp-json\/wp\/v2\/pages\/18300\/revisions"}],"predecessor-version":[{"id":84645,"href":"https:\/\/www.buchinger-wilhelmi.com\/es\/wp-json\/wp\/v2\/pages\/18300\/revisions\/84645"}],"wp:featuredmedia":[{"embeddable":true,"href":"https:\/\/www.buchinger-wilhelmi.com\/es\/wp-json\/wp\/v2\/media\/17795"}],"wp:attachment":[{"href":"https:\/\/www.buchinger-wilhelmi.com\/es\/wp-json\/wp\/v2\/media?parent=18300"}],"curies":[{"name":"wp","href":"https:\/\/api.w.org\/{rel}","templated":true}]}}