{"id":18303,"date":"2018-06-04T11:58:39","date_gmt":"2018-06-04T09:58:39","guid":{"rendered":"https:\/\/www.buchinger-wilhelmi.com\/agb-und-klinikordnung-bodensee\/"},"modified":"2025-01-07T15:51:59","modified_gmt":"2025-01-07T14:51:59","slug":"agb-und-klinikordnung-bodensee","status":"publish","type":"page","link":"https:\/\/www.buchinger-wilhelmi.com\/es\/agb-und-klinikordnung-bodensee\/","title":{"rendered":"Condiciones generales y Reglamento de la casa &#8211; Lago de Constanza"},"content":{"rendered":"<div class=\"wpb-content-wrapper\">[vc_row][vc_column][vc_column_text css=\u00bb\u00bb]\n<h2><b>Condiciones Generales de Contrataci\u00f3n (CGC)<\/b><\/h2>\n<p><b>I. \u00c1mbito de aplicaci\u00f3n<\/b><\/p>\n<p>1. Las presentes Condiciones de Contrataci\u00f3n se aplicar\u00e1n a los contratos relativos a un tratamiento hospitalario, as\u00ed como a la totalidad de los servicios prestados a los pacientes por la cl\u00ednica.<\/p>\n<p>2. No ser\u00e1n de aplicaci\u00f3n otras cl\u00e1usulas diferentes salvo si Buchinger Wilhelmi las acepta expresamente por escrito.<\/p>\n<p>&nbsp;<\/p>\n<p class=\"p1\"><b>II. Formalizaci\u00f3n del contrato<\/b><\/p>\n<p>1. Junto con una oferta por escrito, Buchinger Wilhelmi le enviar\u00e1 un formulario de inscripci\u00f3n y una solicitud de pago a cuenta. Cuando recibamos el formulario de inscripci\u00f3n cumplimentado y el abono del pago a cuenta, el contrato se considerar\u00e1 formalizado con el env\u00edo la confirmaci\u00f3n de la reserva por parte de Buchinger Wilhelmi.<\/p>\n<p>2. Previa consulta con el Departamento de Reservas de Buchinger Wilhelmi y siempre que haya habi-taciones disponibles, las personas visitantes y acompa\u00f1antes podr\u00e1n ser alojados hasta 2 noches. A partir de la tercera noche ser\u00e1n consideradas pacientes y se les aplicar\u00e1n las tarifas generales. Asimismo, ser\u00e1 obligatoria la consulta con un m\u00e9dico.<\/p>\n<p>3. Por cada hospedaje solo podr\u00e1 reservarse una modalidad de estancia. Los servicios de una estancia que no hayan sido utilizados no ser\u00e1n reembolsados. Los contenidos de las distintas modalidades de estancia no podr\u00e1n modificarse.<\/p>\n<p>&nbsp;<\/p>\n<p class=\"p1\"><b>III. Cancelaci\u00f3n\/Renuncia<\/b><\/p>\n<p>1. La cancelaci\u00f3n de una estancia deber\u00e1 realizarse exclusivamente por escrito.<\/p>\n<p>2. En caso de cancelaci\u00f3n o modificaci\u00f3n de la reserva, Buchinger Wilhelmi tiene derecho a cobrar los siguientes honorarios:<\/p>\n<p>I: De 31 a 15 d\u00edas antes de la fecha de llegada, 20 % del precio de la estancia consignado en la confirmaci\u00f3n de la reserva.<\/p>\n<p>II: De 14 a 8 d\u00edas antes de la fecha de llegada, 40 % del precio de la estancia consignado en la confirmaci\u00f3n de la reserva.<\/p>\n<p>III: Desde 7 d\u00edas antes de la fecha de llegada, 80 % del precio de la estancia consignado en la confirmaci\u00f3n de la reserva.<\/p>\n<p>IV: En caso de llegada tard\u00eda, salida anticipada o no presentaci\u00f3n, 100 % del precio del viaje combinado.<\/p>\n<p>3. En caso de incumplimiento del Reglamento de la cl\u00ednica, Buchinger Wilhelmi estar\u00e1 autorizada para interrumpir el tratamiento a expensas del paciente.<\/p>\n<p>4. Las citas para terapias individuales deber\u00e1n anularse hasta las 12.00 h del d\u00eda anterior; si se anulan m\u00e1s tarde, ser\u00e1n facturadas. Esta norma se aplica tambi\u00e9n en caso de no utilizaci\u00f3n.<\/p>\n<p>5.\u00a0El importe de las comidas no consumidas no se reembolsar\u00e1.<\/p>\n<p>&nbsp;<\/p>\n<p class=\"p1\"><b>IV.\u00a0<\/b><b>Servicios, precios, pagos<\/b><\/p>\n<p>1. Se realizar\u00e1 un pago a cuenta como parte del proceso de reserva. El importe del pago a cuenta se indicar\u00e1 en la oferta por escrito.<\/p>\n<p>2. El pago del importe restante del precio de la estancia vencer\u00e1 3 semanas antes de la fecha de llegada. Si Buchinger Wilhelmi no hubiera recibido el pago el d\u00eda de llegada, dicho pago deber\u00e1 realizarse a la llegada.<\/p>\n<p>3. A la llegada se depositar\u00e1 una tarjeta de cr\u00e9dito como garant\u00eda.<\/p>\n<p>4. La factura se liquidar\u00e1 antes de la salida.<\/p>\n<p>5. Todos los servicios se facturar\u00e1n conforme al cat\u00e1logo de servicios actualmente vigente de Buchinger Wilhelmi. Las tarifas y cl\u00e1usulas anteriores no son v\u00e1lidas. Nos reservamos el derecho de introducir cambios.<\/p>\n<p>6. La mayor\u00eda de los precios son precios con IVA incluido. Si se modificara el tipo de IVA subyacente, los precios afectados se ajustar\u00e1n autom\u00e1ticamente<\/p>\n<p>7. Si entre la reserva y la estancia se produjera un cambio de a\u00f1o, los precios podr\u00edan variar.<\/p>\n<p>8. En caso de tratamientos hospitalarios con arreglo a las prestaciones de un seguro de enfermedad obligatorio alem\u00e1n, la cl\u00ednica deber\u00e1 tener en su poder la confirmaci\u00f3n por escrito de la cobertura de gastos de la entidad aseguradora, as\u00ed como el formulario de inscripci\u00f3n de Buchinger Wilhelmi debidamente cumplimentado y firmado con car\u00e1cter jur\u00eddicamente vinculante, como tarde\u00a021 d\u00edas antes del comienzo del tratamiento. En caso contrario, el ingreso hospitalario y la liquidaci\u00f3n subsiguiente se facturar\u00e1n conforme a las condiciones para pacientes privados.<\/p>\n<p>9. La liquidaci\u00f3n seg\u00fan las tarifas indicadas en esta lista de precios se realizar\u00e1 tambi\u00e9n directamente con el\/la paciente en los casos en que se presente el documento acreditativo de una subvenci\u00f3n o de un seguro de enfermedad privado con sistema de reembolso.<\/p>\n<p>10. A fin de garantizar la correcta realizaci\u00f3n de un tratamiento hospitalario, la cl\u00ednica se reserva la facultad de contratar a un int\u00e9rprete por cuenta del paciente si el m\u00e9dico que le asiste o la Direcci\u00f3n de la cl\u00ednica estiman que existe esa necesidad.<\/p>\n<p>11. La facturaci\u00f3n seg\u00fan la tarifa de honorarios de m\u00e9dicos (GO\u00c4) no es posible.<\/p>\n<p>&nbsp;<\/p>\n<p class=\"p1\"><b>V.\u00a0<\/b><b>Llegada\/Salida<\/b><\/p>\n<p>1. Se garantiza una habitaci\u00f3n de la categor\u00eda reservada. Sin embargo, no podr\u00e1 exigirse un n\u00famero de habitaci\u00f3n determinado.<\/p>\n<p>2. El d\u00eda de llegada las habitaciones reservadas estar\u00e1n disponibles a partir de las 16.00 h.<\/p>\n<p>3. El d\u00eda de salida la habitaci\u00f3n se deber\u00e1 desocupar antes de las 11.00 h; en caso contrario, se facturar\u00e1 adicionalmente el d\u00eda completo.<\/p>\n<p>4. Si desea prolongar la duraci\u00f3n de la estancia reservada y confirmada o hacer cualquier modificaci\u00f3n, deber\u00e1 ponerse en contacto con el Departamento de Reservas.<\/p>\n<p>5. A la llegada se deber\u00e1 presentar un documento de identidad\/pasaporte v\u00e1lido y una tarjeta de cr\u00e9dito v\u00e1lida.<\/p>\n<p>&nbsp;<\/p>\n<p class=\"p1\"><b>VI. Objetos personales \/Responsabilidad<br \/>\n<\/b><\/p>\n<p>1. Buchinger Wilhelmi no puede asumir ninguna responsabilidad por los objetos personales tra\u00eddos consigo, en especial, joyas, documentos y dinero en met\u00e1lico. Buchinger Wilhelmi recomienda utilizar la caja de seguridad existente en la habitaci\u00f3n.<\/p>\n<p>2. La utilizaci\u00f3n del garaje y de las plazas de aparcamiento es por cuenta y riesgo del usuario.<\/p>\n<p>3. En Buchinger Wilhelmi rige la prohibici\u00f3n estricta de consumo de tabaco y de alcohol en todo el recinto de la cl\u00ednica, as\u00ed como durante las caminatas y en las habitaciones de los pacientes. Asimismo, est\u00e1 prohibido el uso de cigarrillos electr\u00f3nicos o similares. En el aparcamiento existe una zona para fumadores. El\/la paciente que ocupe la habitaci\u00f3n ser\u00e1 responsable de que terceras personas acaten tambi\u00e9n dicha prohibici\u00f3n. Si un\/una paciente incumple esta norma, la cl\u00ednica estar\u00e1 autorizada a facturarle una cantidad global por importe de 500 \u20ac en concepto de limpieza especial. Lo mismo se aplicar\u00e1 si terceras personas fuman en la habitaci\u00f3n con conocimiento o desconocimiento negligente del\/la paciente. El\/la paciente tiene derecho a demostrar que no se ha producido ning\u00fan da\u00f1o o, en caso afirmativo, que se ha producido un da\u00f1o menor. Los detectores de humo son dispositivos especiales extremadamente sensibles que detectan el humo tanto de los cigarrillos como del tabaco de pipa y activan la alarma al instante. Si una alarma se activa por humo, se facturar\u00e1 al causante la totalidad de los gastos ocasionados por la evacuaci\u00f3n, la intervenci\u00f3n de los bomberos y dem\u00e1s gastos subsiguientes.<\/p>\n<p>4. Est\u00e1 prohibido encender fuego abierto (p. ej., velas o similares) en el edificio de la cl\u00ednica.<\/p>\n<p>5. Se ruega no utilizar dispositivos inteligentes, en particular gafas inteligentes, en ning\u00fan lugar del recinto de la cl\u00ednica. Buchinger Wilhelmi se reserva el derecho a prohibir grabaciones no deseadas.<\/p>\n<p>&nbsp;<\/p>\n<p class=\"p1\"><b>VII.\u00a0<\/b><b>Disposiciones finales<\/b><\/p>\n<p>1. Lugar de pago y cumplimiento es \u00dcberlingen junto al lago de Constanza.<\/p>\n<p>2. El lugar de jurisdicci\u00f3n es \u00dcberlingen junto al lago de Constanza.<\/p>\n<p>3. Se aplicar\u00e1 el derecho de la Rep\u00fablica Federal de Alemania.<\/p>\n<p>4. Si alguna cl\u00e1usula de estas Condiciones Generales de Contrataci\u00f3n fuera nula o ineficaz en el presente o en el futuro, ello no afectar\u00e1 a la eficacia de las cl\u00e1usulas restantes. Por lo dem\u00e1s, se aplicar\u00e1 la normativa legal.<\/p>\n<p>&nbsp;<\/p>\n<h2><b>Reglamento de la casa\u00a0<\/b><\/h2>\n<p>En un lugar de reposo y relajaci\u00f3n\u00a0 \u2013 como es Buchinger Wilhelmi \u2013 el respeto a los dem\u00e1s y un cierto orden son aspectos imprescindibles para la convivencia y el \u00e9xito del tratamiento.<\/p>\n<p>1. Seg\u00fan criterio m\u00e9dico, durante el ayuno es necesario observar determinados periodos de reposo. A fin de garantizar el necesario descanso de los pacientes durante la siesta y la noche, le rogamos que de 12:00 h a 14:00 h y de 23:00 h a 7:00 h desv\u00ede todas las llamadas al contestador personal (voicebox) instalado de serie. Al exterior podr\u00e1 llamar en cualquier momento, incluso durante los periodos de descanso. A las 23:00 h se cierran todas las puertas exteriores.<\/p>\n<p><strong>2. El uso del tel\u00e9fono m\u00f3vil est\u00e1 prohibido en todo el recinto de la cl\u00ednica, as\u00ed como durante las caminatas y excursiones.\u00a0 Solo se permite hablar por un tel\u00e9fono m\u00f3vil en la propia habitaci\u00f3n con las ventanas cerradas (para no molestar a sus vecinos). Le agradecer\u00edamos que a su llegada firme el consentimiento correspondiente.<\/strong><\/p>\n<p>3. Como es posible que la capacidad de reacci\u00f3n se vea alterada durante el ayuno en casos concretos, algunas actividades (p. ej., nadar en aguas no acotadas, montar a caballo, conducir veh\u00edculos) solo podr\u00e1n practicarse bajo determinadas condiciones. Por ello, solo deber\u00eda practicarlas previa consulta con su m\u00e9dico.<\/p>\n<p>4. Si un paciente desea no pernoctar en la cl\u00ednica o pasar fuera algunos d\u00edas, se requerir\u00e1 el consentimiento del m\u00e9dico que le trate.<\/p>\n<p>5. La edad m\u00ednima para seguir un tratamiento en Buchinger Wilhelmi es 18 a\u00f1os. Excepcionalmente se permitir\u00e1 realizar un tratamiento a partir de 16 a\u00f1os si el menor est\u00e1 acompa\u00f1ado por un progenitor o tutor legal, previa consulta con la direcci\u00f3n y nuestros m\u00e9dicos. Una cura de ayuno terap\u00e9utico no es posible en pacientes menores de 18 a\u00f1os.<\/p>\n<p>6. <strong>En Buchinger Wilhelmi est\u00e1 totalmente prohibido el consumo de alcohol y de tabaco<\/strong> tanto en el recinto de la cl\u00ednica como durante las caminatas y en las habitaciones de los pacientes. El paciente que ocupe la habitaci\u00f3n ser\u00e1 responsable de que terceras personas observen la prohibici\u00f3n. En el aparcamiento existe una zona para fumadores.<\/p>\n<p>7. Le rogamos que no acuda al sal\u00f3n o al comedor con atuendo deportivo o albornoz.<br \/>\n<strong>Le rogamos que en el recinto de la piscina vista ropa de ba\u00f1o europea (bikini, ba\u00f1ador, pantal\u00f3n de ba\u00f1o).<\/strong><br \/>\n<strong>Por razones m\u00e9dicas, recomendamos usar ropa deportiva ligera (p. ej., ch\u00e1ndal) en las actividades f\u00edsicas (p. ej. gimnasia, caminatas).<\/strong><br \/>\n<strong>En Buchinger Wilhelmi no se permite la ocultaci\u00f3n del rostro (velo).<\/strong><\/p>\n<p>8. Durante el ayuno, el sentido del olfato se vuelve extremadamente sensible; los perfumes artificiales (todos contienen hoy en d\u00eda mol\u00e9culas de esencias sint\u00e9ticas) pueden resultar muy molestos para los ayunantes. Incluso los perfumes que tanto nos gustan.<br \/>\n<strong>Por ello, le agradecer\u00edamos que en las actividades en grupo que se practican en las salas comunes y en el gimnasio, as\u00ed como en las caminatas, prescinda en lo posible de usar perfume.<\/strong><\/p>\n<p>9. No se permite traer consigo animales.<\/p>\n<p>10. Nuestra cl\u00ednica se encuentra en un terreno escarpado, por lo que el uso de las instalaciones por parte de personas con movilidad reducida o que utilicen silla de ruedas puede verse limitado.<\/p>\n<p>11. El cumplimiento de las normas y obligaciones recogidas en el reglamento de la cl\u00ednica tiene una importancia decisiva para el \u00e9xito de una cura en Buchinger Wilhelmi. Esto se aplicable tambi\u00e9n a las indicaciones de los m\u00e9dicos, enfermeras y directivos.<\/p>\n<p>12. En caso de infracci\u00f3n reiterada del reglamento o incumplimiento de las indicaciones, la Direcci\u00f3n de la cl\u00ednica se reserva el derecho de dar la estancia por terminada. El da\u00f1o ocasionado ser\u00e1 facturado al paciente.<\/p>\n<p><strong>Por favor, lea detenidamente las condiciones aplicables a una estancia en Buchinger Wilhelmi. <\/strong><strong>Con la confirmaci\u00f3n de la reserva damos por supuesto que usted acepta las normas descritas. Le rogamos que a su llegada firme el consentimiento correspondiente. <\/strong>[\/vc_column_text][\/vc_column][\/vc_row]\n<\/div>","protected":false},"excerpt":{"rendered":"<p>Condiciones generales y Reglamento de la casa &#8211; Lago de Constanza<\/p>\n","protected":false},"author":30,"featured_media":17792,"parent":0,"menu_order":0,"comment_status":"closed","ping_status":"closed","template":"","meta":{"_acf_changed":false,"_custom_body_class":"","_custom_post_class":"","_searchwp_excluded":"","inline_featured_image":false,"footnotes":""},"class_list":["post-18303","page","type-page","status-publish","has-post-thumbnail","hentry"],"acf":[],"yoast_head":"<!-- This site is optimized with the Yoast SEO plugin v23.8 - https:\/\/yoast.com\/wordpress\/plugins\/seo\/ -->\n<title>Condiciones Generales y el Reglamento - BUCHINGER WILHELMI<\/title>\n<meta name=\"description\" content=\"Las Condiciones Generales y el Reglamento de la Cl\u00ednica BUCHINGER WILHELMI Bodensee pueden consultarse aqu\u00ed.\" \/>\n<meta name=\"robots\" content=\"noindex, follow\" \/>\n<meta property=\"og:locale\" content=\"es_ES\" \/>\n<meta property=\"og:type\" content=\"article\" \/>\n<meta property=\"og:title\" content=\"Condiciones Generales y el Reglamento - BUCHINGER WILHELMI\" \/>\n<meta property=\"og:description\" content=\"Las Condiciones Generales y el Reglamento de la Cl\u00ednica BUCHINGER WILHELMI Bodensee pueden consultarse aqu\u00ed.\" \/>\n<meta property=\"og:url\" content=\"https:\/\/www.buchinger-wilhelmi.com\/es\/agb-und-klinikordnung-bodensee\/\" \/>\n<meta property=\"article:publisher\" content=\"https:\/\/www.facebook.com\/BuchingerWilhelmiMarbella\/\" \/>\n<meta property=\"article:modified_time\" content=\"2025-01-07T14:51:59+00:00\" \/>\n<meta property=\"og:image\" content=\"https:\/\/www.buchinger-wilhelmi.com\/wp-content\/uploads\/2018\/06\/3.7.1.AGB-und-Klinikordnung-Bodensee-Headerbild.jpg\" \/>\n\t<meta property=\"og:image:width\" content=\"2880\" \/>\n\t<meta property=\"og:image:height\" content=\"1920\" \/>\n\t<meta property=\"og:image:type\" content=\"image\/jpeg\" \/>\n<meta name=\"twitter:card\" content=\"summary_large_image\" \/>\n<meta name=\"twitter:label1\" content=\"Tiempo de lectura\" \/>\n\t<meta name=\"twitter:data1\" content=\"11 minutos\" \/>\n<script type=\"application\/ld+json\" class=\"yoast-schema-graph\">{\"@context\":\"https:\/\/schema.org\",\"@graph\":[{\"@type\":\"WebPage\",\"@id\":\"https:\/\/www.buchinger-wilhelmi.com\/es\/agb-und-klinikordnung-bodensee\/\",\"url\":\"https:\/\/www.buchinger-wilhelmi.com\/es\/agb-und-klinikordnung-bodensee\/\",\"name\":\"Condiciones Generales y el Reglamento - BUCHINGER WILHELMI\",\"isPartOf\":{\"@id\":\"https:\/\/www.buchinger-wilhelmi.com\/es\/#website\"},\"primaryImageOfPage\":{\"@id\":\"https:\/\/www.buchinger-wilhelmi.com\/es\/agb-und-klinikordnung-bodensee\/#primaryimage\"},\"image\":{\"@id\":\"https:\/\/www.buchinger-wilhelmi.com\/es\/agb-und-klinikordnung-bodensee\/#primaryimage\"},\"thumbnailUrl\":\"https:\/\/www.buchinger-wilhelmi.com\/wp-content\/uploads\/2018\/06\/3.7.1.AGB-und-Klinikordnung-Bodensee-Headerbild.jpg\",\"datePublished\":\"2018-06-04T09:58:39+00:00\",\"dateModified\":\"2025-01-07T14:51:59+00:00\",\"description\":\"Las Condiciones Generales y el Reglamento de la Cl\u00ednica BUCHINGER WILHELMI Bodensee pueden consultarse aqu\u00ed.\",\"breadcrumb\":{\"@id\":\"https:\/\/www.buchinger-wilhelmi.com\/es\/agb-und-klinikordnung-bodensee\/#breadcrumb\"},\"inLanguage\":\"es\",\"potentialAction\":[{\"@type\":\"ReadAction\",\"target\":[\"https:\/\/www.buchinger-wilhelmi.com\/es\/agb-und-klinikordnung-bodensee\/\"]}]},{\"@type\":\"ImageObject\",\"inLanguage\":\"es\",\"@id\":\"https:\/\/www.buchinger-wilhelmi.com\/es\/agb-und-klinikordnung-bodensee\/#primaryimage\",\"url\":\"https:\/\/www.buchinger-wilhelmi.com\/wp-content\/uploads\/2018\/06\/3.7.1.AGB-und-Klinikordnung-Bodensee-Headerbild.jpg\",\"contentUrl\":\"https:\/\/www.buchinger-wilhelmi.com\/wp-content\/uploads\/2018\/06\/3.7.1.AGB-und-Klinikordnung-Bodensee-Headerbild.jpg\",\"width\":2880,\"height\":1920,\"caption\":\"Buchinger Wilhelmi, Fasten, Heilfasten, Fasting, Health, Medicina integrativa, ayuno, salud, Integrative Medicine, Pool, \u00dcberlingen, AGB,Piscina,\"},{\"@type\":\"BreadcrumbList\",\"@id\":\"https:\/\/www.buchinger-wilhelmi.com\/es\/agb-und-klinikordnung-bodensee\/#breadcrumb\",\"itemListElement\":[{\"@type\":\"ListItem\",\"position\":1,\"name\":\"Startseite\",\"item\":\"https:\/\/www.buchinger-wilhelmi.com\/es\/\"},{\"@type\":\"ListItem\",\"position\":2,\"name\":\"Condiciones generales y Reglamento de la casa &#8211; Lago de Constanza\"}]},{\"@type\":\"WebSite\",\"@id\":\"https:\/\/www.buchinger-wilhelmi.com\/es\/#website\",\"url\":\"https:\/\/www.buchinger-wilhelmi.com\/es\/\",\"name\":\"\",\"description\":\"\",\"publisher\":{\"@id\":\"https:\/\/www.buchinger-wilhelmi.com\/es\/#organization\"},\"potentialAction\":[{\"@type\":\"SearchAction\",\"target\":{\"@type\":\"EntryPoint\",\"urlTemplate\":\"https:\/\/www.buchinger-wilhelmi.com\/es\/?s={search_term_string}\"},\"query-input\":{\"@type\":\"PropertyValueSpecification\",\"valueRequired\":true,\"valueName\":\"search_term_string\"}}],\"inLanguage\":\"es\"},{\"@type\":\"Organization\",\"@id\":\"https:\/\/www.buchinger-wilhelmi.com\/es\/#organization\",\"name\":\"Buchinger Wilhelmi Holding GmbH & Co.KG\",\"url\":\"https:\/\/www.buchinger-wilhelmi.com\/es\/\",\"logo\":{\"@type\":\"ImageObject\",\"inLanguage\":\"es\",\"@id\":\"https:\/\/www.buchinger-wilhelmi.com\/es\/#\/schema\/logo\/image\/\",\"url\":\"https:\/\/www.buchinger-wilhelmi.com\/wp-content\/uploads\/2018\/04\/BW_Logo_black.png\",\"contentUrl\":\"https:\/\/www.buchinger-wilhelmi.com\/wp-content\/uploads\/2018\/04\/BW_Logo_black.png\",\"width\":303,\"height\":76,\"caption\":\"Buchinger Wilhelmi Holding GmbH & Co.KG\"},\"image\":{\"@id\":\"https:\/\/www.buchinger-wilhelmi.com\/es\/#\/schema\/logo\/image\/\"},\"sameAs\":[\"https:\/\/www.facebook.com\/BuchingerWilhelmiMarbella\/\",\"https:\/\/www.instagram.com\/buchingerwilhelmi\/\",\"https:\/\/www.linkedin.com\/company\/buchingerwilhelmi\/\",\"https:\/\/www.pinterest.de\/buchingerwilhelmi\/\",\"https:\/\/www.youtube.com\/channel\/UC6jETvWDCI_W-VVG2AjxOfw\"]}]}<\/script>\n<!-- \/ Yoast SEO plugin. -->","yoast_head_json":{"title":"Condiciones Generales y el Reglamento - BUCHINGER WILHELMI","description":"Las Condiciones Generales y el Reglamento de la Cl\u00ednica BUCHINGER WILHELMI Bodensee pueden consultarse aqu\u00ed.","robots":{"index":"noindex","follow":"follow"},"og_locale":"es_ES","og_type":"article","og_title":"Condiciones Generales y el Reglamento - BUCHINGER WILHELMI","og_description":"Las Condiciones Generales y el Reglamento de la Cl\u00ednica BUCHINGER WILHELMI Bodensee pueden consultarse aqu\u00ed.","og_url":"https:\/\/www.buchinger-wilhelmi.com\/es\/agb-und-klinikordnung-bodensee\/","article_publisher":"https:\/\/www.facebook.com\/BuchingerWilhelmiMarbella\/","article_modified_time":"2025-01-07T14:51:59+00:00","og_image":[{"width":2880,"height":1920,"url":"https:\/\/www.buchinger-wilhelmi.com\/wp-content\/uploads\/2018\/06\/3.7.1.AGB-und-Klinikordnung-Bodensee-Headerbild.jpg","type":"image\/jpeg"}],"twitter_card":"summary_large_image","twitter_misc":{"Tiempo de lectura":"11 minutos"},"schema":{"@context":"https:\/\/schema.org","@graph":[{"@type":"WebPage","@id":"https:\/\/www.buchinger-wilhelmi.com\/es\/agb-und-klinikordnung-bodensee\/","url":"https:\/\/www.buchinger-wilhelmi.com\/es\/agb-und-klinikordnung-bodensee\/","name":"Condiciones Generales y el Reglamento - BUCHINGER WILHELMI","isPartOf":{"@id":"https:\/\/www.buchinger-wilhelmi.com\/es\/#website"},"primaryImageOfPage":{"@id":"https:\/\/www.buchinger-wilhelmi.com\/es\/agb-und-klinikordnung-bodensee\/#primaryimage"},"image":{"@id":"https:\/\/www.buchinger-wilhelmi.com\/es\/agb-und-klinikordnung-bodensee\/#primaryimage"},"thumbnailUrl":"https:\/\/www.buchinger-wilhelmi.com\/wp-content\/uploads\/2018\/06\/3.7.1.AGB-und-Klinikordnung-Bodensee-Headerbild.jpg","datePublished":"2018-06-04T09:58:39+00:00","dateModified":"2025-01-07T14:51:59+00:00","description":"Las Condiciones Generales y el Reglamento de la Cl\u00ednica BUCHINGER WILHELMI Bodensee pueden consultarse aqu\u00ed.","breadcrumb":{"@id":"https:\/\/www.buchinger-wilhelmi.com\/es\/agb-und-klinikordnung-bodensee\/#breadcrumb"},"inLanguage":"es","potentialAction":[{"@type":"ReadAction","target":["https:\/\/www.buchinger-wilhelmi.com\/es\/agb-und-klinikordnung-bodensee\/"]}]},{"@type":"ImageObject","inLanguage":"es","@id":"https:\/\/www.buchinger-wilhelmi.com\/es\/agb-und-klinikordnung-bodensee\/#primaryimage","url":"https:\/\/www.buchinger-wilhelmi.com\/wp-content\/uploads\/2018\/06\/3.7.1.AGB-und-Klinikordnung-Bodensee-Headerbild.jpg","contentUrl":"https:\/\/www.buchinger-wilhelmi.com\/wp-content\/uploads\/2018\/06\/3.7.1.AGB-und-Klinikordnung-Bodensee-Headerbild.jpg","width":2880,"height":1920,"caption":"Buchinger Wilhelmi, Fasten, Heilfasten, Fasting, Health, Medicina integrativa, ayuno, salud, Integrative Medicine, Pool, \u00dcberlingen, AGB,Piscina,"},{"@type":"BreadcrumbList","@id":"https:\/\/www.buchinger-wilhelmi.com\/es\/agb-und-klinikordnung-bodensee\/#breadcrumb","itemListElement":[{"@type":"ListItem","position":1,"name":"Startseite","item":"https:\/\/www.buchinger-wilhelmi.com\/es\/"},{"@type":"ListItem","position":2,"name":"Condiciones generales y Reglamento de la casa &#8211; Lago de Constanza"}]},{"@type":"WebSite","@id":"https:\/\/www.buchinger-wilhelmi.com\/es\/#website","url":"https:\/\/www.buchinger-wilhelmi.com\/es\/","name":"","description":"","publisher":{"@id":"https:\/\/www.buchinger-wilhelmi.com\/es\/#organization"},"potentialAction":[{"@type":"SearchAction","target":{"@type":"EntryPoint","urlTemplate":"https:\/\/www.buchinger-wilhelmi.com\/es\/?s={search_term_string}"},"query-input":{"@type":"PropertyValueSpecification","valueRequired":true,"valueName":"search_term_string"}}],"inLanguage":"es"},{"@type":"Organization","@id":"https:\/\/www.buchinger-wilhelmi.com\/es\/#organization","name":"Buchinger Wilhelmi Holding GmbH & Co.KG","url":"https:\/\/www.buchinger-wilhelmi.com\/es\/","logo":{"@type":"ImageObject","inLanguage":"es","@id":"https:\/\/www.buchinger-wilhelmi.com\/es\/#\/schema\/logo\/image\/","url":"https:\/\/www.buchinger-wilhelmi.com\/wp-content\/uploads\/2018\/04\/BW_Logo_black.png","contentUrl":"https:\/\/www.buchinger-wilhelmi.com\/wp-content\/uploads\/2018\/04\/BW_Logo_black.png","width":303,"height":76,"caption":"Buchinger Wilhelmi Holding GmbH & Co.KG"},"image":{"@id":"https:\/\/www.buchinger-wilhelmi.com\/es\/#\/schema\/logo\/image\/"},"sameAs":["https:\/\/www.facebook.com\/BuchingerWilhelmiMarbella\/","https:\/\/www.instagram.com\/buchingerwilhelmi\/","https:\/\/www.linkedin.com\/company\/buchingerwilhelmi\/","https:\/\/www.pinterest.de\/buchingerwilhelmi\/","https:\/\/www.youtube.com\/channel\/UC6jETvWDCI_W-VVG2AjxOfw"]}]}},"_links":{"self":[{"href":"https:\/\/www.buchinger-wilhelmi.com\/es\/wp-json\/wp\/v2\/pages\/18303"}],"collection":[{"href":"https:\/\/www.buchinger-wilhelmi.com\/es\/wp-json\/wp\/v2\/pages"}],"about":[{"href":"https:\/\/www.buchinger-wilhelmi.com\/es\/wp-json\/wp\/v2\/types\/page"}],"author":[{"embeddable":true,"href":"https:\/\/www.buchinger-wilhelmi.com\/es\/wp-json\/wp\/v2\/users\/30"}],"replies":[{"embeddable":true,"href":"https:\/\/www.buchinger-wilhelmi.com\/es\/wp-json\/wp\/v2\/comments?post=18303"}],"version-history":[{"count":10,"href":"https:\/\/www.buchinger-wilhelmi.com\/es\/wp-json\/wp\/v2\/pages\/18303\/revisions"}],"predecessor-version":[{"id":84971,"href":"https:\/\/www.buchinger-wilhelmi.com\/es\/wp-json\/wp\/v2\/pages\/18303\/revisions\/84971"}],"wp:featuredmedia":[{"embeddable":true,"href":"https:\/\/www.buchinger-wilhelmi.com\/es\/wp-json\/wp\/v2\/media\/17792"}],"wp:attachment":[{"href":"https:\/\/www.buchinger-wilhelmi.com\/es\/wp-json\/wp\/v2\/media?parent=18303"}],"curies":[{"name":"wp","href":"https:\/\/api.w.org\/{rel}","templated":true}]}}