{"id":19146,"date":"2018-04-30T16:50:01","date_gmt":"2018-04-30T14:50:01","guid":{"rendered":"https:\/\/www.buchinger-wilhelmi.com\/impressionen-2\/"},"modified":"2024-06-14T12:10:03","modified_gmt":"2024-06-14T10:10:03","slug":"impressionen","status":"publish","type":"page","link":"https:\/\/www.buchinger-wilhelmi.com\/es\/impressionen\/","title":{"rendered":"Impresiones"},"content":{"rendered":"<div class=\"wpb-content-wrapper\">[vc_section][vc_row][vc_column][vc_column_text]<a href=\"https:\/\/www.buchinger-wilhelmi.com\/impressionen\/\"><span style=\"color: #00ccff;\">Todo<\/span><\/a>\u00a0 \u00a0 \u00a0<span style=\"color: #444444;\"> <a style=\"color: #444444;\" href=\"https:\/\/www.buchinger-wilhelmi.com\/impressionen-ueberlingen\/\">Lago de Constanza\u00a0<\/a> \u00a0 \u00a0<a style=\"color: #444444;\" href=\"https:\/\/www.buchinger-wilhelmi.com\/impressionen-marbella\/\">Marbella<\/a><\/span>[\/vc_column_text][vc_separator]<div class=\"norebro-gallery-sc gallery-wrap\"\n\tid=\"norebro-custom-images-6a0733d1aa70d\"\n\tdata-gallery=\"norebro-custom-6a0733d1aa70c\"\n\t\t>\n\n\t\n\t<div class=\"vc_row norebro-masonry\" data-lazy-container=\"gallery\">\n\n\t\t\t<div class=\" vc_col-lg-4 vc_col-md-4 vc_col-sm-6 vc_col-xs-12 masonry-block grid-item gallery-image\" data-gallery-item=\"0\" data-lazy-item=\"\" data-lazy-scope=\"gallery\">\n\t\t<div class=\"wrap\">\n\t\t\t\t\t\t\t<img decoding=\"async\" class=\"gimg\" src=\"https:\/\/www.buchinger-wilhelmi.com\/wp-content\/uploads\/2018\/05\/Morning-Meditation.jpg\" alt=\"Buchinger Wilhelmi, Fasten, Heilfasten, Fasting, Health, Integrative Medicine, Marbella, Andalusia, Beach, Strand, Meditation, Morning Meditation, Morgensmeditation,\">\n\t\t\t\t\t\t<div class=\"overlay with-title\">\n\t\t\t\t<div class=\"content-center text-center\">\n\t\t\t\t\t<div class=\"wrap\">\n\t\t\t\t\t\t<h4 class=\"inline\">\n\t\t\t\t\t\t\t\t\t\t\t\t\tMorning Meditation\t\t\t\t\t\t\t\t\t\t\t\t<\/h4>\n\t\t\t\t\t\t<div class=\"icon inline ion-ios-plus-empty\"><\/div>\n\t\t\t\t\t<\/div>\n\t\t\t\t<\/div>\n\t\t\t<\/div>\n\t\t\t<div class=\"gallery-description\">\n\t\t\t\t<h3 class=\"title\">Morning Meditation<\/h3>\n\t\t\t\t<p class=\"subtitle small\">\n\t\t\t\t\t\t\t\t\t<\/p>\n\t\t\t<\/div>\n\t\t<\/div>\n\t<\/div>\n\t\t\t<div class=\" vc_col-lg-4 vc_col-md-4 vc_col-sm-6 vc_col-xs-12 masonry-block grid-item gallery-image\" data-gallery-item=\"1\" data-lazy-item=\"\" data-lazy-scope=\"gallery\">\n\t\t<div class=\"wrap\">\n\t\t\t\t\t\t\t<img decoding=\"async\" class=\"gimg\" src=\"https:\/\/www.buchinger-wilhelmi.com\/wp-content\/uploads\/2018\/05\/Swimming-in-the-pool.jpg\" alt=\"Buchinger Wilhelmi, Fasten, Heilfasten, Fasting, Health, Integrative Medicine, Marbella, Andalusia, Pool, Swimming, Schwimmen, Swimming in the pool, Schwimmen im Pool\">\n\t\t\t\t\t\t<div class=\"overlay with-title\">\n\t\t\t\t<div class=\"content-center text-center\">\n\t\t\t\t\t<div class=\"wrap\">\n\t\t\t\t\t\t<h4 class=\"inline\">\n\t\t\t\t\t\t\t\t\t\t\t\t\tSwimming in the pool\t\t\t\t\t\t\t\t\t\t\t\t<\/h4>\n\t\t\t\t\t\t<div class=\"icon inline ion-ios-plus-empty\"><\/div>\n\t\t\t\t\t<\/div>\n\t\t\t\t<\/div>\n\t\t\t<\/div>\n\t\t\t<div class=\"gallery-description\">\n\t\t\t\t<h3 class=\"title\">Swimming in the pool<\/h3>\n\t\t\t\t<p class=\"subtitle small\">\n\t\t\t\t\t\t\t\t\t<\/p>\n\t\t\t<\/div>\n\t\t<\/div>\n\t<\/div>\n\t\t\t<div class=\" vc_col-lg-4 vc_col-md-4 vc_col-sm-6 vc_col-xs-12 masonry-block grid-item gallery-image\" data-gallery-item=\"2\" data-lazy-item=\"\" data-lazy-scope=\"gallery\">\n\t\t<div class=\"wrap\">\n\t\t\t\t\t\t\t<img decoding=\"async\" class=\"gimg\" src=\"https:\/\/www.buchinger-wilhelmi.com\/wp-content\/uploads\/2018\/05\/Garden.jpg\" alt=\"Buchinger Wilhelmi, Fasten, Heilfasten, Fasting, Health, Integrative Medicine, Garden, Garten, Doctor, Arzt, Marbella, Andalusia, Palms, Palmen\">\n\t\t\t\t\t\t<div class=\"overlay with-title\">\n\t\t\t\t<div class=\"content-center text-center\">\n\t\t\t\t\t<div class=\"wrap\">\n\t\t\t\t\t\t<h4 class=\"inline\">\n\t\t\t\t\t\t\t\t\t\t\t\t\tGarden\t\t\t\t\t\t\t\t\t\t\t\t<\/h4>\n\t\t\t\t\t\t<div class=\"icon inline ion-ios-plus-empty\"><\/div>\n\t\t\t\t\t<\/div>\n\t\t\t\t<\/div>\n\t\t\t<\/div>\n\t\t\t<div class=\"gallery-description\">\n\t\t\t\t<h3 class=\"title\">Garden<\/h3>\n\t\t\t\t<p class=\"subtitle small\">\n\t\t\t\t\t\t\t\t\t<\/p>\n\t\t\t<\/div>\n\t\t<\/div>\n\t<\/div>\n\t\t\t<div class=\" vc_col-lg-4 vc_col-md-4 vc_col-sm-6 vc_col-xs-12 masonry-block grid-item gallery-image\" data-gallery-item=\"3\" data-lazy-item=\"\" data-lazy-scope=\"gallery\">\n\t\t<div class=\"wrap\">\n\t\t\t\t\t\t\t<img decoding=\"async\" class=\"gimg\" src=\"https:\/\/www.buchinger-wilhelmi.com\/wp-content\/uploads\/2018\/05\/Daily-walks.jpg\" alt=\"Buchinger Wilhelmi, Fasten, Heilfasten, Fasting, Health, Integrative Medicine, Daily Walks, Wanderungen, Marbella, Andalusia,\">\n\t\t\t\t\t\t<div class=\"overlay with-title\">\n\t\t\t\t<div class=\"content-center text-center\">\n\t\t\t\t\t<div class=\"wrap\">\n\t\t\t\t\t\t<h4 class=\"inline\">\n\t\t\t\t\t\t\t\t\t\t\t\t\tDaily walks\t\t\t\t\t\t\t\t\t\t\t\t<\/h4>\n\t\t\t\t\t\t<div class=\"icon inline ion-ios-plus-empty\"><\/div>\n\t\t\t\t\t<\/div>\n\t\t\t\t<\/div>\n\t\t\t<\/div>\n\t\t\t<div class=\"gallery-description\">\n\t\t\t\t<h3 class=\"title\">Daily walks<\/h3>\n\t\t\t\t<p class=\"subtitle small\">\n\t\t\t\t\t\t\t\t\t<\/p>\n\t\t\t<\/div>\n\t\t<\/div>\n\t<\/div>\n\t\t\t<div class=\" vc_col-lg-4 vc_col-md-4 vc_col-sm-6 vc_col-xs-12 masonry-block grid-item gallery-image\" data-gallery-item=\"4\" data-lazy-item=\"\" data-lazy-scope=\"gallery\">\n\t\t<div class=\"wrap\">\n\t\t\t\t\t\t\t<img decoding=\"async\" class=\"gimg\" src=\"https:\/\/www.buchinger-wilhelmi.com\/wp-content\/uploads\/2018\/05\/Pool.jpg\" alt=\"Buchinger Wilhelmi, Fasten, Heilfasten, Fasting, Health, Integrative Medicine, Pool, Aussicht, View, Marbella, Andalusia\">\n\t\t\t\t\t\t<div class=\"overlay with-title\">\n\t\t\t\t<div class=\"content-center text-center\">\n\t\t\t\t\t<div class=\"wrap\">\n\t\t\t\t\t\t<h4 class=\"inline\">\n\t\t\t\t\t\t\t\t\t\t\t\t\tPool\t\t\t\t\t\t\t\t\t\t\t\t<\/h4>\n\t\t\t\t\t\t<div class=\"icon inline ion-ios-plus-empty\"><\/div>\n\t\t\t\t\t<\/div>\n\t\t\t\t<\/div>\n\t\t\t<\/div>\n\t\t\t<div class=\"gallery-description\">\n\t\t\t\t<h3 class=\"title\">Pool<\/h3>\n\t\t\t\t<p class=\"subtitle small\">\n\t\t\t\t\t\t\t\t\t<\/p>\n\t\t\t<\/div>\n\t\t<\/div>\n\t<\/div>\n\t\t\t<div class=\" vc_col-lg-4 vc_col-md-4 vc_col-sm-6 vc_col-xs-12 masonry-block grid-item gallery-image\" data-gallery-item=\"5\" data-lazy-item=\"\" data-lazy-scope=\"gallery\">\n\t\t<div class=\"wrap\">\n\t\t\t\t\t\t\t<img decoding=\"async\" class=\"gimg\" src=\"https:\/\/www.buchinger-wilhelmi.com\/wp-content\/uploads\/2018\/05\/Yoga-in-the-garden.jpg\" alt=\"Buchinger Wilhelmi, Fasten, Heilfasten, Fasting, Health, Integrative Medicine, Yoga in the garden, Marbella, Andalusia, Garden, Yoga, Palmen, Palms\">\n\t\t\t\t\t\t<div class=\"overlay with-title\">\n\t\t\t\t<div class=\"content-center text-center\">\n\t\t\t\t\t<div class=\"wrap\">\n\t\t\t\t\t\t<h4 class=\"inline\">\n\t\t\t\t\t\t\t\t\t\t\t\t\tYoga in the garden\t\t\t\t\t\t\t\t\t\t\t\t<\/h4>\n\t\t\t\t\t\t<div class=\"icon inline ion-ios-plus-empty\"><\/div>\n\t\t\t\t\t<\/div>\n\t\t\t\t<\/div>\n\t\t\t<\/div>\n\t\t\t<div class=\"gallery-description\">\n\t\t\t\t<h3 class=\"title\">Yoga in the garden<\/h3>\n\t\t\t\t<p class=\"subtitle small\">\n\t\t\t\t\t\t\t\t\t<\/p>\n\t\t\t<\/div>\n\t\t<\/div>\n\t<\/div>\n\t\t<div class=\"clear\"><\/div>\n\n\t<\/div>\n\n\t<div class=\"lazy-load load-more font-titles\" data-lazy-load=\"click\" data-lazy-pages-count=\"9\" data-lazy-load-url-pattern=\"https:\/\/www.buchinger-wilhelmi.com\/es\/wp-json\/wp\/v2\/pages\/19146\/page\/{{page}}\/\" data-lazy-load-scope=\"gallery\"><span class=\"loadmore-text\">Load More<\/span><span class=\"loading-text\">Loading<\/span><span class=\"icon ion-refresh\"><\/span><\/div>\n<\/div>\n\n<div class=\"norebro-gallery-opened-sc custom-gallery\"\n\tid=\"norebro-custom-6a0733d1aa70c\"\n\tdata-options='{\"navClass\":\"\"}'>\n\n\t<div class=\"expand\">\n\t\t<span class=\"ion-android-expand\"><\/span>\n\t<\/div>\n\t<div class=\"close\">\n\t\t<span class=\"ion-ios-close-empty\"><\/span>\n\t<\/div>\n\n<\/div>\n[\/vc_column][\/vc_row][\/vc_section]\n<\/div>","protected":false},"excerpt":{"rendered":"<p>[vc_section][vc_row][vc_column][vc_column_text]Todo\u00a0 \u00a0 \u00a0 Lago de Constanza\u00a0 \u00a0 \u00a0Marbella[\/vc_column_text][vc_separator][\/vc_column][\/vc_row][\/vc_section]<\/p>\n","protected":false},"author":30,"featured_media":14930,"parent":0,"menu_order":0,"comment_status":"closed","ping_status":"closed","template":"","meta":{"_acf_changed":false,"_custom_body_class":"","_custom_post_class":"","_searchwp_excluded":"","inline_featured_image":false,"footnotes":""},"class_list":["post-19146","page","type-page","status-publish","has-post-thumbnail","hentry"],"acf":[],"yoast_head":"<!-- This site is optimized with the Yoast SEO plugin v23.8 - https:\/\/yoast.com\/wordpress\/plugins\/seo\/ -->\n<title>Impresiones Lago de Constanza y Marbella<\/title>\n<meta name=\"description\" content=\"Vea c\u00f3mo son las cl\u00ednicas de ayuno l\u00edderes en el mundo con m\u00e1s de 100 a\u00f1os de experiencia: BUCHINGER WILHELMI Lago de Constanza y Marbella.\" \/>\n<meta name=\"robots\" content=\"index, follow, max-snippet:-1, max-image-preview:large, max-video-preview:-1\" \/>\n<link rel=\"canonical\" href=\"https:\/\/www.buchinger-wilhelmi.com\/es\/impressionen\/\" \/>\n<meta property=\"og:locale\" content=\"es_ES\" \/>\n<meta property=\"og:type\" content=\"article\" \/>\n<meta property=\"og:title\" content=\"Impresiones Lago de Constanza y Marbella\" \/>\n<meta property=\"og:description\" content=\"Vea c\u00f3mo son las cl\u00ednicas de ayuno l\u00edderes en el mundo con m\u00e1s de 100 a\u00f1os de experiencia: BUCHINGER WILHELMI Lago de Constanza y Marbella.\" \/>\n<meta property=\"og:url\" content=\"https:\/\/www.buchinger-wilhelmi.com\/es\/impressionen\/\" \/>\n<meta property=\"article:publisher\" content=\"https:\/\/www.facebook.com\/BuchingerWilhelmiMarbella\/\" \/>\n<meta property=\"article:modified_time\" content=\"2024-06-14T10:10:03+00:00\" \/>\n<meta property=\"og:image\" content=\"https:\/\/www.buchinger-wilhelmi.com\/wp-content\/uploads\/2018\/05\/Programm_menu.jpg\" \/>\n\t<meta property=\"og:image:width\" content=\"2400\" \/>\n\t<meta property=\"og:image:height\" content=\"1200\" \/>\n\t<meta property=\"og:image:type\" content=\"image\/jpeg\" \/>\n<meta name=\"twitter:card\" content=\"summary_large_image\" \/>\n<meta name=\"twitter:label1\" content=\"Tiempo de lectura\" \/>\n\t<meta name=\"twitter:data1\" content=\"1 minuto\" \/>\n<script type=\"application\/ld+json\" class=\"yoast-schema-graph\">{\"@context\":\"https:\/\/schema.org\",\"@graph\":[{\"@type\":\"WebPage\",\"@id\":\"https:\/\/www.buchinger-wilhelmi.com\/es\/impressionen\/\",\"url\":\"https:\/\/www.buchinger-wilhelmi.com\/es\/impressionen\/\",\"name\":\"Impresiones Lago de Constanza y Marbella\",\"isPartOf\":{\"@id\":\"https:\/\/www.buchinger-wilhelmi.com\/es\/#website\"},\"primaryImageOfPage\":{\"@id\":\"https:\/\/www.buchinger-wilhelmi.com\/es\/impressionen\/#primaryimage\"},\"image\":{\"@id\":\"https:\/\/www.buchinger-wilhelmi.com\/es\/impressionen\/#primaryimage\"},\"thumbnailUrl\":\"https:\/\/www.buchinger-wilhelmi.com\/wp-content\/uploads\/2018\/05\/Programm_menu.jpg\",\"datePublished\":\"2018-04-30T14:50:01+00:00\",\"dateModified\":\"2024-06-14T10:10:03+00:00\",\"description\":\"Vea c\u00f3mo son las cl\u00ednicas de ayuno l\u00edderes en el mundo con m\u00e1s de 100 a\u00f1os de experiencia: BUCHINGER WILHELMI Lago de Constanza y Marbella.\",\"breadcrumb\":{\"@id\":\"https:\/\/www.buchinger-wilhelmi.com\/es\/impressionen\/#breadcrumb\"},\"inLanguage\":\"es\",\"potentialAction\":[{\"@type\":\"ReadAction\",\"target\":[\"https:\/\/www.buchinger-wilhelmi.com\/es\/impressionen\/\"]}]},{\"@type\":\"ImageObject\",\"inLanguage\":\"es\",\"@id\":\"https:\/\/www.buchinger-wilhelmi.com\/es\/impressionen\/#primaryimage\",\"url\":\"https:\/\/www.buchinger-wilhelmi.com\/wp-content\/uploads\/2018\/05\/Programm_menu.jpg\",\"contentUrl\":\"https:\/\/www.buchinger-wilhelmi.com\/wp-content\/uploads\/2018\/05\/Programm_menu.jpg\",\"width\":2400,\"height\":1200,\"caption\":\"Buchinger Wilhelmi, Fasten, Heilfasten, Fasting, Health, Medicina integrativa, ayuno, salud, Integrative Medicine, Marbella, Meditation, meditaci\u00f3n, mar, playa\"},{\"@type\":\"BreadcrumbList\",\"@id\":\"https:\/\/www.buchinger-wilhelmi.com\/es\/impressionen\/#breadcrumb\",\"itemListElement\":[{\"@type\":\"ListItem\",\"position\":1,\"name\":\"Startseite\",\"item\":\"https:\/\/www.buchinger-wilhelmi.com\/es\/\"},{\"@type\":\"ListItem\",\"position\":2,\"name\":\"Impresiones\"}]},{\"@type\":\"WebSite\",\"@id\":\"https:\/\/www.buchinger-wilhelmi.com\/es\/#website\",\"url\":\"https:\/\/www.buchinger-wilhelmi.com\/es\/\",\"name\":\"\",\"description\":\"\",\"publisher\":{\"@id\":\"https:\/\/www.buchinger-wilhelmi.com\/es\/#organization\"},\"potentialAction\":[{\"@type\":\"SearchAction\",\"target\":{\"@type\":\"EntryPoint\",\"urlTemplate\":\"https:\/\/www.buchinger-wilhelmi.com\/es\/?s={search_term_string}\"},\"query-input\":{\"@type\":\"PropertyValueSpecification\",\"valueRequired\":true,\"valueName\":\"search_term_string\"}}],\"inLanguage\":\"es\"},{\"@type\":\"Organization\",\"@id\":\"https:\/\/www.buchinger-wilhelmi.com\/es\/#organization\",\"name\":\"Buchinger Wilhelmi Holding GmbH & Co.KG\",\"url\":\"https:\/\/www.buchinger-wilhelmi.com\/es\/\",\"logo\":{\"@type\":\"ImageObject\",\"inLanguage\":\"es\",\"@id\":\"https:\/\/www.buchinger-wilhelmi.com\/es\/#\/schema\/logo\/image\/\",\"url\":\"https:\/\/www.buchinger-wilhelmi.com\/wp-content\/uploads\/2018\/04\/BW_Logo_black.png\",\"contentUrl\":\"https:\/\/www.buchinger-wilhelmi.com\/wp-content\/uploads\/2018\/04\/BW_Logo_black.png\",\"width\":303,\"height\":76,\"caption\":\"Buchinger Wilhelmi Holding GmbH & Co.KG\"},\"image\":{\"@id\":\"https:\/\/www.buchinger-wilhelmi.com\/es\/#\/schema\/logo\/image\/\"},\"sameAs\":[\"https:\/\/www.facebook.com\/BuchingerWilhelmiMarbella\/\",\"https:\/\/www.instagram.com\/buchingerwilhelmi\/\",\"https:\/\/www.linkedin.com\/company\/buchingerwilhelmi\/\",\"https:\/\/www.pinterest.de\/buchingerwilhelmi\/\",\"https:\/\/www.youtube.com\/channel\/UC6jETvWDCI_W-VVG2AjxOfw\"]}]}<\/script>\n<!-- \/ Yoast SEO plugin. -->","yoast_head_json":{"title":"Impresiones Lago de Constanza y Marbella","description":"Vea c\u00f3mo son las cl\u00ednicas de ayuno l\u00edderes en el mundo con m\u00e1s de 100 a\u00f1os de experiencia: BUCHINGER WILHELMI Lago de Constanza y Marbella.","robots":{"index":"index","follow":"follow","max-snippet":"max-snippet:-1","max-image-preview":"max-image-preview:large","max-video-preview":"max-video-preview:-1"},"canonical":"https:\/\/www.buchinger-wilhelmi.com\/es\/impressionen\/","og_locale":"es_ES","og_type":"article","og_title":"Impresiones Lago de Constanza y Marbella","og_description":"Vea c\u00f3mo son las cl\u00ednicas de ayuno l\u00edderes en el mundo con m\u00e1s de 100 a\u00f1os de experiencia: BUCHINGER WILHELMI Lago de Constanza y Marbella.","og_url":"https:\/\/www.buchinger-wilhelmi.com\/es\/impressionen\/","article_publisher":"https:\/\/www.facebook.com\/BuchingerWilhelmiMarbella\/","article_modified_time":"2024-06-14T10:10:03+00:00","og_image":[{"width":2400,"height":1200,"url":"https:\/\/www.buchinger-wilhelmi.com\/wp-content\/uploads\/2018\/05\/Programm_menu.jpg","type":"image\/jpeg"}],"twitter_card":"summary_large_image","twitter_misc":{"Tiempo de lectura":"1 minuto"},"schema":{"@context":"https:\/\/schema.org","@graph":[{"@type":"WebPage","@id":"https:\/\/www.buchinger-wilhelmi.com\/es\/impressionen\/","url":"https:\/\/www.buchinger-wilhelmi.com\/es\/impressionen\/","name":"Impresiones Lago de Constanza y Marbella","isPartOf":{"@id":"https:\/\/www.buchinger-wilhelmi.com\/es\/#website"},"primaryImageOfPage":{"@id":"https:\/\/www.buchinger-wilhelmi.com\/es\/impressionen\/#primaryimage"},"image":{"@id":"https:\/\/www.buchinger-wilhelmi.com\/es\/impressionen\/#primaryimage"},"thumbnailUrl":"https:\/\/www.buchinger-wilhelmi.com\/wp-content\/uploads\/2018\/05\/Programm_menu.jpg","datePublished":"2018-04-30T14:50:01+00:00","dateModified":"2024-06-14T10:10:03+00:00","description":"Vea c\u00f3mo son las cl\u00ednicas de ayuno l\u00edderes en el mundo con m\u00e1s de 100 a\u00f1os de experiencia: BUCHINGER WILHELMI Lago de Constanza y Marbella.","breadcrumb":{"@id":"https:\/\/www.buchinger-wilhelmi.com\/es\/impressionen\/#breadcrumb"},"inLanguage":"es","potentialAction":[{"@type":"ReadAction","target":["https:\/\/www.buchinger-wilhelmi.com\/es\/impressionen\/"]}]},{"@type":"ImageObject","inLanguage":"es","@id":"https:\/\/www.buchinger-wilhelmi.com\/es\/impressionen\/#primaryimage","url":"https:\/\/www.buchinger-wilhelmi.com\/wp-content\/uploads\/2018\/05\/Programm_menu.jpg","contentUrl":"https:\/\/www.buchinger-wilhelmi.com\/wp-content\/uploads\/2018\/05\/Programm_menu.jpg","width":2400,"height":1200,"caption":"Buchinger Wilhelmi, Fasten, Heilfasten, Fasting, Health, Medicina integrativa, ayuno, salud, Integrative Medicine, Marbella, Meditation, meditaci\u00f3n, mar, playa"},{"@type":"BreadcrumbList","@id":"https:\/\/www.buchinger-wilhelmi.com\/es\/impressionen\/#breadcrumb","itemListElement":[{"@type":"ListItem","position":1,"name":"Startseite","item":"https:\/\/www.buchinger-wilhelmi.com\/es\/"},{"@type":"ListItem","position":2,"name":"Impresiones"}]},{"@type":"WebSite","@id":"https:\/\/www.buchinger-wilhelmi.com\/es\/#website","url":"https:\/\/www.buchinger-wilhelmi.com\/es\/","name":"","description":"","publisher":{"@id":"https:\/\/www.buchinger-wilhelmi.com\/es\/#organization"},"potentialAction":[{"@type":"SearchAction","target":{"@type":"EntryPoint","urlTemplate":"https:\/\/www.buchinger-wilhelmi.com\/es\/?s={search_term_string}"},"query-input":{"@type":"PropertyValueSpecification","valueRequired":true,"valueName":"search_term_string"}}],"inLanguage":"es"},{"@type":"Organization","@id":"https:\/\/www.buchinger-wilhelmi.com\/es\/#organization","name":"Buchinger Wilhelmi Holding GmbH & Co.KG","url":"https:\/\/www.buchinger-wilhelmi.com\/es\/","logo":{"@type":"ImageObject","inLanguage":"es","@id":"https:\/\/www.buchinger-wilhelmi.com\/es\/#\/schema\/logo\/image\/","url":"https:\/\/www.buchinger-wilhelmi.com\/wp-content\/uploads\/2018\/04\/BW_Logo_black.png","contentUrl":"https:\/\/www.buchinger-wilhelmi.com\/wp-content\/uploads\/2018\/04\/BW_Logo_black.png","width":303,"height":76,"caption":"Buchinger Wilhelmi Holding GmbH & Co.KG"},"image":{"@id":"https:\/\/www.buchinger-wilhelmi.com\/es\/#\/schema\/logo\/image\/"},"sameAs":["https:\/\/www.facebook.com\/BuchingerWilhelmiMarbella\/","https:\/\/www.instagram.com\/buchingerwilhelmi\/","https:\/\/www.linkedin.com\/company\/buchingerwilhelmi\/","https:\/\/www.pinterest.de\/buchingerwilhelmi\/","https:\/\/www.youtube.com\/channel\/UC6jETvWDCI_W-VVG2AjxOfw"]}]}},"_links":{"self":[{"href":"https:\/\/www.buchinger-wilhelmi.com\/es\/wp-json\/wp\/v2\/pages\/19146"}],"collection":[{"href":"https:\/\/www.buchinger-wilhelmi.com\/es\/wp-json\/wp\/v2\/pages"}],"about":[{"href":"https:\/\/www.buchinger-wilhelmi.com\/es\/wp-json\/wp\/v2\/types\/page"}],"author":[{"embeddable":true,"href":"https:\/\/www.buchinger-wilhelmi.com\/es\/wp-json\/wp\/v2\/users\/30"}],"replies":[{"embeddable":true,"href":"https:\/\/www.buchinger-wilhelmi.com\/es\/wp-json\/wp\/v2\/comments?post=19146"}],"version-history":[{"count":8,"href":"https:\/\/www.buchinger-wilhelmi.com\/es\/wp-json\/wp\/v2\/pages\/19146\/revisions"}],"predecessor-version":[{"id":80133,"href":"https:\/\/www.buchinger-wilhelmi.com\/es\/wp-json\/wp\/v2\/pages\/19146\/revisions\/80133"}],"wp:featuredmedia":[{"embeddable":true,"href":"https:\/\/www.buchinger-wilhelmi.com\/es\/wp-json\/wp\/v2\/media\/14930"}],"wp:attachment":[{"href":"https:\/\/www.buchinger-wilhelmi.com\/es\/wp-json\/wp\/v2\/media?parent=19146"}],"curies":[{"name":"wp","href":"https:\/\/api.w.org\/{rel}","templated":true}]}}