{"id":19150,"date":"2018-06-08T16:23:14","date_gmt":"2018-06-08T14:23:14","guid":{"rendered":"https:\/\/www.buchinger-wilhelmi.com\/kooperationen\/"},"modified":"2018-11-12T18:01:02","modified_gmt":"2018-11-12T17:01:02","slug":"kooperationen","status":"publish","type":"page","link":"https:\/\/www.buchinger-wilhelmi.com\/es\/kooperationen\/","title":{"rendered":"Cooperaciones"},"content":{"rendered":"<div class=\"wpb-content-wrapper\">[vc_row][vc_column][vc_empty_space height=\u00bb30px\u00bb][\/vc_column][\/vc_row][vc_row equal_height=\u00bbyes\u00bb][vc_column width=\u00bb6\/12&#8243;][vc_column_text]\n<h3><b>Nuestros principios: sostenibilidad, asociaci\u00f3n, atenci\u00f3n al equilibrio biol\u00f3gico y regional<\/b><\/h3>\n<p>Los dos establecimientos Buchinger Wilhelmi est\u00e1n ubicados en regiones en las que se disfruta de una alta calidad de vida y plenamente integrados en sus redes econ\u00f3micas y culturales. En colaboraci\u00f3n con empresas locales desarrollamos atractivas ofertas para nuestros pacientes y contribuimos al bienestar social de la regi\u00f3n. Como empresa familiar, tenemos muy en cuenta a las futuras generaciones y asumimos nuestra responsabilidad en lograr un desarrollo sostenible.<\/p>\n<p>De acuerdo con nuestro concepto, concedemos gran importancia a la colaboraci\u00f3n con artistas locales en proyectos teatrales y musicales, as\u00ed como al fomento de la agricultura biol\u00f3gica regional. Asimismo, prestamos apoyo a distintas organizaciones, tales como el movimiento <i>slow<\/i> <i>food<\/i> y a otras instituciones con objetivos similares, como la Casa Lassalle, en Bad Sch\u00f6nbrunn.<\/p>\n<p>Seguimos desarrollando nuestro trabajo en el \u00e1mbito de la medicina y la diet\u00e9tica junto con prestigiosos socios colaboradores, como la nueva c\u00e1tedra de Turismo de Salud y Bienestar, de la Universidad de M\u00e1laga, o la Universidad de Jena.<\/p>\n[\/vc_column_text][\/vc_column][vc_column width=\u00bb1\/12&#8243;][\/vc_column][vc_column width=\u00bb5\/12&#8243; css=\u00bb.vc_custom_1530626082726{background-image: url(https:\/\/www.buchinger-wilhelmi.com\/wp-content\/uploads\/2018\/06\/3.4.5.Unternehme_Kooperationen_Unsere-Prinzipien.jpg?id=17338) !important;background-position: center !important;background-repeat: no-repeat !important;background-size: cover !important;}\u00bb][\/vc_column][\/vc_row][vc_row][vc_column][vc_empty_space height=\u00bb100px\u00bb][\/vc_column][\/vc_row][vc_row content_placement=\u00bbmiddle\u00bb][vc_column width=\u00bb2\/12&#8243;][vc_single_image image=\u00bb16545&#8243; img_size=\u00bbfull\u00bb alignment=\u00bbcenter\u00bb][\/vc_column][vc_column width=\u00bb4\/12&#8243;][vc_column_text]<b>Aenor<\/b><\/p>\n<p>Tel: +34 952 02 87 10<\/p>\n<p>E-Mail:\u00a0<a href=\"mailto:info@aenor.es\">info@aenor.es<\/a><\/p>\n<p><a href=\"http:\/\/www.aenor.es\/\">www.aenor.es<\/a>[\/vc_column_text][\/vc_column][vc_column width=\u00bb2\/12&#8243;][vc_single_image image=\u00bb16537&#8243; img_size=\u00bbfull\u00bb alignment=\u00bbcenter\u00bb][\/vc_column][vc_column width=\u00bb4\/12&#8243;][vc_column_text]<b>\u00c4rztegesellschaft Heilfasten und Ern\u00e4hrung e.V.<\/b><\/p>\n<p>Tel: +49 7551 807825<\/p>\n<p>E-Mail:\u00a0<a href=\"mailto:info@aerztegesellschaft-heilfasten.de\">info@aerztegesellschaft-heilfasten.de<\/a><\/p>\n<p><a href=\"http:\/\/www.aerztegesellschaft-heilfasten.de\/\">www.aerztegesellschaft-heilfasten.de<\/a>[\/vc_column_text][\/vc_column][\/vc_row][vc_row][vc_column][vc_empty_space height=\u00bb50px\u00bb][\/vc_column][\/vc_row][vc_row content_placement=\u00bbmiddle\u00bb][vc_column width=\u00bb2\/12&#8243;][vc_single_image image=\u00bb16541&#8243; img_size=\u00bbfull\u00bb alignment=\u00bbcenter\u00bb][\/vc_column][vc_column width=\u00bb4\/12&#8243;][vc_column_text]<b>Amigos de la m\u00fasica <\/b><\/p>\n<p>Tel: +34 952 81 50 47<\/p>\n<p>E-Mail:\u00a0<a href=\"mailto:amigosdelamusicamarbella@hotmail.com\">amigosdelamusicamarbella@hotmail.com<\/a><\/p>\n<p><a href=\"http:\/\/www.amigosdelamusicamarbella.com\/\">www.amigosdelamusicamarbella.com<\/a>[\/vc_column_text][\/vc_column][vc_column width=\u00bb2\/12&#8243;][vc_single_image image=\u00bb16553&#8243; img_size=\u00bbfull\u00bb alignment=\u00bbcenter\u00bb][\/vc_column][vc_column width=\u00bb4\/12&#8243;][vc_column_text]<b>Asociaci\u00f3n Espa\u00f1ola de M\u00e9dicos Naturistas<\/b><\/p>\n<p>Tel: +34 91 306 38 19<\/p>\n<p>E-Mail:\u00a0<a href=\"mailto:info@medicosnaturistas.es\">info@medicosnaturistas.es<\/a><\/p>\n<p><a href=\"http:\/\/www.aemn.es\/\">www.aemn.es<\/a>[\/vc_column_text][\/vc_column][\/vc_row][vc_row][vc_column][vc_empty_space height=\u00bb50px\u00bb][\/vc_column][\/vc_row][vc_row content_placement=\u00bbmiddle\u00bb][vc_column width=\u00bb2\/12&#8243;][vc_single_image image=\u00bb16561&#8243; img_size=\u00bbfull\u00bb alignment=\u00bbcenter\u00bb][\/vc_column][vc_column width=\u00bb4\/12&#8243;][vc_column_text]<b>Arboretum Marbella<\/b><\/p>\n<p>Tel: +34 951 137 210<\/p>\n<p>E-Mail:\u00a0<a href=\"mailto:info@arboretummarbella.org\">info@arboretummarbella.org<\/a><\/p>\n<p><a href=\"http:\/\/www.arboretummarbella.org\/\">www.arboretummarbella.org<\/a>[\/vc_column_text][\/vc_column][vc_column width=\u00bb2\/12&#8243;][vc_single_image image=\u00bb16533&#8243; img_size=\u00bbfull\u00bb alignment=\u00bbcenter\u00bb][\/vc_column][vc_column width=\u00bb4\/12&#8243;][vc_column_text]<b>Centro de Divulgaci\u00f3n Musical del Mediterr\u00e1neo<\/b><\/p>\n<p>Tel: +34 689 000 944<\/p>\n<p><a href=\"http:\/\/www.musicaconencanto.org\/\">www.musicaconencanto.org<\/a>[\/vc_column_text][\/vc_column][\/vc_row][vc_row][vc_column][vc_empty_space height=\u00bb50px\u00bb][\/vc_column][\/vc_row][vc_row content_placement=\u00bbmiddle\u00bb][vc_column width=\u00bb2\/12&#8243;][vc_single_image image=\u00bb16549&#8243; img_size=\u00bbfull\u00bb alignment=\u00bbcenter\u00bb][\/vc_column][vc_column width=\u00bb4\/12&#8243;][vc_column_text]<b>cit<\/b><\/p>\n<p>Tel: +34 952 906 970<\/p>\n<p>E-Mail:\u00a0<a href=\"mailto:info@citmarbella.es\">info@citmarbella.es<\/a><\/p>\n<p><a href=\"http:\/\/www.citmarbella.es\/\">www.citmarbella.es<\/a>[\/vc_column_text][\/vc_column][vc_column width=\u00bb2\/12&#8243;][vc_single_image image=\u00bb16525&#8243; img_size=\u00bbfull\u00bb alignment=\u00bbcenter\u00bb][\/vc_column][vc_column width=\u00bb4\/12&#8243;][vc_column_text]<b>Lassalle-Haus Bad Sch\u00f6nbrunn<\/b><\/p>\n<p>Tel: +41 41757 1414<\/p>\n<p>E-Mail:\u00a0<a href=\"mailto:info@lassalle-haus.org\">info@lassalle-haus.org<\/a><\/p>\n<p><a href=\"http:\/\/www.lassalle-haus.org\/\">www.lassalle-haus.org<\/a>[\/vc_column_text][\/vc_column][\/vc_row][vc_row][vc_column][vc_empty_space height=\u00bb50px\u00bb][\/vc_column][\/vc_row][vc_row content_placement=\u00bbmiddle\u00bb][vc_column width=\u00bb2\/12&#8243;][vc_single_image image=\u00bb15396&#8243; img_size=\u00bbfull\u00bb alignment=\u00bbcenter\u00bb][\/vc_column][vc_column width=\u00bb4\/12&#8243;][vc_column_text]<b>Deutsche Akademie f\u00fcr Ern\u00e4hrungsmedizin<\/b><\/p>\n<p>Tel: +49 761 7898-0<\/p>\n<p>E-Mail:\u00a0<a href=\"mailto:info@daem.de\">info@daem.de<\/a><\/p>\n<p><a href=\"http:\/\/www.daem.de\/\">www.daem.de<\/a>[\/vc_column_text][\/vc_column][vc_column width=\u00bb2\/12&#8243;][vc_single_image image=\u00bb15258&#8243; img_size=\u00bbfull\u00bb alignment=\u00bbcenter\u00bb][\/vc_column][vc_column width=\u00bb4\/12&#8243;][vc_column_text]<b>Right Livelihood Award Foundation<\/b><\/p>\n<p>Tel: +46 8 70203-40<\/p>\n<p>E-Mail:\u00a0<a href=\"mailto:info@rightlivelihood.org\">info@rightlivelihood.org<\/a><\/p>\n<p><a href=\"http:\/\/www.rightlivelihood.org\/\">www.rightlivelihood.org<\/a>[\/vc_column_text][\/vc_column][\/vc_row][vc_row][vc_column][vc_empty_space height=\u00bb50px\u00bb][\/vc_column][\/vc_row][vc_row content_placement=\u00bbmiddle\u00bb][vc_column width=\u00bb2\/12&#8243;][vc_single_image image=\u00bb19034&#8243; img_size=\u00bbfull\u00bb alignment=\u00bbcenter\u00bb][\/vc_column][vc_column width=\u00bb4\/12&#8243;][vc_column_text]<b>Facultad de Ciencias Deleg. Alumnos de Ciencias (M\u00f3dulo de CC. Biol\u00f3gicas)<\/b><\/p>\n<p>Tel: +34 952 13 10 00<\/p>\n<p>E-Mail:\u00a0<a href=\"mailto:informacion@uma.es\">informacion@uma.es<\/a><\/p>\n<p><a href=\"http:\/\/www.uma.es\/\">www.uma.es<\/a>[\/vc_column_text][\/vc_column][vc_column width=\u00bb2\/12&#8243;][vc_single_image image=\u00bb15254&#8243; img_size=\u00bbfull\u00bb alignment=\u00bbcenter\u00bb][\/vc_column][vc_column width=\u00bb4\/12&#8243;][vc_column_text]<b>Slow Food Deutschland e.V.<\/b><\/p>\n<p>Tel: +49 30 24625-939<\/p>\n<p>E-Mail:\u00a0<a href=\"mailto:info@slowfood.de\">info@slowfood.de<\/a><\/p>\n<p><a href=\"http:\/\/www.slowfood.de\/\">www.slowfood.de<\/a>[\/vc_column_text][\/vc_column][\/vc_row][vc_row][vc_column][vc_empty_space height=\u00bb50px\u00bb][\/vc_column][\/vc_row][vc_row content_placement=\u00bbmiddle\u00bb][vc_column width=\u00bb2\/12&#8243;][vc_single_image image=\u00bb16557&#8243; img_size=\u00bbfull\u00bb alignment=\u00bbcenter\u00bb][\/vc_column][vc_column width=\u00bb4\/12&#8243;][vc_column_text]<b>Fundaci\u00f3n<\/b>\u00a0<strong>Cudeca<\/strong><\/p>\n<p>Tel: +34 952 56 49 10<\/p>\n<p>E-Mail:\u00a0<a href=\"mailto:cudeca@cudeca.org\">cudeca@cudeca.org<\/a><\/p>\n<p><a href=\"http:\/\/www.cudeca.org\/\">www.cudeca.org<\/a>[\/vc_column_text][\/vc_column][vc_column width=\u00bb2\/12&#8243;][\/vc_column][vc_column width=\u00bb4\/12&#8243;][\/vc_column][\/vc_row]\n<\/div>","protected":false},"excerpt":{"rendered":"<p>[vc_row][vc_column][vc_empty_space height=\u00bb30px\u00bb][\/vc_column][\/vc_row][vc_row equal_height=\u00bbyes\u00bb][vc_column width=\u00bb6\/12&#8243;][vc_column_text] Nuestros principios: sostenibilidad, asociaci\u00f3n, atenci\u00f3n al equilibrio biol\u00f3gico y regional&#8230;<\/p>\n","protected":false},"author":30,"featured_media":17696,"parent":0,"menu_order":0,"comment_status":"closed","ping_status":"closed","template":"","meta":{"_acf_changed":false,"_custom_body_class":"kooperationen","_custom_post_class":"","_searchwp_excluded":"","inline_featured_image":false,"footnotes":""},"class_list":["post-19150","page","type-page","status-publish","has-post-thumbnail","hentry"],"acf":[],"yoast_head":"<!-- This site is optimized with the Yoast SEO plugin v23.8 - https:\/\/yoast.com\/wordpress\/plugins\/seo\/ -->\n<title>Cooperaciones - BUCHINGER WILHELMI<\/title>\n<meta name=\"description\" content=\"La proximidad nos importa mucho. Por ello colaboramos con socios y proveedores locales y apoyamos la agricultura ecol\u00f3gica regional.\" \/>\n<meta name=\"robots\" content=\"index, follow, max-snippet:-1, max-image-preview:large, max-video-preview:-1\" \/>\n<link rel=\"canonical\" href=\"https:\/\/www.buchinger-wilhelmi.com\/es\/kooperationen\/\" \/>\n<meta property=\"og:locale\" content=\"es_ES\" \/>\n<meta property=\"og:type\" content=\"article\" \/>\n<meta property=\"og:title\" content=\"Cooperaciones - BUCHINGER WILHELMI\" \/>\n<meta property=\"og:description\" content=\"La proximidad nos importa mucho. Por ello colaboramos con socios y proveedores locales y apoyamos la agricultura ecol\u00f3gica regional.\" \/>\n<meta property=\"og:url\" content=\"https:\/\/www.buchinger-wilhelmi.com\/es\/kooperationen\/\" \/>\n<meta property=\"article:publisher\" content=\"https:\/\/www.facebook.com\/BuchingerWilhelmiMarbella\/\" \/>\n<meta property=\"article:modified_time\" content=\"2018-11-12T17:01:02+00:00\" \/>\n<meta property=\"og:image\" content=\"https:\/\/www.buchinger-wilhelmi.com\/wp-content\/uploads\/2018\/06\/3.4.5.Unternehme_Kooperationen_Header.jpg\" \/>\n\t<meta property=\"og:image:width\" content=\"6144\" \/>\n\t<meta property=\"og:image:height\" content=\"3160\" \/>\n\t<meta property=\"og:image:type\" content=\"image\/jpeg\" \/>\n<meta name=\"twitter:card\" content=\"summary_large_image\" \/>\n<meta name=\"twitter:label1\" content=\"Tiempo de lectura\" \/>\n\t<meta name=\"twitter:data1\" content=\"4 minutos\" \/>\n<script type=\"application\/ld+json\" class=\"yoast-schema-graph\">{\"@context\":\"https:\/\/schema.org\",\"@graph\":[{\"@type\":\"WebPage\",\"@id\":\"https:\/\/www.buchinger-wilhelmi.com\/es\/kooperationen\/\",\"url\":\"https:\/\/www.buchinger-wilhelmi.com\/es\/kooperationen\/\",\"name\":\"Cooperaciones - BUCHINGER WILHELMI\",\"isPartOf\":{\"@id\":\"https:\/\/www.buchinger-wilhelmi.com\/es\/#website\"},\"primaryImageOfPage\":{\"@id\":\"https:\/\/www.buchinger-wilhelmi.com\/es\/kooperationen\/#primaryimage\"},\"image\":{\"@id\":\"https:\/\/www.buchinger-wilhelmi.com\/es\/kooperationen\/#primaryimage\"},\"thumbnailUrl\":\"https:\/\/www.buchinger-wilhelmi.com\/wp-content\/uploads\/2018\/06\/3.4.5.Unternehme_Kooperationen_Header.jpg\",\"datePublished\":\"2018-06-08T14:23:14+00:00\",\"dateModified\":\"2018-11-12T17:01:02+00:00\",\"description\":\"La proximidad nos importa mucho. Por ello colaboramos con socios y proveedores locales y apoyamos la agricultura ecol\u00f3gica regional.\",\"breadcrumb\":{\"@id\":\"https:\/\/www.buchinger-wilhelmi.com\/es\/kooperationen\/#breadcrumb\"},\"inLanguage\":\"es\",\"potentialAction\":[{\"@type\":\"ReadAction\",\"target\":[\"https:\/\/www.buchinger-wilhelmi.com\/es\/kooperationen\/\"]}]},{\"@type\":\"ImageObject\",\"inLanguage\":\"es\",\"@id\":\"https:\/\/www.buchinger-wilhelmi.com\/es\/kooperationen\/#primaryimage\",\"url\":\"https:\/\/www.buchinger-wilhelmi.com\/wp-content\/uploads\/2018\/06\/3.4.5.Unternehme_Kooperationen_Header.jpg\",\"contentUrl\":\"https:\/\/www.buchinger-wilhelmi.com\/wp-content\/uploads\/2018\/06\/3.4.5.Unternehme_Kooperationen_Header.jpg\",\"width\":6144,\"height\":3160,\"caption\":\"Buchinger Wilhelmi, Fasten, Heilfasten, Fasting, Health, Medicina integrativa, ayuno, salud, Integrative Medicine, Morning Walk, Sunset, Marbella, Andulusien,\"},{\"@type\":\"BreadcrumbList\",\"@id\":\"https:\/\/www.buchinger-wilhelmi.com\/es\/kooperationen\/#breadcrumb\",\"itemListElement\":[{\"@type\":\"ListItem\",\"position\":1,\"name\":\"Startseite\",\"item\":\"https:\/\/www.buchinger-wilhelmi.com\/es\/\"},{\"@type\":\"ListItem\",\"position\":2,\"name\":\"Cooperaciones\"}]},{\"@type\":\"WebSite\",\"@id\":\"https:\/\/www.buchinger-wilhelmi.com\/es\/#website\",\"url\":\"https:\/\/www.buchinger-wilhelmi.com\/es\/\",\"name\":\"\",\"description\":\"\",\"publisher\":{\"@id\":\"https:\/\/www.buchinger-wilhelmi.com\/es\/#organization\"},\"potentialAction\":[{\"@type\":\"SearchAction\",\"target\":{\"@type\":\"EntryPoint\",\"urlTemplate\":\"https:\/\/www.buchinger-wilhelmi.com\/es\/?s={search_term_string}\"},\"query-input\":{\"@type\":\"PropertyValueSpecification\",\"valueRequired\":true,\"valueName\":\"search_term_string\"}}],\"inLanguage\":\"es\"},{\"@type\":\"Organization\",\"@id\":\"https:\/\/www.buchinger-wilhelmi.com\/es\/#organization\",\"name\":\"Buchinger Wilhelmi Holding GmbH & Co.KG\",\"url\":\"https:\/\/www.buchinger-wilhelmi.com\/es\/\",\"logo\":{\"@type\":\"ImageObject\",\"inLanguage\":\"es\",\"@id\":\"https:\/\/www.buchinger-wilhelmi.com\/es\/#\/schema\/logo\/image\/\",\"url\":\"https:\/\/www.buchinger-wilhelmi.com\/wp-content\/uploads\/2018\/04\/BW_Logo_black.png\",\"contentUrl\":\"https:\/\/www.buchinger-wilhelmi.com\/wp-content\/uploads\/2018\/04\/BW_Logo_black.png\",\"width\":303,\"height\":76,\"caption\":\"Buchinger Wilhelmi Holding GmbH & Co.KG\"},\"image\":{\"@id\":\"https:\/\/www.buchinger-wilhelmi.com\/es\/#\/schema\/logo\/image\/\"},\"sameAs\":[\"https:\/\/www.facebook.com\/BuchingerWilhelmiMarbella\/\",\"https:\/\/www.instagram.com\/buchingerwilhelmi\/\",\"https:\/\/www.linkedin.com\/company\/buchingerwilhelmi\/\",\"https:\/\/www.pinterest.de\/buchingerwilhelmi\/\",\"https:\/\/www.youtube.com\/channel\/UC6jETvWDCI_W-VVG2AjxOfw\"]}]}<\/script>\n<!-- \/ Yoast SEO plugin. -->","yoast_head_json":{"title":"Cooperaciones - BUCHINGER WILHELMI","description":"La proximidad nos importa mucho. Por ello colaboramos con socios y proveedores locales y apoyamos la agricultura ecol\u00f3gica regional.","robots":{"index":"index","follow":"follow","max-snippet":"max-snippet:-1","max-image-preview":"max-image-preview:large","max-video-preview":"max-video-preview:-1"},"canonical":"https:\/\/www.buchinger-wilhelmi.com\/es\/kooperationen\/","og_locale":"es_ES","og_type":"article","og_title":"Cooperaciones - BUCHINGER WILHELMI","og_description":"La proximidad nos importa mucho. Por ello colaboramos con socios y proveedores locales y apoyamos la agricultura ecol\u00f3gica regional.","og_url":"https:\/\/www.buchinger-wilhelmi.com\/es\/kooperationen\/","article_publisher":"https:\/\/www.facebook.com\/BuchingerWilhelmiMarbella\/","article_modified_time":"2018-11-12T17:01:02+00:00","og_image":[{"width":6144,"height":3160,"url":"https:\/\/www.buchinger-wilhelmi.com\/wp-content\/uploads\/2018\/06\/3.4.5.Unternehme_Kooperationen_Header.jpg","type":"image\/jpeg"}],"twitter_card":"summary_large_image","twitter_misc":{"Tiempo de lectura":"4 minutos"},"schema":{"@context":"https:\/\/schema.org","@graph":[{"@type":"WebPage","@id":"https:\/\/www.buchinger-wilhelmi.com\/es\/kooperationen\/","url":"https:\/\/www.buchinger-wilhelmi.com\/es\/kooperationen\/","name":"Cooperaciones - BUCHINGER WILHELMI","isPartOf":{"@id":"https:\/\/www.buchinger-wilhelmi.com\/es\/#website"},"primaryImageOfPage":{"@id":"https:\/\/www.buchinger-wilhelmi.com\/es\/kooperationen\/#primaryimage"},"image":{"@id":"https:\/\/www.buchinger-wilhelmi.com\/es\/kooperationen\/#primaryimage"},"thumbnailUrl":"https:\/\/www.buchinger-wilhelmi.com\/wp-content\/uploads\/2018\/06\/3.4.5.Unternehme_Kooperationen_Header.jpg","datePublished":"2018-06-08T14:23:14+00:00","dateModified":"2018-11-12T17:01:02+00:00","description":"La proximidad nos importa mucho. Por ello colaboramos con socios y proveedores locales y apoyamos la agricultura ecol\u00f3gica regional.","breadcrumb":{"@id":"https:\/\/www.buchinger-wilhelmi.com\/es\/kooperationen\/#breadcrumb"},"inLanguage":"es","potentialAction":[{"@type":"ReadAction","target":["https:\/\/www.buchinger-wilhelmi.com\/es\/kooperationen\/"]}]},{"@type":"ImageObject","inLanguage":"es","@id":"https:\/\/www.buchinger-wilhelmi.com\/es\/kooperationen\/#primaryimage","url":"https:\/\/www.buchinger-wilhelmi.com\/wp-content\/uploads\/2018\/06\/3.4.5.Unternehme_Kooperationen_Header.jpg","contentUrl":"https:\/\/www.buchinger-wilhelmi.com\/wp-content\/uploads\/2018\/06\/3.4.5.Unternehme_Kooperationen_Header.jpg","width":6144,"height":3160,"caption":"Buchinger Wilhelmi, Fasten, Heilfasten, Fasting, Health, Medicina integrativa, ayuno, salud, Integrative Medicine, Morning Walk, Sunset, Marbella, Andulusien,"},{"@type":"BreadcrumbList","@id":"https:\/\/www.buchinger-wilhelmi.com\/es\/kooperationen\/#breadcrumb","itemListElement":[{"@type":"ListItem","position":1,"name":"Startseite","item":"https:\/\/www.buchinger-wilhelmi.com\/es\/"},{"@type":"ListItem","position":2,"name":"Cooperaciones"}]},{"@type":"WebSite","@id":"https:\/\/www.buchinger-wilhelmi.com\/es\/#website","url":"https:\/\/www.buchinger-wilhelmi.com\/es\/","name":"","description":"","publisher":{"@id":"https:\/\/www.buchinger-wilhelmi.com\/es\/#organization"},"potentialAction":[{"@type":"SearchAction","target":{"@type":"EntryPoint","urlTemplate":"https:\/\/www.buchinger-wilhelmi.com\/es\/?s={search_term_string}"},"query-input":{"@type":"PropertyValueSpecification","valueRequired":true,"valueName":"search_term_string"}}],"inLanguage":"es"},{"@type":"Organization","@id":"https:\/\/www.buchinger-wilhelmi.com\/es\/#organization","name":"Buchinger Wilhelmi Holding GmbH & Co.KG","url":"https:\/\/www.buchinger-wilhelmi.com\/es\/","logo":{"@type":"ImageObject","inLanguage":"es","@id":"https:\/\/www.buchinger-wilhelmi.com\/es\/#\/schema\/logo\/image\/","url":"https:\/\/www.buchinger-wilhelmi.com\/wp-content\/uploads\/2018\/04\/BW_Logo_black.png","contentUrl":"https:\/\/www.buchinger-wilhelmi.com\/wp-content\/uploads\/2018\/04\/BW_Logo_black.png","width":303,"height":76,"caption":"Buchinger Wilhelmi Holding GmbH & Co.KG"},"image":{"@id":"https:\/\/www.buchinger-wilhelmi.com\/es\/#\/schema\/logo\/image\/"},"sameAs":["https:\/\/www.facebook.com\/BuchingerWilhelmiMarbella\/","https:\/\/www.instagram.com\/buchingerwilhelmi\/","https:\/\/www.linkedin.com\/company\/buchingerwilhelmi\/","https:\/\/www.pinterest.de\/buchingerwilhelmi\/","https:\/\/www.youtube.com\/channel\/UC6jETvWDCI_W-VVG2AjxOfw"]}]}},"_links":{"self":[{"href":"https:\/\/www.buchinger-wilhelmi.com\/es\/wp-json\/wp\/v2\/pages\/19150"}],"collection":[{"href":"https:\/\/www.buchinger-wilhelmi.com\/es\/wp-json\/wp\/v2\/pages"}],"about":[{"href":"https:\/\/www.buchinger-wilhelmi.com\/es\/wp-json\/wp\/v2\/types\/page"}],"author":[{"embeddable":true,"href":"https:\/\/www.buchinger-wilhelmi.com\/es\/wp-json\/wp\/v2\/users\/30"}],"replies":[{"embeddable":true,"href":"https:\/\/www.buchinger-wilhelmi.com\/es\/wp-json\/wp\/v2\/comments?post=19150"}],"version-history":[{"count":7,"href":"https:\/\/www.buchinger-wilhelmi.com\/es\/wp-json\/wp\/v2\/pages\/19150\/revisions"}],"predecessor-version":[{"id":22839,"href":"https:\/\/www.buchinger-wilhelmi.com\/es\/wp-json\/wp\/v2\/pages\/19150\/revisions\/22839"}],"wp:featuredmedia":[{"embeddable":true,"href":"https:\/\/www.buchinger-wilhelmi.com\/es\/wp-json\/wp\/v2\/media\/17696"}],"wp:attachment":[{"href":"https:\/\/www.buchinger-wilhelmi.com\/es\/wp-json\/wp\/v2\/media?parent=19150"}],"curies":[{"name":"wp","href":"https:\/\/api.w.org\/{rel}","templated":true}]}}