{"id":19272,"date":"2018-06-04T12:42:34","date_gmt":"2018-06-04T10:42:34","guid":{"rendered":"https:\/\/www.buchinger-wilhelmi.com\/impressum\/"},"modified":"2025-05-27T16:11:26","modified_gmt":"2025-05-27T14:11:26","slug":"impressum","status":"publish","type":"page","link":"https:\/\/www.buchinger-wilhelmi.com\/es\/impressum\/","title":{"rendered":"Aviso legal"},"content":{"rendered":"<div class=\"wpb-content-wrapper\">[vc_row][vc_column][vc_column_text]\n<h2>Aviso legal<\/h2>\n<p>Buchinger Wilhelmi Development &amp; Holding GmbH<br \/>\nWilhelm-Beck-Strasse 27<br \/>\n88662 \u00dcberlingen<br \/>\nAlemania<\/p>\n<p>Representada por: Leonard Wilhelmi, Victor Wilhelmi, Katharina Rohrer Zaiser, Oliver Hitzler<\/p>\n<p>Contacto:<br \/>\nTel\u00e9fono: +49 7551\/807-0<br \/>\nTelefax: +49 7551\/807-889<br \/>\nE-Mail: <u><a href=\"mailto:info@buchinger-wilhelmi.com\">info@buchinger-wilhelmi.com<\/a><\/u><\/p>\n<p>Inscripci\u00f3n registral:<br \/>\nInscrita en el Registro Mercantil<br \/>\nJuzgado de Registro: Juzgado de Primera Instancia de Friburgo<br \/>\nN\u00famero de registro: HRB 719399<br \/>\nN\u00famero de identificaci\u00f3n a efectos del impuesto sobre el valor a\u00f1adido<br \/>\nN\u00famero de identificaci\u00f3n a efectos del impuesto sobre el valor a\u00f1adido seg\u00fan el art\u00edculo 27 a de la Ley sobre el Impuesto del Valor A\u00f1adido:<br \/>\nDE33 106 3212<\/p>\n<p>No estamos obligados ni tampoco deseamos intervenir en un procedimiento de soluci\u00f3n de controversias ante un organismo de arbitraje.<\/p>\n<p>\u00d6KO Kontrollstelle:\u00a0DE-\u00d6KO-005<\/p>\n<p>Exenci\u00f3n de responsabilidad:<br \/>\nBuchinger Wilhelmi Development &amp; Holding GmbH , en su calidad de proveedor, es responsable, seg\u00fan el apartado 1 del art\u00edculo 7 de la Ley alemana de Telemedios, de los contenidos propios que se ponen a disposici\u00f3n para su consulta en www.buchinger-wilhelmi.com de conformidad con la legislaci\u00f3n general.<\/p>\n<p>De lo establecido en el p\u00e1rrafo anterior hay que distinguir los contenidos ajenos de otros proveedores que Buchinger Wilhelmi Development &amp; Holding GmbH pone a disposici\u00f3n de los usuarios a trav\u00e9s de referencias cruzadas (\u201clinks\u201d) en www.buchinger-wilhelmi.com. Cuando se establece un enlace por primera vez, se comprueba la legalidad de los contenidos ajenos. No obstante, dichos contenidos pueden ser modificados posteriormente por el proveedor correspondiente. Comprobaremos y perseguiremos inmediatamente cualquier indicio de contenido ilegal.<\/p>\n<p>Derechos de propiedad intelectual:<br \/>\nLa p\u00e1gina web est\u00e1 protegida por derechos de autor. La protecci\u00f3n se refiere en particular al dise\u00f1o de la p\u00e1gina web, as\u00ed como a los contenidos, como v\u00eddeos, fotograf\u00edas, gr\u00e1ficos y textos. La explotaci\u00f3n de partes de la p\u00e1gina web protegidas por derechos de autor o de la p\u00e1gina completa requiere el consentimiento de Buchinger Wilhelmi Development &amp; Holding GmbH en la medida en que \u00e9sta sea la propietaria de los derechos exclusivos de uso.<\/p>\n<p>La cl\u00e1usula anterior no tendr\u00e1 aplicaci\u00f3n si la explotaci\u00f3n est\u00e1 permitida por las disposiciones sobre el l\u00edmite de los derechos de autor y en la medida en que lo est\u00e9. El consentimiento de Buchinger Wilhelmi Development &amp; Holding GmbH no ser\u00e1 necesario cuando se trate de contenidos para los que terceros tienen derechos exclusivos de uso (por ejemplo, \u00abcontenidos generados por el usuario\u00bb).<\/p>\n<p>Responsable seg\u00fan el apartado 2 del art\u00edculo 18 del MStV (Tratado de medios estatales de Alemania):<br \/>\nKatharina Rohrer-Zaiser<br \/>\nc\/o Buchinger Wilhelmi Development &amp; Holding GmbH<br \/>\nWilhelm-Beck-Stra\u00dfe 27<br \/>\n88662 \u00dcberlingen[\/vc_column_text][\/vc_column][\/vc_row][vc_row][vc_column][vc_column_text css=\u00bb.vc_custom_1654148930920{margin-top: 30px !important;margin-bottom: 30px !important;}\u00bb]<b>Fuentes de las im\u00e1genes y gr\u00e1ficos utilizados:<\/b><\/p>\n<p>Archiv Buchinger Wilhelmi, Adobe Stock, Wayne Chasan, Tobias D\u00f6hner, Winfried Heinze, iStock, Hans-Peter Walter, Simon Wegener[\/vc_column_text][\/vc_column][\/vc_row][vc_row][vc_column][vc_column_text css=\u00bb.vc_custom_1644425092885{margin-top: 30px !important;margin-bottom: 30px !important;}\u00bb]<strong>Quellenangaben f\u00fcr die verwendeten Bilder und Grafiken:<\/strong><\/p>\n<p>Archiv Buchinger Wilhelmi, Adobe Stock, Wayne Chasan, Tobias D\u00f6hner, Winfried Heinze, iStock, Hans-Peter Walter, Simon Wegener[\/vc_column_text][\/vc_column][\/vc_row][vc_row][vc_column width=\u00bb1\/4&#8243;][vc_single_image image=\u00bb47647&#8243;][vc_column_text]Interstid \/ stock.adobe.com[\/vc_column_text][\/vc_column][vc_column width=\u00bb1\/4&#8243;][vc_single_image image=\u00bb47663&#8243;][vc_column_text]Maridav \/ stock.adobe.com[\/vc_column_text][\/vc_column][vc_column width=\u00bb1\/4&#8243;][vc_single_image image=\u00bb47653&#8243;][vc_column_text]Drobot Dean \/ stock.adobe.com[\/vc_column_text][\/vc_column][vc_column width=\u00bb1\/4&#8243;][vc_single_image image=\u00bb47689&#8243;][vc_column_text]Pixel-Shot \/ stock.adobe.com[\/vc_column_text][\/vc_column][\/vc_row][vc_row][vc_column][vc_empty_space height=\u00bb10&#8243;][\/vc_column][\/vc_row][vc_row][vc_column width=\u00bb1\/4&#8243;][vc_single_image image=\u00bb45173&#8243;][vc_column_text]shintartanya \/ stock.adobe.com[\/vc_column_text][\/vc_column][vc_column width=\u00bb1\/4&#8243;][vc_single_image image=\u00bb47694&#8243;][vc_column_text]Yulia Panova \/ stock.adobe.com[\/vc_column_text][\/vc_column][vc_column width=\u00bb1\/4&#8243;][vc_single_image image=\u00bb47700&#8243;][vc_column_text]chokniti \/ stock.adobe.com[\/vc_column_text][\/vc_column][vc_column width=\u00bb1\/4&#8243;][vc_single_image image=\u00bb46952&#8243;][vc_column_text]Drobot Dean \/ stock.adobe.com[\/vc_column_text][\/vc_column][\/vc_row][vc_row][vc_column][vc_empty_space height=\u00bb10&#8243;][\/vc_column][\/vc_row][vc_row css=\u00bb.vc_custom_1643891806581{margin-bottom: 10px !important;}\u00bb][vc_column width=\u00bb1\/4&#8243;][vc_single_image image=\u00bb48618&#8243;][vc_column_text]StockPhotoGro \/ stock.adobe.com[\/vc_column_text][\/vc_column][vc_column width=\u00bb1\/4&#8243;][vc_single_image image=\u00bb48756&#8243;][vc_column_text]santypan \/ stock.adobe.com[\/vc_column_text][\/vc_column][vc_column width=\u00bb1\/4&#8243;][vc_single_image image=\u00bb41415&#8243;][vc_column_text]Jacob Lund \/ stock.adobe.com[\/vc_column_text][\/vc_column][vc_column width=\u00bb1\/4&#8243;][vc_single_image image=\u00bb35966&#8243;][vc_column_text]wutzkoh \/ stock.adobe.com[\/vc_column_text][\/vc_column][\/vc_row][vc_row][vc_column][vc_empty_space height=\u00bb10&#8243;][\/vc_column][\/vc_row][vc_row css=\u00bb.vc_custom_1643891806581{margin-bottom: 10px !important;}\u00bb][vc_column width=\u00bb1\/4&#8243;][vc_single_image image=\u00bb44213&#8243;][vc_column_text]BalanceFormCreative \/ stock.adobe.com[\/vc_column_text][\/vc_column][vc_column width=\u00bb1\/4&#8243;][vc_single_image image=\u00bb46336&#8243;][vc_column_text]MIND AND I \/ stock.adobe.com[\/vc_column_text][\/vc_column][vc_column width=\u00bb1\/4&#8243;][vc_single_image image=\u00bb44174&#8243;][vc_column_text]Viacheslav Lakobchuk \/ stock.adobe.com[\/vc_column_text][\/vc_column][vc_column width=\u00bb1\/4&#8243;][vc_single_image image=\u00bb44188&#8243;][vc_column_text]deagreez \/ stock.adobe.com[\/vc_column_text][\/vc_column][\/vc_row][vc_row][vc_column][vc_empty_space height=\u00bb10&#8243;][\/vc_column][\/vc_row][vc_row css=\u00bb.vc_custom_1643891806581{margin-bottom: 10px !important;}\u00bb][vc_column width=\u00bb1\/4&#8243;][vc_single_image image=\u00bb36437&#8243;][vc_column_text]Jelena \/ stock.adobe.com[\/vc_column_text][\/vc_column][vc_column width=\u00bb1\/4&#8243;][vc_single_image image=\u00bb33693&#8243;][vc_column_text]Andrey Popov \/ stock.adobe.com[\/vc_column_text][\/vc_column][vc_column width=\u00bb1\/4&#8243;][vc_single_image image=\u00bb35044&#8243;][vc_column_text]ri8 \/ stock.adobe.com[\/vc_column_text][\/vc_column][vc_column width=\u00bb1\/4&#8243;][vc_single_image image=\u00bb50947&#8243;][vc_column_text]Strelciuc \/ stock.adobe.com[\/vc_column_text][\/vc_column][\/vc_row][vc_row][vc_column][vc_empty_space height=\u00bb10&#8243;][\/vc_column][\/vc_row][vc_row css=\u00bb.vc_custom_1643891806581{margin-bottom: 10px !important;}\u00bb][vc_column width=\u00bb1\/4&#8243;][vc_single_image image=\u00bb50938&#8243;][vc_column_text]Aldeca Productions \/ stock.adobe.com[\/vc_column_text][\/vc_column][vc_column width=\u00bb1\/4&#8243;][vc_single_image image=\u00bb50934&#8243;][vc_column_text]New Africa \/ stock.adobe.com[\/vc_column_text][\/vc_column][vc_column width=\u00bb1\/4&#8243;][vc_single_image image=\u00bb37136&#8243;][vc_column_text]neirfy\/ stock.adobe.com[\/vc_column_text][\/vc_column][vc_column width=\u00bb1\/4&#8243;][vc_single_image image=\u00bb37132&#8243;][vc_column_text]patpitchaya \/ stock.adobe.com[\/vc_column_text][\/vc_column][\/vc_row][vc_row][vc_column][vc_empty_space height=\u00bb10&#8243;][\/vc_column][\/vc_row][vc_row css=\u00bb.vc_custom_1643891806581{margin-bottom: 10px !important;}\u00bb][vc_column width=\u00bb1\/4&#8243;][vc_single_image image=\u00bb37124&#8243;][vc_column_text]sdecoret \/ stock.adobe.com[\/vc_column_text][\/vc_column][vc_column width=\u00bb1\/4&#8243;][vc_single_image image=\u00bb37104&#8243;][vc_column_text]juefraphoto \/ stock.adobe.com[\/vc_column_text][\/vc_column][vc_column width=\u00bb1\/4&#8243;][vc_single_image image=\u00bb37084&#8243;][vc_column_text]\u0422\u0430\u0442\u044c\u044f\u043d\u0430 \u041a\u0440\u0435\u043c\u0438\u043d\u0441\u043a\u0430\u044f \/ stock.adobe.com[\/vc_column_text][\/vc_column][vc_column width=\u00bb1\/4&#8243;][vc_single_image image=\u00bb40770&#8243;][vc_column_text]CREATIVE WONDER \/ stock.adobe.com[\/vc_column_text][\/vc_column][\/vc_row][vc_row][vc_column][vc_empty_space height=\u00bb10&#8243;][\/vc_column][\/vc_row][vc_row css=\u00bb.vc_custom_1643891806581{margin-bottom: 10px !important;}\u00bb][vc_column width=\u00bb1\/4&#8243;][vc_single_image image=\u00bb42886&#8243;][vc_column_text]yodiyim \/ stock.adobe.com[\/vc_column_text][\/vc_column][vc_column width=\u00bb1\/4&#8243;][vc_single_image image=\u00bb28531&#8243;][vc_column_text]Olga Zarytska \/ stock.adobe.com[\/vc_column_text][\/vc_column][vc_column width=\u00bb1\/4&#8243;][vc_single_image image=\u00bb27137&#8243;][vc_column_text]Jacob Lund \/ stock.adobe.com[\/vc_column_text][\/vc_column][vc_column width=\u00bb1\/4&#8243;][vc_single_image image=\u00bb16726&#8243;][vc_column_text]Africa Studio \/ stock.adobe.com[\/vc_column_text][\/vc_column][\/vc_row][vc_row][vc_column][vc_empty_space height=\u00bb10&#8243;][\/vc_column][\/vc_row][vc_row css=\u00bb.vc_custom_1643891806581{margin-bottom: 10px !important;}\u00bb][vc_column width=\u00bb1\/4&#8243;][vc_single_image image=\u00bb44466&#8243;][vc_column_text]Anastassiya \/ stock.adobe.com[\/vc_column_text][\/vc_column][vc_column width=\u00bb1\/4&#8243;][vc_single_image image=\u00bb26277&#8243;][vc_column_text]fedorovacz \/ stock.adobe.com[\/vc_column_text][\/vc_column][vc_column width=\u00bb1\/4&#8243;][vc_single_image image=\u00bb29528&#8243;][vc_column_text]pandaclub23 \/ stock.adobe.com[\/vc_column_text][\/vc_column][vc_column width=\u00bb1\/4&#8243;][vc_single_image image=\u00bb53716&#8243;][vc_column_text]Jirapong \/ stock.adobe.com[\/vc_column_text][\/vc_column][\/vc_row][vc_row][vc_column][vc_empty_space height=\u00bb10&#8243;][\/vc_column][\/vc_row][vc_row css=\u00bb.vc_custom_1643891806581{margin-bottom: 10px !important;}\u00bb][vc_column width=\u00bb1\/4&#8243;][vc_single_image image=\u00bb51899&#8243;][vc_column_text]deagreez \/ stock.adobe.com[\/vc_column_text][\/vc_column][vc_column width=\u00bb1\/4&#8243;][vc_single_image image=\u00bb51912&#8243;][vc_column_text]fizkes \/ stock.adobe.com[\/vc_column_text][\/vc_column][vc_column width=\u00bb1\/4&#8243;][vc_single_image image=\u00bb51903&#8243;][vc_column_text]Seventyfour \/ stock.adobe.com[\/vc_column_text][\/vc_column][vc_column width=\u00bb1\/4&#8243;][vc_single_image image=\u00bb67944&#8243;][vc_column_text]Wlodzimierz \/ stock.adobe.com[\/vc_column_text][\/vc_column][\/vc_row][vc_row][vc_column][vc_empty_space height=\u00bb10&#8243;][\/vc_column][\/vc_row][vc_row css=\u00bb.vc_custom_1643891806581{margin-bottom: 10px !important;}\u00bb][vc_column width=\u00bb1\/4&#8243;][vc_single_image image=\u00bb74242&#8243;][vc_column_text]aussieanouk \/ stock.adobe.com[\/vc_column_text][\/vc_column][vc_column width=\u00bb1\/4&#8243;][vc_single_image image=\u00bb78703&#8243;][vc_column_text]Sherry Young \/ stock.adobe.com[\/vc_column_text][\/vc_column][vc_column width=\u00bb1\/4&#8243;][vc_single_image image=\u00bb81432&#8243;][vc_column_text]bernardbodo \/ stock.adobe.com[\/vc_column_text][\/vc_column][vc_column width=\u00bb1\/4&#8243;][vc_single_image image=\u00bb81890&#8243;][vc_column_text]Thamonchanok \/ stock.adobe.com[\/vc_column_text][\/vc_column][\/vc_row][vc_row][vc_column][vc_empty_space height=\u00bb10&#8243;][\/vc_column][\/vc_row][vc_row css=\u00bb.vc_custom_1643891806581{margin-bottom: 10px !important;}\u00bb][vc_column width=\u00bb1\/4&#8243;][vc_single_image image=\u00bb81510&#8243;][vc_column_text]chomplearn_2001 \/ stock.adobe.com[\/vc_column_text][\/vc_column][vc_column width=\u00bb1\/4&#8243;][vc_single_image image=\u00bb86688&#8243; css=\u00bb\u00bb][vc_column_text css=\u00bb\u00bb]\u0422\u0430\u0442\u044c\u044f\u043d\u0430 \u041f\u0430\u043b\u043b\u0430\u0434\u0438\u043d\u0430 \/ stock.adobe.com[\/vc_column_text][\/vc_column][vc_column width=\u00bb1\/4&#8243;][\/vc_column][vc_column width=\u00bb1\/4&#8243;][\/vc_column][\/vc_row][vc_row][vc_column][vc_empty_space height=\u00bb10&#8243;][\/vc_column][\/vc_row][vc_row css=\u00bb.vc_custom_1643891806581{margin-bottom: 10px !important;}\u00bb][vc_column width=\u00bb1\/4&#8243;][\/vc_column][vc_column width=\u00bb1\/4&#8243;][\/vc_column][vc_column width=\u00bb1\/4&#8243;][\/vc_column][vc_column width=\u00bb1\/4&#8243;][\/vc_column][\/vc_row][vc_row][vc_column][vc_empty_space height=\u00bb10&#8243;][\/vc_column][\/vc_row][vc_row css=\u00bb.vc_custom_1643891806581{margin-bottom: 10px !important;}\u00bb][vc_column width=\u00bb1\/4&#8243;][\/vc_column][vc_column width=\u00bb1\/4&#8243;][\/vc_column][vc_column width=\u00bb1\/4&#8243;][\/vc_column][vc_column width=\u00bb1\/4&#8243;][\/vc_column][\/vc_row]\n<\/div>","protected":false},"excerpt":{"rendered":"<p>[vc_row][vc_column][vc_column_text] Aviso legal Buchinger Wilhelmi Development &amp; Holding GmbH Wilhelm-Beck-Strasse 27 88662 \u00dcberlingen Alemania&#8230;<\/p>\n","protected":false},"author":30,"featured_media":0,"parent":0,"menu_order":0,"comment_status":"closed","ping_status":"closed","template":"","meta":{"_acf_changed":false,"_custom_body_class":"","_custom_post_class":"","_searchwp_excluded":"","inline_featured_image":false,"footnotes":""},"class_list":["post-19272","page","type-page","status-publish","hentry"],"acf":[],"yoast_head":"<!-- This site is optimized with the Yoast SEO plugin v23.8 - https:\/\/yoast.com\/wordpress\/plugins\/seo\/ -->\n<title>Aviso legal - BUCHINGER WILHELMI<\/title>\n<meta name=\"description\" content=\"Impressum de BUCHINGER WILHELMI Holding GmbH &amp; Co. KG en Wilhelm-Beck-Stra\u00dfe 27, 88662 \u00dcberlingen, Alemania.\" \/>\n<meta name=\"robots\" content=\"index, follow, max-snippet:-1, max-image-preview:large, max-video-preview:-1\" \/>\n<link rel=\"canonical\" href=\"https:\/\/www.buchinger-wilhelmi.com\/es\/impressum\/\" \/>\n<meta property=\"og:locale\" content=\"es_ES\" \/>\n<meta property=\"og:type\" content=\"article\" \/>\n<meta property=\"og:title\" content=\"Aviso legal - BUCHINGER WILHELMI\" \/>\n<meta property=\"og:description\" content=\"Impressum de BUCHINGER WILHELMI Holding GmbH &amp; Co. KG en Wilhelm-Beck-Stra\u00dfe 27, 88662 \u00dcberlingen, Alemania.\" \/>\n<meta property=\"og:url\" content=\"https:\/\/www.buchinger-wilhelmi.com\/es\/impressum\/\" \/>\n<meta property=\"article:publisher\" content=\"https:\/\/www.facebook.com\/BuchingerWilhelmiMarbella\/\" \/>\n<meta property=\"article:modified_time\" content=\"2025-05-27T14:11:26+00:00\" \/>\n<meta name=\"twitter:card\" content=\"summary_large_image\" \/>\n<meta name=\"twitter:label1\" content=\"Tiempo de lectura\" \/>\n\t<meta name=\"twitter:data1\" content=\"14 minutos\" \/>\n<script type=\"application\/ld+json\" class=\"yoast-schema-graph\">{\"@context\":\"https:\/\/schema.org\",\"@graph\":[{\"@type\":\"WebPage\",\"@id\":\"https:\/\/www.buchinger-wilhelmi.com\/es\/impressum\/\",\"url\":\"https:\/\/www.buchinger-wilhelmi.com\/es\/impressum\/\",\"name\":\"Aviso legal - BUCHINGER WILHELMI\",\"isPartOf\":{\"@id\":\"https:\/\/www.buchinger-wilhelmi.com\/es\/#website\"},\"datePublished\":\"2018-06-04T10:42:34+00:00\",\"dateModified\":\"2025-05-27T14:11:26+00:00\",\"description\":\"Impressum de BUCHINGER WILHELMI Holding GmbH & Co. KG en Wilhelm-Beck-Stra\u00dfe 27, 88662 \u00dcberlingen, Alemania.\",\"breadcrumb\":{\"@id\":\"https:\/\/www.buchinger-wilhelmi.com\/es\/impressum\/#breadcrumb\"},\"inLanguage\":\"es\",\"potentialAction\":[{\"@type\":\"ReadAction\",\"target\":[\"https:\/\/www.buchinger-wilhelmi.com\/es\/impressum\/\"]}]},{\"@type\":\"BreadcrumbList\",\"@id\":\"https:\/\/www.buchinger-wilhelmi.com\/es\/impressum\/#breadcrumb\",\"itemListElement\":[{\"@type\":\"ListItem\",\"position\":1,\"name\":\"Startseite\",\"item\":\"https:\/\/www.buchinger-wilhelmi.com\/es\/\"},{\"@type\":\"ListItem\",\"position\":2,\"name\":\"Aviso legal\"}]},{\"@type\":\"WebSite\",\"@id\":\"https:\/\/www.buchinger-wilhelmi.com\/es\/#website\",\"url\":\"https:\/\/www.buchinger-wilhelmi.com\/es\/\",\"name\":\"\",\"description\":\"\",\"publisher\":{\"@id\":\"https:\/\/www.buchinger-wilhelmi.com\/es\/#organization\"},\"potentialAction\":[{\"@type\":\"SearchAction\",\"target\":{\"@type\":\"EntryPoint\",\"urlTemplate\":\"https:\/\/www.buchinger-wilhelmi.com\/es\/?s={search_term_string}\"},\"query-input\":{\"@type\":\"PropertyValueSpecification\",\"valueRequired\":true,\"valueName\":\"search_term_string\"}}],\"inLanguage\":\"es\"},{\"@type\":\"Organization\",\"@id\":\"https:\/\/www.buchinger-wilhelmi.com\/es\/#organization\",\"name\":\"Buchinger Wilhelmi Holding GmbH & Co.KG\",\"url\":\"https:\/\/www.buchinger-wilhelmi.com\/es\/\",\"logo\":{\"@type\":\"ImageObject\",\"inLanguage\":\"es\",\"@id\":\"https:\/\/www.buchinger-wilhelmi.com\/es\/#\/schema\/logo\/image\/\",\"url\":\"https:\/\/www.buchinger-wilhelmi.com\/wp-content\/uploads\/2018\/04\/BW_Logo_black.png\",\"contentUrl\":\"https:\/\/www.buchinger-wilhelmi.com\/wp-content\/uploads\/2018\/04\/BW_Logo_black.png\",\"width\":303,\"height\":76,\"caption\":\"Buchinger Wilhelmi Holding GmbH & Co.KG\"},\"image\":{\"@id\":\"https:\/\/www.buchinger-wilhelmi.com\/es\/#\/schema\/logo\/image\/\"},\"sameAs\":[\"https:\/\/www.facebook.com\/BuchingerWilhelmiMarbella\/\",\"https:\/\/www.instagram.com\/buchingerwilhelmi\/\",\"https:\/\/www.linkedin.com\/company\/buchingerwilhelmi\/\",\"https:\/\/www.pinterest.de\/buchingerwilhelmi\/\",\"https:\/\/www.youtube.com\/channel\/UC6jETvWDCI_W-VVG2AjxOfw\"]}]}<\/script>\n<!-- \/ Yoast SEO plugin. -->","yoast_head_json":{"title":"Aviso legal - BUCHINGER WILHELMI","description":"Impressum de BUCHINGER WILHELMI Holding GmbH & Co. KG en Wilhelm-Beck-Stra\u00dfe 27, 88662 \u00dcberlingen, Alemania.","robots":{"index":"index","follow":"follow","max-snippet":"max-snippet:-1","max-image-preview":"max-image-preview:large","max-video-preview":"max-video-preview:-1"},"canonical":"https:\/\/www.buchinger-wilhelmi.com\/es\/impressum\/","og_locale":"es_ES","og_type":"article","og_title":"Aviso legal - BUCHINGER WILHELMI","og_description":"Impressum de BUCHINGER WILHELMI Holding GmbH & Co. KG en Wilhelm-Beck-Stra\u00dfe 27, 88662 \u00dcberlingen, Alemania.","og_url":"https:\/\/www.buchinger-wilhelmi.com\/es\/impressum\/","article_publisher":"https:\/\/www.facebook.com\/BuchingerWilhelmiMarbella\/","article_modified_time":"2025-05-27T14:11:26+00:00","twitter_card":"summary_large_image","twitter_misc":{"Tiempo de lectura":"14 minutos"},"schema":{"@context":"https:\/\/schema.org","@graph":[{"@type":"WebPage","@id":"https:\/\/www.buchinger-wilhelmi.com\/es\/impressum\/","url":"https:\/\/www.buchinger-wilhelmi.com\/es\/impressum\/","name":"Aviso legal - BUCHINGER WILHELMI","isPartOf":{"@id":"https:\/\/www.buchinger-wilhelmi.com\/es\/#website"},"datePublished":"2018-06-04T10:42:34+00:00","dateModified":"2025-05-27T14:11:26+00:00","description":"Impressum de BUCHINGER WILHELMI Holding GmbH & Co. KG en Wilhelm-Beck-Stra\u00dfe 27, 88662 \u00dcberlingen, Alemania.","breadcrumb":{"@id":"https:\/\/www.buchinger-wilhelmi.com\/es\/impressum\/#breadcrumb"},"inLanguage":"es","potentialAction":[{"@type":"ReadAction","target":["https:\/\/www.buchinger-wilhelmi.com\/es\/impressum\/"]}]},{"@type":"BreadcrumbList","@id":"https:\/\/www.buchinger-wilhelmi.com\/es\/impressum\/#breadcrumb","itemListElement":[{"@type":"ListItem","position":1,"name":"Startseite","item":"https:\/\/www.buchinger-wilhelmi.com\/es\/"},{"@type":"ListItem","position":2,"name":"Aviso legal"}]},{"@type":"WebSite","@id":"https:\/\/www.buchinger-wilhelmi.com\/es\/#website","url":"https:\/\/www.buchinger-wilhelmi.com\/es\/","name":"","description":"","publisher":{"@id":"https:\/\/www.buchinger-wilhelmi.com\/es\/#organization"},"potentialAction":[{"@type":"SearchAction","target":{"@type":"EntryPoint","urlTemplate":"https:\/\/www.buchinger-wilhelmi.com\/es\/?s={search_term_string}"},"query-input":{"@type":"PropertyValueSpecification","valueRequired":true,"valueName":"search_term_string"}}],"inLanguage":"es"},{"@type":"Organization","@id":"https:\/\/www.buchinger-wilhelmi.com\/es\/#organization","name":"Buchinger Wilhelmi Holding GmbH & Co.KG","url":"https:\/\/www.buchinger-wilhelmi.com\/es\/","logo":{"@type":"ImageObject","inLanguage":"es","@id":"https:\/\/www.buchinger-wilhelmi.com\/es\/#\/schema\/logo\/image\/","url":"https:\/\/www.buchinger-wilhelmi.com\/wp-content\/uploads\/2018\/04\/BW_Logo_black.png","contentUrl":"https:\/\/www.buchinger-wilhelmi.com\/wp-content\/uploads\/2018\/04\/BW_Logo_black.png","width":303,"height":76,"caption":"Buchinger Wilhelmi Holding GmbH & Co.KG"},"image":{"@id":"https:\/\/www.buchinger-wilhelmi.com\/es\/#\/schema\/logo\/image\/"},"sameAs":["https:\/\/www.facebook.com\/BuchingerWilhelmiMarbella\/","https:\/\/www.instagram.com\/buchingerwilhelmi\/","https:\/\/www.linkedin.com\/company\/buchingerwilhelmi\/","https:\/\/www.pinterest.de\/buchingerwilhelmi\/","https:\/\/www.youtube.com\/channel\/UC6jETvWDCI_W-VVG2AjxOfw"]}]}},"_links":{"self":[{"href":"https:\/\/www.buchinger-wilhelmi.com\/es\/wp-json\/wp\/v2\/pages\/19272"}],"collection":[{"href":"https:\/\/www.buchinger-wilhelmi.com\/es\/wp-json\/wp\/v2\/pages"}],"about":[{"href":"https:\/\/www.buchinger-wilhelmi.com\/es\/wp-json\/wp\/v2\/types\/page"}],"author":[{"embeddable":true,"href":"https:\/\/www.buchinger-wilhelmi.com\/es\/wp-json\/wp\/v2\/users\/30"}],"replies":[{"embeddable":true,"href":"https:\/\/www.buchinger-wilhelmi.com\/es\/wp-json\/wp\/v2\/comments?post=19272"}],"version-history":[{"count":14,"href":"https:\/\/www.buchinger-wilhelmi.com\/es\/wp-json\/wp\/v2\/pages\/19272\/revisions"}],"predecessor-version":[{"id":86720,"href":"https:\/\/www.buchinger-wilhelmi.com\/es\/wp-json\/wp\/v2\/pages\/19272\/revisions\/86720"}],"wp:attachment":[{"href":"https:\/\/www.buchinger-wilhelmi.com\/es\/wp-json\/wp\/v2\/media?parent=19272"}],"curies":[{"name":"wp","href":"https:\/\/api.w.org\/{rel}","templated":true}]}}