{"id":37610,"date":"2021-02-17T08:52:23","date_gmt":"2021-02-17T07:52:23","guid":{"rendered":"https:\/\/www.buchinger-wilhelmi.com\/fasten-podcast-von-buchinger-wilhelmi\/"},"modified":"2021-02-25T15:26:19","modified_gmt":"2021-02-25T14:26:19","slug":"podcast-sobre-ayuno-de-buchinger-wilhelmi","status":"publish","type":"page","link":"https:\/\/www.buchinger-wilhelmi.com\/es\/podcast-sobre-ayuno-de-buchinger-wilhelmi\/","title":{"rendered":"Podcast sobre ayuno de BUCHINGER WILHELMI"},"content":{"rendered":"<div class=\"wpb-content-wrapper\">[vc_row full_width=\u00bbstretch_row\u00bb css=\u00bb.vc_custom_1614081045242{margin-bottom: 30px !important;padding-top: 60px !important;padding-bottom: 30px !important;background-color: #cceaf7 !important;}\u00bb][vc_column css=\u00bb.vc_custom_1608677232118{padding-bottom: 30px !important;}\u00bb]<div class=\"norebro-text-sc \" \n\tid=\"norebro-custom-69e216ae0b0d0\" \n\t \n\t>\n\n\t<h2>El podcast inspirador sobre ayuno de Buchinger Wilhelmi, cl\u00ednicas l\u00edder en ayuno terap\u00e9utico<\/h2>\n\t\n<\/div><div class=\"norebro-text-sc \" \n\tid=\"norebro-custom-69e216ae0b112\" \n\t \n\t>\n\n\t<p>La vida puede ser a veces agotadora y exigente. Con un cuerpo y una mente sanos, los retos cotidianos resultan m\u00e1s f\u00e1ciles de superar. El ayuno es un m\u00e9todo ideal para restaurar el equilibrio interior. Adem\u00e1s, tiene un efecto positivo sobre la salud. Pero el ayuno es solo uno de los componentes que contribuyen a una vida larga y satisfactoria. Por ello, este podcast trata tambi\u00e9n de la medicina integrativa, de la inspiraci\u00f3n, de la atenci\u00f3n y de la alimentaci\u00f3n consciente, aspectos que completan el programa de ayuno Buchinger Wilhelmi.<\/p>\n\t\n<\/div>[\/vc_column][\/vc_row][vc_row full_width=\u00bbstretch_row\u00bb][vc_column css=\u00bb.vc_custom_1608677232118{padding-bottom: 30px !important;}\u00bb]<div class=\"norebro-text-sc \" \n\tid=\"norebro-custom-69e216ae0b12b\" \n\t \n\t>\n\n\t<h2><b class=\"b5\">Episodios<\/b><\/h2>\n\t\n<\/div>[\/vc_column][\/vc_row][vc_row][vc_column][vc_basic_grid post_type=\u00bbpodcast\u00bb max_items=\u00bb20&#8243; element_width=\u00bb3&#8243; item=\u00bb37564&#8243; grid_id=\u00bbvc_gid:1614081035942-7c4f60c1-7ecf-1&#8243;][\/vc_column][\/vc_row][vc_row full_width=\u00bbstretch_row\u00bb css=\u00bb.vc_custom_1613547751966{margin-bottom: 30px !important;padding-top: 60px !important;padding-bottom: 30px !important;}\u00bb][vc_column css=\u00bb.vc_custom_1608677232118{padding-bottom: 30px !important;}\u00bb]<div class=\"norebro-text-sc \" \n\tid=\"norebro-custom-69e216ae0b217\" \n\t \n\t>\n\n\t<h2>Ayuno, salud, alimentaci\u00f3n, atenci\u00f3n y una vida larga: estos son los temas de nuestro podcast sobre el ayuno<\/h2>\n<p>Como \u201cpioneros del ayuno\u201d, contamos con m\u00e1s de cien a\u00f1os de experiencia sobre el mismo. En este podcast le presentamos conocimientos fascinantes de los \u00faltimos estudios sobre el ayuno y le mostramos el camino hacia una vida larga, saludable y plena. Hablamos con los principales expertos sobre el ayuno y el enfoque hol\u00edstico de la medicina del cuerpo y la mente, as\u00ed como sobre nutrici\u00f3n, deporte, relajaci\u00f3n y t\u00e9cnicas de atenci\u00f3n.<\/p>\n<p>Somos l\u00edderes en la investigaci\u00f3n sobre el ayuno y nos gustar\u00eda compartir nuestros conocimientos con usted. Nuestras afirmaciones est\u00e1n respaldadas por estudios cient\u00edficos.<\/p>\n<p>El programa Amplius se basa en el programa de ayuno desarrollado hace 100 a\u00f1os por el m\u00e9dico y fundador de la cl\u00ednica, el Dr. Otto Buchinger (1878-1966). A lo largo de cuatro generaciones, este m\u00e9todo se ha actualizado continuamente en cooperaci\u00f3n con centros de investigaci\u00f3n universitarios internacionales. El programa de ayuno sirve para mantener, promover y restaurar la salud. Seguimos un enfoque hol\u00edstico que considera el cuerpo, la mente y el alma como un todo en el proceso de curaci\u00f3n y crecimiento. El pilar central es el ayuno terap\u00e9utico y un diagn\u00f3stico y tratamiento m\u00e9dico individual y hol\u00edstico. Una alimentaci\u00f3n saludable, junto con programas para promover la salud f\u00edsica y la inspiraci\u00f3n mental complementan los servicios ofrecidos en nuestras cl\u00ednicas del Lago de Constanza en Alemania y de Marbella en Espa\u00f1a.<\/p>\n<p>Escuche nuestro podcast y conozca los \u00faltimos descubrimientos sobre temas como la alimentaci\u00f3n sana, la atenci\u00f3n y la longevidad. Le mostraremos c\u00f3mo activar sus poderes de autocuraci\u00f3n para lograr sus objetivos personales en t\u00e9rminos de salud y bienestar.<br \/>\nNuestro podcast sobre el ayuno, la medicina integrativa y la inspiraci\u00f3n trata de la misi\u00f3n de Buchinger Wilhelmi: ponemos a su alcance las bases para una vida sana y plena.<\/p>\n<h2>\u00bfA qui\u00e9n va dirigido nuestro podcast?<\/h2>\n<p>\u00bfSe siente emocional y f\u00edsicamente agotado? \u00bfQuiere recuperar su equilibrio interior? \u00bfLe gustar\u00eda verse mejor y sentirse sano y con energ\u00eda?<\/p>\n<p>Si ha respondido \u201cS\u00ed\u201d a al menos una de estas preguntas, este podcast es el adecuado para usted. Aprender\u00e1 c\u00f3mo el programa de ayuno Amplius de Buchinger Wilhelmi le ayudar\u00e1 a regenerarse para que se sienta de nuevo m\u00e1s en forma, m\u00e1s joven y m\u00e1s sano.<br \/>\nCon todo, este podcast no va dirigido solamente a las personas que desean mejorar su bienestar, sino tambi\u00e9n a las que quieren alimentarse de forma m\u00e1s consciente y adoptar un estilo de vida m\u00e1s saludable para reducir el riesgo de contraer enfermedades de la civilizaci\u00f3n, como la diabetes tipo 2, el s\u00edndrome metab\u00f3lico o la obesidad. Aunque la p\u00e9rdida de peso no sea el objetivo principal de una cura de ayuno, como agradable efecto secundario puede contribuir a que haya de nuevo mucha m\u00e1s energ\u00eda disponible.<\/p>\n<p>El ayuno terap\u00e9utico \u2013bajo supervisi\u00f3n m\u00e9dica\u2013 puede resultar beneficioso no solo para las personas con determinados factores de riesgo, sino tambi\u00e9n para quienes padecen enfermedades graves, como reumatismo o fibromialgia. El responsable de ello es el proceso de autofagia del propio organismo, que se desencadena cuando se deja de ingerir alimentos s\u00f3lidos.<\/p>\n<h2>Empiece YA a cambiar algo con nuestro podcast<\/h2>\n<p>La decisi\u00f3n sobre su estilo de vida depende de usted. Solo usted puede darle a su salud la m\u00e1xima prioridad. En este podcast le proporcionamos la informaci\u00f3n y las herramientas que necesita para vivir una vida larga, saludable, aut\u00f3noma y plena. El mejor momento para cambiar algo es ahora.<\/p>\n<p>\u201cAyuno, medicina integrativa, inspiraci\u00f3n: el nuevo programa de ayuno Amplius de Buchinger Wilhelmi\u201d.<\/p>\n\t\n<\/div>[\/vc_column][\/vc_row]\n<\/div>","protected":false},"excerpt":{"rendered":"<p>[vc_row full_width=\u00bbstretch_row\u00bb css=\u00bb.vc_custom_1614081045242{margin-bottom: 30px !important;padding-top: 60px !important;padding-bottom: 30px !important;background-color: #cceaf7 !important;}\u00bb][vc_column css=\u00bb.vc_custom_1608677232118{padding-bottom: 30px !important;}\u00bb][\/vc_column][\/vc_row][vc_row&#8230;<\/p>\n","protected":false},"author":30,"featured_media":31792,"parent":0,"menu_order":0,"comment_status":"closed","ping_status":"closed","template":"","meta":{"_acf_changed":false,"_custom_body_class":"","_custom_post_class":"","_searchwp_excluded":"","inline_featured_image":false,"footnotes":""},"class_list":["post-37610","page","type-page","status-publish","has-post-thumbnail","hentry"],"acf":[],"yoast_head":"<!-- This site is optimized with the Yoast SEO plugin v23.8 - https:\/\/yoast.com\/wordpress\/plugins\/seo\/ -->\n<title>Podcast sobre ayuno de BUCHINGER WILHELMI - BUCHINGER WILHELMI<\/title>\n<meta name=\"robots\" content=\"index, follow, max-snippet:-1, max-image-preview:large, max-video-preview:-1\" \/>\n<link rel=\"canonical\" href=\"https:\/\/www.buchinger-wilhelmi.com\/es\/podcast-sobre-ayuno-de-buchinger-wilhelmi\/\" \/>\n<meta property=\"og:locale\" content=\"es_ES\" \/>\n<meta property=\"og:type\" content=\"article\" \/>\n<meta property=\"og:title\" content=\"Podcast sobre ayuno de BUCHINGER WILHELMI - BUCHINGER WILHELMI\" \/>\n<meta property=\"og:description\" content=\"[vc_row full_width=\u00bbstretch_row\u00bb css=\u00bb.vc_custom_1614081045242{margin-bottom: 30px !important;padding-top: 60px !important;padding-bottom: 30px !important;background-color: #cceaf7 !important;}\u00bb][vc_column css=\u00bb.vc_custom_1608677232118{padding-bottom: 30px !important;}\u00bb][\/vc_column][\/vc_row][vc_row...\" \/>\n<meta property=\"og:url\" content=\"https:\/\/www.buchinger-wilhelmi.com\/es\/podcast-sobre-ayuno-de-buchinger-wilhelmi\/\" \/>\n<meta property=\"article:publisher\" content=\"https:\/\/www.facebook.com\/BuchingerWilhelmiMarbella\/\" \/>\n<meta property=\"article:modified_time\" content=\"2021-02-25T14:26:19+00:00\" \/>\n<meta property=\"og:image\" content=\"https:\/\/www.buchinger-wilhelmi.com\/wp-content\/uploads\/2020\/04\/podcast_Homepagebild_01_04_20.jpg\" \/>\n\t<meta property=\"og:image:width\" content=\"1138\" \/>\n\t<meta property=\"og:image:height\" content=\"758\" \/>\n\t<meta property=\"og:image:type\" content=\"image\/jpeg\" \/>\n<meta name=\"twitter:card\" content=\"summary_large_image\" \/>\n<meta name=\"twitter:label1\" content=\"Tiempo de lectura\" \/>\n\t<meta name=\"twitter:data1\" content=\"4 minutos\" \/>\n<script type=\"application\/ld+json\" class=\"yoast-schema-graph\">{\"@context\":\"https:\/\/schema.org\",\"@graph\":[{\"@type\":\"WebPage\",\"@id\":\"https:\/\/www.buchinger-wilhelmi.com\/es\/podcast-sobre-ayuno-de-buchinger-wilhelmi\/\",\"url\":\"https:\/\/www.buchinger-wilhelmi.com\/es\/podcast-sobre-ayuno-de-buchinger-wilhelmi\/\",\"name\":\"Podcast sobre ayuno de BUCHINGER WILHELMI - BUCHINGER WILHELMI\",\"isPartOf\":{\"@id\":\"https:\/\/www.buchinger-wilhelmi.com\/es\/#website\"},\"primaryImageOfPage\":{\"@id\":\"https:\/\/www.buchinger-wilhelmi.com\/es\/podcast-sobre-ayuno-de-buchinger-wilhelmi\/#primaryimage\"},\"image\":{\"@id\":\"https:\/\/www.buchinger-wilhelmi.com\/es\/podcast-sobre-ayuno-de-buchinger-wilhelmi\/#primaryimage\"},\"thumbnailUrl\":\"https:\/\/www.buchinger-wilhelmi.com\/wp-content\/uploads\/2020\/04\/podcast_Homepagebild_01_04_20.jpg\",\"datePublished\":\"2021-02-17T07:52:23+00:00\",\"dateModified\":\"2021-02-25T14:26:19+00:00\",\"breadcrumb\":{\"@id\":\"https:\/\/www.buchinger-wilhelmi.com\/es\/podcast-sobre-ayuno-de-buchinger-wilhelmi\/#breadcrumb\"},\"inLanguage\":\"es\",\"potentialAction\":[{\"@type\":\"ReadAction\",\"target\":[\"https:\/\/www.buchinger-wilhelmi.com\/es\/podcast-sobre-ayuno-de-buchinger-wilhelmi\/\"]}]},{\"@type\":\"ImageObject\",\"inLanguage\":\"es\",\"@id\":\"https:\/\/www.buchinger-wilhelmi.com\/es\/podcast-sobre-ayuno-de-buchinger-wilhelmi\/#primaryimage\",\"url\":\"https:\/\/www.buchinger-wilhelmi.com\/wp-content\/uploads\/2020\/04\/podcast_Homepagebild_01_04_20.jpg\",\"contentUrl\":\"https:\/\/www.buchinger-wilhelmi.com\/wp-content\/uploads\/2020\/04\/podcast_Homepagebild_01_04_20.jpg\",\"width\":1138,\"height\":758,\"caption\":\"Buchinger Wilhelmi, Fasten, Heilfasten, Fasting, Health, Integrative Medicine,, Podcast\"},{\"@type\":\"BreadcrumbList\",\"@id\":\"https:\/\/www.buchinger-wilhelmi.com\/es\/podcast-sobre-ayuno-de-buchinger-wilhelmi\/#breadcrumb\",\"itemListElement\":[{\"@type\":\"ListItem\",\"position\":1,\"name\":\"Startseite\",\"item\":\"https:\/\/www.buchinger-wilhelmi.com\/es\/\"},{\"@type\":\"ListItem\",\"position\":2,\"name\":\"Podcast sobre ayuno de BUCHINGER WILHELMI\"}]},{\"@type\":\"WebSite\",\"@id\":\"https:\/\/www.buchinger-wilhelmi.com\/es\/#website\",\"url\":\"https:\/\/www.buchinger-wilhelmi.com\/es\/\",\"name\":\"\",\"description\":\"\",\"publisher\":{\"@id\":\"https:\/\/www.buchinger-wilhelmi.com\/es\/#organization\"},\"potentialAction\":[{\"@type\":\"SearchAction\",\"target\":{\"@type\":\"EntryPoint\",\"urlTemplate\":\"https:\/\/www.buchinger-wilhelmi.com\/es\/?s={search_term_string}\"},\"query-input\":{\"@type\":\"PropertyValueSpecification\",\"valueRequired\":true,\"valueName\":\"search_term_string\"}}],\"inLanguage\":\"es\"},{\"@type\":\"Organization\",\"@id\":\"https:\/\/www.buchinger-wilhelmi.com\/es\/#organization\",\"name\":\"Buchinger Wilhelmi Holding GmbH & Co.KG\",\"url\":\"https:\/\/www.buchinger-wilhelmi.com\/es\/\",\"logo\":{\"@type\":\"ImageObject\",\"inLanguage\":\"es\",\"@id\":\"https:\/\/www.buchinger-wilhelmi.com\/es\/#\/schema\/logo\/image\/\",\"url\":\"https:\/\/www.buchinger-wilhelmi.com\/wp-content\/uploads\/2018\/04\/BW_Logo_black.png\",\"contentUrl\":\"https:\/\/www.buchinger-wilhelmi.com\/wp-content\/uploads\/2018\/04\/BW_Logo_black.png\",\"width\":303,\"height\":76,\"caption\":\"Buchinger Wilhelmi Holding GmbH & Co.KG\"},\"image\":{\"@id\":\"https:\/\/www.buchinger-wilhelmi.com\/es\/#\/schema\/logo\/image\/\"},\"sameAs\":[\"https:\/\/www.facebook.com\/BuchingerWilhelmiMarbella\/\",\"https:\/\/www.instagram.com\/buchingerwilhelmi\/\",\"https:\/\/www.linkedin.com\/company\/buchingerwilhelmi\/\",\"https:\/\/www.pinterest.de\/buchingerwilhelmi\/\",\"https:\/\/www.youtube.com\/channel\/UC6jETvWDCI_W-VVG2AjxOfw\"]}]}<\/script>\n<!-- \/ Yoast SEO plugin. -->","yoast_head_json":{"title":"Podcast sobre ayuno de BUCHINGER WILHELMI - BUCHINGER WILHELMI","robots":{"index":"index","follow":"follow","max-snippet":"max-snippet:-1","max-image-preview":"max-image-preview:large","max-video-preview":"max-video-preview:-1"},"canonical":"https:\/\/www.buchinger-wilhelmi.com\/es\/podcast-sobre-ayuno-de-buchinger-wilhelmi\/","og_locale":"es_ES","og_type":"article","og_title":"Podcast sobre ayuno de BUCHINGER WILHELMI - BUCHINGER WILHELMI","og_description":"[vc_row full_width=\u00bbstretch_row\u00bb css=\u00bb.vc_custom_1614081045242{margin-bottom: 30px !important;padding-top: 60px !important;padding-bottom: 30px !important;background-color: #cceaf7 !important;}\u00bb][vc_column css=\u00bb.vc_custom_1608677232118{padding-bottom: 30px !important;}\u00bb][\/vc_column][\/vc_row][vc_row...","og_url":"https:\/\/www.buchinger-wilhelmi.com\/es\/podcast-sobre-ayuno-de-buchinger-wilhelmi\/","article_publisher":"https:\/\/www.facebook.com\/BuchingerWilhelmiMarbella\/","article_modified_time":"2021-02-25T14:26:19+00:00","og_image":[{"width":1138,"height":758,"url":"https:\/\/www.buchinger-wilhelmi.com\/wp-content\/uploads\/2020\/04\/podcast_Homepagebild_01_04_20.jpg","type":"image\/jpeg"}],"twitter_card":"summary_large_image","twitter_misc":{"Tiempo de lectura":"4 minutos"},"schema":{"@context":"https:\/\/schema.org","@graph":[{"@type":"WebPage","@id":"https:\/\/www.buchinger-wilhelmi.com\/es\/podcast-sobre-ayuno-de-buchinger-wilhelmi\/","url":"https:\/\/www.buchinger-wilhelmi.com\/es\/podcast-sobre-ayuno-de-buchinger-wilhelmi\/","name":"Podcast sobre ayuno de BUCHINGER WILHELMI - BUCHINGER WILHELMI","isPartOf":{"@id":"https:\/\/www.buchinger-wilhelmi.com\/es\/#website"},"primaryImageOfPage":{"@id":"https:\/\/www.buchinger-wilhelmi.com\/es\/podcast-sobre-ayuno-de-buchinger-wilhelmi\/#primaryimage"},"image":{"@id":"https:\/\/www.buchinger-wilhelmi.com\/es\/podcast-sobre-ayuno-de-buchinger-wilhelmi\/#primaryimage"},"thumbnailUrl":"https:\/\/www.buchinger-wilhelmi.com\/wp-content\/uploads\/2020\/04\/podcast_Homepagebild_01_04_20.jpg","datePublished":"2021-02-17T07:52:23+00:00","dateModified":"2021-02-25T14:26:19+00:00","breadcrumb":{"@id":"https:\/\/www.buchinger-wilhelmi.com\/es\/podcast-sobre-ayuno-de-buchinger-wilhelmi\/#breadcrumb"},"inLanguage":"es","potentialAction":[{"@type":"ReadAction","target":["https:\/\/www.buchinger-wilhelmi.com\/es\/podcast-sobre-ayuno-de-buchinger-wilhelmi\/"]}]},{"@type":"ImageObject","inLanguage":"es","@id":"https:\/\/www.buchinger-wilhelmi.com\/es\/podcast-sobre-ayuno-de-buchinger-wilhelmi\/#primaryimage","url":"https:\/\/www.buchinger-wilhelmi.com\/wp-content\/uploads\/2020\/04\/podcast_Homepagebild_01_04_20.jpg","contentUrl":"https:\/\/www.buchinger-wilhelmi.com\/wp-content\/uploads\/2020\/04\/podcast_Homepagebild_01_04_20.jpg","width":1138,"height":758,"caption":"Buchinger Wilhelmi, Fasten, Heilfasten, Fasting, Health, Integrative Medicine,, Podcast"},{"@type":"BreadcrumbList","@id":"https:\/\/www.buchinger-wilhelmi.com\/es\/podcast-sobre-ayuno-de-buchinger-wilhelmi\/#breadcrumb","itemListElement":[{"@type":"ListItem","position":1,"name":"Startseite","item":"https:\/\/www.buchinger-wilhelmi.com\/es\/"},{"@type":"ListItem","position":2,"name":"Podcast sobre ayuno de BUCHINGER WILHELMI"}]},{"@type":"WebSite","@id":"https:\/\/www.buchinger-wilhelmi.com\/es\/#website","url":"https:\/\/www.buchinger-wilhelmi.com\/es\/","name":"","description":"","publisher":{"@id":"https:\/\/www.buchinger-wilhelmi.com\/es\/#organization"},"potentialAction":[{"@type":"SearchAction","target":{"@type":"EntryPoint","urlTemplate":"https:\/\/www.buchinger-wilhelmi.com\/es\/?s={search_term_string}"},"query-input":{"@type":"PropertyValueSpecification","valueRequired":true,"valueName":"search_term_string"}}],"inLanguage":"es"},{"@type":"Organization","@id":"https:\/\/www.buchinger-wilhelmi.com\/es\/#organization","name":"Buchinger Wilhelmi Holding GmbH & Co.KG","url":"https:\/\/www.buchinger-wilhelmi.com\/es\/","logo":{"@type":"ImageObject","inLanguage":"es","@id":"https:\/\/www.buchinger-wilhelmi.com\/es\/#\/schema\/logo\/image\/","url":"https:\/\/www.buchinger-wilhelmi.com\/wp-content\/uploads\/2018\/04\/BW_Logo_black.png","contentUrl":"https:\/\/www.buchinger-wilhelmi.com\/wp-content\/uploads\/2018\/04\/BW_Logo_black.png","width":303,"height":76,"caption":"Buchinger Wilhelmi Holding GmbH & Co.KG"},"image":{"@id":"https:\/\/www.buchinger-wilhelmi.com\/es\/#\/schema\/logo\/image\/"},"sameAs":["https:\/\/www.facebook.com\/BuchingerWilhelmiMarbella\/","https:\/\/www.instagram.com\/buchingerwilhelmi\/","https:\/\/www.linkedin.com\/company\/buchingerwilhelmi\/","https:\/\/www.pinterest.de\/buchingerwilhelmi\/","https:\/\/www.youtube.com\/channel\/UC6jETvWDCI_W-VVG2AjxOfw"]}]}},"_links":{"self":[{"href":"https:\/\/www.buchinger-wilhelmi.com\/es\/wp-json\/wp\/v2\/pages\/37610"}],"collection":[{"href":"https:\/\/www.buchinger-wilhelmi.com\/es\/wp-json\/wp\/v2\/pages"}],"about":[{"href":"https:\/\/www.buchinger-wilhelmi.com\/es\/wp-json\/wp\/v2\/types\/page"}],"author":[{"embeddable":true,"href":"https:\/\/www.buchinger-wilhelmi.com\/es\/wp-json\/wp\/v2\/users\/30"}],"replies":[{"embeddable":true,"href":"https:\/\/www.buchinger-wilhelmi.com\/es\/wp-json\/wp\/v2\/comments?post=37610"}],"version-history":[{"count":4,"href":"https:\/\/www.buchinger-wilhelmi.com\/es\/wp-json\/wp\/v2\/pages\/37610\/revisions"}],"predecessor-version":[{"id":37725,"href":"https:\/\/www.buchinger-wilhelmi.com\/es\/wp-json\/wp\/v2\/pages\/37610\/revisions\/37725"}],"wp:featuredmedia":[{"embeddable":true,"href":"https:\/\/www.buchinger-wilhelmi.com\/es\/wp-json\/wp\/v2\/media\/31792"}],"wp:attachment":[{"href":"https:\/\/www.buchinger-wilhelmi.com\/es\/wp-json\/wp\/v2\/media?parent=37610"}],"curies":[{"name":"wp","href":"https:\/\/api.w.org\/{rel}","templated":true}]}}