{"id":86149,"date":"2025-03-19T16:24:18","date_gmt":"2025-03-19T15:24:18","guid":{"rendered":"https:\/\/www.buchinger-wilhelmi.com\/?page_id=86149"},"modified":"2026-01-27T11:51:43","modified_gmt":"2026-01-27T10:51:43","slug":"vale","status":"publish","type":"page","link":"https:\/\/www.buchinger-wilhelmi.com\/es\/vale\/","title":{"rendered":"Regalar da alegr\u00eda"},"content":{"rendered":"<div class=\"wpb-content-wrapper\">[vc_row][vc_column width=\u00bb1\/12&#8243;][\/vc_column][vc_column width=\u00bb10\/12&#8243;]<div class=\"norebro-text-sc \" \n\tid=\"norebro-custom-69e16fe245012\" \n\t \n\t>\n\n\t<p style=\"text-align: center;\">PARA M\u00c1S SALUD Y EQUILIBRIO INTERIOR<\/p>\n<h3 style=\"text-align: center;\">Regale una pausa consciente<\/h3>\n<p style=\"text-align: center;\">\u00bfEst\u00e1 buscando un regalo especial con un valor duradero?<br \/>Haga feliz a alguien con un vale regalo para la Cl\u00ednica Buchinger junto al lago de Constanza.<\/p>\n\t\n<\/div>[vc_empty_space][vc_row_inner][vc_column_inner width=\u00bb1\/2&#8243;]<div class=\"norebro-text-sc \" \n\tid=\"norebro-custom-69e16fe245072\" \n\t \n\t>\n\n\t<p>Sorprenda a alguien especial con un vale regalo de importe libre<br \/>\npara una pausa consciente: tiempo para la regeneraci\u00f3n, el equilibrio interior<br \/>\ny una nueva energ\u00eda, en un entorno protegido y profesional.<\/p>\n<p>Un vale regalo de la Cl\u00ednica Buchinger es una invitaci\u00f3n<br \/>\na cuidarse y darse un respiro.<\/p>\n\t\n<\/div>[vc_empty_space height=\u00bb20px\u00bb][\/vc_column_inner][vc_column_inner width=\u00bb1\/2&#8243;]<div class=\"norebro-text-sc \" \n\tid=\"norebro-custom-69e16fe24509d\" \n\t \n\t>\n\n\t<p><strong>As\u00ed de f\u00e1cil funciona<\/strong><\/p>\n<ul>\n<li>Elija de forma c\u00f3moda y sencilla el dise\u00f1o de su vale regalo en l\u00ednea<\/li>\n<li>Defina el importe del vale y a\u00f1ada un mensaje personal<\/li>\n<li>Pague en l\u00ednea de forma segura (p. ej., con tarjeta de cr\u00e9dito)<\/li>\n<li>Tras realizar el pago, recibir\u00e1 su vale en pocos minutos por correo electr\u00f3nico (por favor, indique una direcci\u00f3n de e-mail v\u00e1lida)<\/li>\n<li>Como alternativa, puede optar por un vale impreso de alta calidad, que le enviaremos por correo postal.<\/li>\n<\/ul>\n\t\n<\/div>[\/vc_column_inner][\/vc_row_inner][vc_empty_space][vc_empty_space][vc_column_text css=\u00bb\u00bb]\n<div id=\"wlApiWidgetTarget2\"><\/div>\n<script src=\"https:\/\/booking.buchinger-wilhelmi.com\/websLINE-ABM\/Widget\/Inject\/2-en-bf963ad19f2b92faa4ade90c255c7a704ef5d10d\"><\/script>\n\n\r\n\n[\/vc_column_text][\/vc_column][vc_column width=\u00bb1\/12&#8243;][\/vc_column][\/vc_row]<\/div>","protected":false},"excerpt":{"rendered":"<p>[vc_row][vc_column width=\u00bb1\/12&#8243;][\/vc_column][vc_column width=\u00bb10\/12&#8243;][vc_empty_space][vc_row_inner][vc_column_inner width=\u00bb1\/2&#8243;][vc_empty_space height=\u00bb20px\u00bb][\/vc_column_inner][vc_column_inner width=\u00bb1\/2&#8243;][\/vc_column_inner][\/vc_row_inner][vc_empty_space][vc_empty_space][vc_column_text css=\u00bb\u00bb] [\/vc_column_text][\/vc_column][vc_column width=\u00bb1\/12&#8243;][\/vc_column][\/vc_row]<\/p>\n","protected":false},"author":34,"featured_media":86117,"parent":0,"menu_order":0,"comment_status":"closed","ping_status":"closed","template":"","meta":{"_acf_changed":false,"_custom_body_class":"","_custom_post_class":"","_searchwp_excluded":"","inline_featured_image":false,"footnotes":""},"class_list":["post-86149","page","type-page","status-publish","has-post-thumbnail","hentry"],"acf":[],"yoast_head":"<!-- This site is optimized with the Yoast SEO plugin v23.8 - https:\/\/yoast.com\/wordpress\/plugins\/seo\/ -->\n<title>Regalar da alegr\u00eda - BUCHINGER WILHELMI<\/title>\n<meta name=\"description\" content=\"Regale salud y regeneraci\u00f3n: solicite f\u00e1cilmente en l\u00ednea un bono regalo Buchinger Wilhelmi personalizado para una estancia de ayuno.\" \/>\n<meta name=\"robots\" content=\"noindex, nofollow\" \/>\n<meta property=\"og:locale\" content=\"es_ES\" \/>\n<meta property=\"og:type\" content=\"article\" \/>\n<meta property=\"og:title\" content=\"Regalar da alegr\u00eda - BUCHINGER WILHELMI\" \/>\n<meta property=\"og:description\" content=\"Regale salud y regeneraci\u00f3n: solicite f\u00e1cilmente en l\u00ednea un bono regalo Buchinger Wilhelmi personalizado para una estancia de ayuno.\" \/>\n<meta property=\"og:url\" content=\"https:\/\/www.buchinger-wilhelmi.com\/es\/vale\/\" \/>\n<meta property=\"article:publisher\" content=\"https:\/\/www.facebook.com\/BuchingerWilhelmiMarbella\/\" \/>\n<meta property=\"article:modified_time\" content=\"2026-01-27T10:51:43+00:00\" \/>\n<meta property=\"og:image\" content=\"https:\/\/www.buchinger-wilhelmi.com\/wp-content\/uploads\/2025\/03\/header_bild_anfrage_gutschein_schmal.jpg\" \/>\n\t<meta property=\"og:image:width\" content=\"1920\" \/>\n\t<meta property=\"og:image:height\" content=\"768\" \/>\n\t<meta property=\"og:image:type\" content=\"image\/jpeg\" \/>\n<meta name=\"twitter:card\" content=\"summary_large_image\" \/>\n<meta name=\"twitter:label1\" content=\"Tiempo de lectura\" \/>\n\t<meta name=\"twitter:data1\" content=\"2 minutos\" \/>\n<script type=\"application\/ld+json\" class=\"yoast-schema-graph\">{\"@context\":\"https:\/\/schema.org\",\"@graph\":[{\"@type\":\"WebPage\",\"@id\":\"https:\/\/www.buchinger-wilhelmi.com\/es\/vale\/\",\"url\":\"https:\/\/www.buchinger-wilhelmi.com\/es\/vale\/\",\"name\":\"Regalar da alegr\u00eda - BUCHINGER WILHELMI\",\"isPartOf\":{\"@id\":\"https:\/\/www.buchinger-wilhelmi.com\/es\/#website\"},\"primaryImageOfPage\":{\"@id\":\"https:\/\/www.buchinger-wilhelmi.com\/es\/vale\/#primaryimage\"},\"image\":{\"@id\":\"https:\/\/www.buchinger-wilhelmi.com\/es\/vale\/#primaryimage\"},\"thumbnailUrl\":\"https:\/\/www.buchinger-wilhelmi.com\/wp-content\/uploads\/2025\/03\/header_bild_anfrage_gutschein_schmal.jpg\",\"datePublished\":\"2025-03-19T15:24:18+00:00\",\"dateModified\":\"2026-01-27T10:51:43+00:00\",\"description\":\"Regale salud y regeneraci\u00f3n: solicite f\u00e1cilmente en l\u00ednea un bono regalo Buchinger Wilhelmi personalizado para una estancia de ayuno.\",\"breadcrumb\":{\"@id\":\"https:\/\/www.buchinger-wilhelmi.com\/es\/vale\/#breadcrumb\"},\"inLanguage\":\"es\",\"potentialAction\":[{\"@type\":\"ReadAction\",\"target\":[\"https:\/\/www.buchinger-wilhelmi.com\/es\/vale\/\"]}]},{\"@type\":\"ImageObject\",\"inLanguage\":\"es\",\"@id\":\"https:\/\/www.buchinger-wilhelmi.com\/es\/vale\/#primaryimage\",\"url\":\"https:\/\/www.buchinger-wilhelmi.com\/wp-content\/uploads\/2025\/03\/header_bild_anfrage_gutschein_schmal.jpg\",\"contentUrl\":\"https:\/\/www.buchinger-wilhelmi.com\/wp-content\/uploads\/2025\/03\/header_bild_anfrage_gutschein_schmal.jpg\",\"width\":1920,\"height\":768},{\"@type\":\"BreadcrumbList\",\"@id\":\"https:\/\/www.buchinger-wilhelmi.com\/es\/vale\/#breadcrumb\",\"itemListElement\":[{\"@type\":\"ListItem\",\"position\":1,\"name\":\"Startseite\",\"item\":\"https:\/\/www.buchinger-wilhelmi.com\/es\/\"},{\"@type\":\"ListItem\",\"position\":2,\"name\":\"Regalar da alegr\u00eda\"}]},{\"@type\":\"WebSite\",\"@id\":\"https:\/\/www.buchinger-wilhelmi.com\/es\/#website\",\"url\":\"https:\/\/www.buchinger-wilhelmi.com\/es\/\",\"name\":\"\",\"description\":\"\",\"publisher\":{\"@id\":\"https:\/\/www.buchinger-wilhelmi.com\/es\/#organization\"},\"potentialAction\":[{\"@type\":\"SearchAction\",\"target\":{\"@type\":\"EntryPoint\",\"urlTemplate\":\"https:\/\/www.buchinger-wilhelmi.com\/es\/?s={search_term_string}\"},\"query-input\":{\"@type\":\"PropertyValueSpecification\",\"valueRequired\":true,\"valueName\":\"search_term_string\"}}],\"inLanguage\":\"es\"},{\"@type\":\"Organization\",\"@id\":\"https:\/\/www.buchinger-wilhelmi.com\/es\/#organization\",\"name\":\"Buchinger Wilhelmi Holding GmbH & Co.KG\",\"url\":\"https:\/\/www.buchinger-wilhelmi.com\/es\/\",\"logo\":{\"@type\":\"ImageObject\",\"inLanguage\":\"es\",\"@id\":\"https:\/\/www.buchinger-wilhelmi.com\/es\/#\/schema\/logo\/image\/\",\"url\":\"https:\/\/www.buchinger-wilhelmi.com\/wp-content\/uploads\/2018\/04\/BW_Logo_black.png\",\"contentUrl\":\"https:\/\/www.buchinger-wilhelmi.com\/wp-content\/uploads\/2018\/04\/BW_Logo_black.png\",\"width\":303,\"height\":76,\"caption\":\"Buchinger Wilhelmi Holding GmbH & Co.KG\"},\"image\":{\"@id\":\"https:\/\/www.buchinger-wilhelmi.com\/es\/#\/schema\/logo\/image\/\"},\"sameAs\":[\"https:\/\/www.facebook.com\/BuchingerWilhelmiMarbella\/\",\"https:\/\/www.instagram.com\/buchingerwilhelmi\/\",\"https:\/\/www.linkedin.com\/company\/buchingerwilhelmi\/\",\"https:\/\/www.pinterest.de\/buchingerwilhelmi\/\",\"https:\/\/www.youtube.com\/channel\/UC6jETvWDCI_W-VVG2AjxOfw\"]}]}<\/script>\n<!-- \/ Yoast SEO plugin. -->","yoast_head_json":{"title":"Regalar da alegr\u00eda - BUCHINGER WILHELMI","description":"Regale salud y regeneraci\u00f3n: solicite f\u00e1cilmente en l\u00ednea un bono regalo Buchinger Wilhelmi personalizado para una estancia de ayuno.","robots":{"index":"noindex","follow":"nofollow"},"og_locale":"es_ES","og_type":"article","og_title":"Regalar da alegr\u00eda - BUCHINGER WILHELMI","og_description":"Regale salud y regeneraci\u00f3n: solicite f\u00e1cilmente en l\u00ednea un bono regalo Buchinger Wilhelmi personalizado para una estancia de ayuno.","og_url":"https:\/\/www.buchinger-wilhelmi.com\/es\/vale\/","article_publisher":"https:\/\/www.facebook.com\/BuchingerWilhelmiMarbella\/","article_modified_time":"2026-01-27T10:51:43+00:00","og_image":[{"width":1920,"height":768,"url":"https:\/\/www.buchinger-wilhelmi.com\/wp-content\/uploads\/2025\/03\/header_bild_anfrage_gutschein_schmal.jpg","type":"image\/jpeg"}],"twitter_card":"summary_large_image","twitter_misc":{"Tiempo de lectura":"2 minutos"},"schema":{"@context":"https:\/\/schema.org","@graph":[{"@type":"WebPage","@id":"https:\/\/www.buchinger-wilhelmi.com\/es\/vale\/","url":"https:\/\/www.buchinger-wilhelmi.com\/es\/vale\/","name":"Regalar da alegr\u00eda - BUCHINGER WILHELMI","isPartOf":{"@id":"https:\/\/www.buchinger-wilhelmi.com\/es\/#website"},"primaryImageOfPage":{"@id":"https:\/\/www.buchinger-wilhelmi.com\/es\/vale\/#primaryimage"},"image":{"@id":"https:\/\/www.buchinger-wilhelmi.com\/es\/vale\/#primaryimage"},"thumbnailUrl":"https:\/\/www.buchinger-wilhelmi.com\/wp-content\/uploads\/2025\/03\/header_bild_anfrage_gutschein_schmal.jpg","datePublished":"2025-03-19T15:24:18+00:00","dateModified":"2026-01-27T10:51:43+00:00","description":"Regale salud y regeneraci\u00f3n: solicite f\u00e1cilmente en l\u00ednea un bono regalo Buchinger Wilhelmi personalizado para una estancia de ayuno.","breadcrumb":{"@id":"https:\/\/www.buchinger-wilhelmi.com\/es\/vale\/#breadcrumb"},"inLanguage":"es","potentialAction":[{"@type":"ReadAction","target":["https:\/\/www.buchinger-wilhelmi.com\/es\/vale\/"]}]},{"@type":"ImageObject","inLanguage":"es","@id":"https:\/\/www.buchinger-wilhelmi.com\/es\/vale\/#primaryimage","url":"https:\/\/www.buchinger-wilhelmi.com\/wp-content\/uploads\/2025\/03\/header_bild_anfrage_gutschein_schmal.jpg","contentUrl":"https:\/\/www.buchinger-wilhelmi.com\/wp-content\/uploads\/2025\/03\/header_bild_anfrage_gutschein_schmal.jpg","width":1920,"height":768},{"@type":"BreadcrumbList","@id":"https:\/\/www.buchinger-wilhelmi.com\/es\/vale\/#breadcrumb","itemListElement":[{"@type":"ListItem","position":1,"name":"Startseite","item":"https:\/\/www.buchinger-wilhelmi.com\/es\/"},{"@type":"ListItem","position":2,"name":"Regalar da alegr\u00eda"}]},{"@type":"WebSite","@id":"https:\/\/www.buchinger-wilhelmi.com\/es\/#website","url":"https:\/\/www.buchinger-wilhelmi.com\/es\/","name":"","description":"","publisher":{"@id":"https:\/\/www.buchinger-wilhelmi.com\/es\/#organization"},"potentialAction":[{"@type":"SearchAction","target":{"@type":"EntryPoint","urlTemplate":"https:\/\/www.buchinger-wilhelmi.com\/es\/?s={search_term_string}"},"query-input":{"@type":"PropertyValueSpecification","valueRequired":true,"valueName":"search_term_string"}}],"inLanguage":"es"},{"@type":"Organization","@id":"https:\/\/www.buchinger-wilhelmi.com\/es\/#organization","name":"Buchinger Wilhelmi Holding GmbH & Co.KG","url":"https:\/\/www.buchinger-wilhelmi.com\/es\/","logo":{"@type":"ImageObject","inLanguage":"es","@id":"https:\/\/www.buchinger-wilhelmi.com\/es\/#\/schema\/logo\/image\/","url":"https:\/\/www.buchinger-wilhelmi.com\/wp-content\/uploads\/2018\/04\/BW_Logo_black.png","contentUrl":"https:\/\/www.buchinger-wilhelmi.com\/wp-content\/uploads\/2018\/04\/BW_Logo_black.png","width":303,"height":76,"caption":"Buchinger Wilhelmi Holding GmbH & Co.KG"},"image":{"@id":"https:\/\/www.buchinger-wilhelmi.com\/es\/#\/schema\/logo\/image\/"},"sameAs":["https:\/\/www.facebook.com\/BuchingerWilhelmiMarbella\/","https:\/\/www.instagram.com\/buchingerwilhelmi\/","https:\/\/www.linkedin.com\/company\/buchingerwilhelmi\/","https:\/\/www.pinterest.de\/buchingerwilhelmi\/","https:\/\/www.youtube.com\/channel\/UC6jETvWDCI_W-VVG2AjxOfw"]}]}},"_links":{"self":[{"href":"https:\/\/www.buchinger-wilhelmi.com\/es\/wp-json\/wp\/v2\/pages\/86149"}],"collection":[{"href":"https:\/\/www.buchinger-wilhelmi.com\/es\/wp-json\/wp\/v2\/pages"}],"about":[{"href":"https:\/\/www.buchinger-wilhelmi.com\/es\/wp-json\/wp\/v2\/types\/page"}],"author":[{"embeddable":true,"href":"https:\/\/www.buchinger-wilhelmi.com\/es\/wp-json\/wp\/v2\/users\/34"}],"replies":[{"embeddable":true,"href":"https:\/\/www.buchinger-wilhelmi.com\/es\/wp-json\/wp\/v2\/comments?post=86149"}],"version-history":[{"count":7,"href":"https:\/\/www.buchinger-wilhelmi.com\/es\/wp-json\/wp\/v2\/pages\/86149\/revisions"}],"predecessor-version":[{"id":98832,"href":"https:\/\/www.buchinger-wilhelmi.com\/es\/wp-json\/wp\/v2\/pages\/86149\/revisions\/98832"}],"wp:featuredmedia":[{"embeddable":true,"href":"https:\/\/www.buchinger-wilhelmi.com\/es\/wp-json\/wp\/v2\/media\/86117"}],"wp:attachment":[{"href":"https:\/\/www.buchinger-wilhelmi.com\/es\/wp-json\/wp\/v2\/media?parent=86149"}],"curies":[{"name":"wp","href":"https:\/\/api.w.org\/{rel}","templated":true}]}}