{"id":18296,"date":"2018-06-06T14:27:24","date_gmt":"2018-06-06T12:27:24","guid":{"rendered":"https:\/\/www.buchinger-wilhelmi.com\/was-sie-mitbringen-sollten\/"},"modified":"2018-11-12T17:22:23","modified_gmt":"2018-11-12T16:22:23","slug":"was-sie-mitbringen-sollten","status":"publish","type":"page","link":"https:\/\/www.buchinger-wilhelmi.com\/fr\/was-sie-mitbringen-sollten\/","title":{"rendered":"De quoi ai-je besoin ?"},"content":{"rendered":"<div class=\"wpb-content-wrapper\">[vc_row equal_height=\u00a0\u00bbyes\u00a0\u00bb][vc_column width=\u00a0\u00bb6\/12&Prime;][vc_column_text]\n<h3><b><strong>\u00c0 quoi dois-je penser en faisant ma valise <\/strong>? <\/b><\/h3>\n<p>Vous avez plusieurs valises au choix ? Prenez la plus petite ! Le je\u00fbne vous offre le luxe de ne manquer de rien avec un minimum, et de vous lib\u00e9rer de tout fardeau inutile. Donc pas besoin de charger vos bagages, voyagez l\u00e9ger, sans oublier toutefois :<\/p>\n<ul>\n<li>des v\u00eatements chauds (adapt\u00e9s au site et \u00e0 la saison : pulls, chaussettes, \u00e9charpes, etc.), tenue et chaussures de randonn\u00e9e,<\/li>\n<li>des chaussures de sport en salle,<\/li>\n<li>des v\u00eatements imperm\u00e9ables,<\/li>\n<li>des tenues de sport et de bain,<\/li>\n<li>des v\u00eatements de jour amples et confortables,<\/li>\n<li>une tenue un peu plus \u00e9l\u00e9gante, au cas o\u00f9 ! (par ex. festival, th\u00e9\u00e2tre, etc.)<\/li>\n<li>votre (nouveau ?) journal intime,<\/li>\n<li>des livres que vous vouliez lire depuis longtemps,<\/li>\n<li>votre musique pr\u00e9f\u00e9r\u00e9e, avec lecteur et \u00e9couteurs,<\/li>\n<li>vos derniers r\u00e9sultats d\u2019examens m\u00e9dicaux, ainsi que les m\u00e9dicaments que vous prenez r\u00e9guli\u00e8rement, en quantit\u00e9 suffisante, ou, \u00e0 d\u00e9faut, les ordonnances de votre m\u00e9decin de famille.<\/li>\n<\/ul>\n[\/vc_column_text][\/vc_column][vc_column width=\u00a0\u00bb1\/12&Prime;][\/vc_column][vc_column width=\u00a0\u00bb5\/12&Prime; css=\u00a0\u00bb.vc_custom_1529668908848{background-image: url(https:\/\/www.buchinger-wilhelmi.com\/wp-content\/uploads\/2018\/05\/2.3.1.4.-Termine-Happiness-Week.jpg?id=15157) !important;background-position: center !important;background-repeat: no-repeat !important;background-size: cover !important;}\u00a0\u00bb][\/vc_column][\/vc_row]\n<\/div>","protected":false},"excerpt":{"rendered":"<p>[vc_row equal_height=\u00a0\u00bbyes\u00a0\u00bb][vc_column width=\u00a0\u00bb6\/12&Prime;][vc_column_text] \u00c0 quoi dois-je penser en faisant ma valise ? Vous avez&#8230;<\/p>\n","protected":false},"author":30,"featured_media":17734,"parent":0,"menu_order":0,"comment_status":"closed","ping_status":"closed","template":"","meta":{"_acf_changed":false,"_custom_body_class":"","_custom_post_class":"","_searchwp_excluded":"","inline_featured_image":false,"footnotes":""},"class_list":["post-18296","page","type-page","status-publish","has-post-thumbnail","hentry"],"acf":[],"yoast_head":"<!-- This site is optimized with the Yoast SEO plugin v23.8 - https:\/\/yoast.com\/wordpress\/plugins\/seo\/ -->\n<title>Ce qu&#039;il faut apporter BUCHINGER WILHELMI<\/title>\n<meta name=\"description\" content=\"D\u00e9couvrez ici comment bien pr\u00e9parer votre valise pour votre s\u00e9jour chez BUCHINGER WILHELMI.\" \/>\n<meta name=\"robots\" content=\"index, follow, max-snippet:-1, max-image-preview:large, max-video-preview:-1\" \/>\n<link rel=\"canonical\" href=\"https:\/\/www.buchinger-wilhelmi.com\/fr\/was-sie-mitbringen-sollten\/\" \/>\n<meta property=\"og:locale\" content=\"fr_FR\" \/>\n<meta property=\"og:type\" content=\"article\" \/>\n<meta property=\"og:title\" content=\"Ce qu&#039;il faut apporter BUCHINGER WILHELMI\" \/>\n<meta property=\"og:description\" content=\"D\u00e9couvrez ici comment bien pr\u00e9parer votre valise pour votre s\u00e9jour chez BUCHINGER WILHELMI.\" \/>\n<meta property=\"og:url\" content=\"https:\/\/www.buchinger-wilhelmi.com\/fr\/was-sie-mitbringen-sollten\/\" \/>\n<meta property=\"article:publisher\" content=\"https:\/\/www.facebook.com\/BuchingerWilhelmiMarbella\/\" \/>\n<meta property=\"article:modified_time\" content=\"2018-11-12T16:22:23+00:00\" \/>\n<meta property=\"og:image\" content=\"https:\/\/www.buchinger-wilhelmi.com\/wp-content\/uploads\/2018\/06\/3.5.1.-Hilfe-Was-Sie-mitbringen-sollen.jpg\" \/>\n\t<meta property=\"og:image:width\" content=\"6144\" \/>\n\t<meta property=\"og:image:height\" content=\"3160\" \/>\n\t<meta property=\"og:image:type\" content=\"image\/jpeg\" \/>\n<meta name=\"twitter:card\" content=\"summary_large_image\" \/>\n<meta name=\"twitter:label1\" content=\"Dur\u00e9e de lecture estim\u00e9e\" \/>\n\t<meta name=\"twitter:data1\" content=\"1 minute\" \/>\n<script type=\"application\/ld+json\" class=\"yoast-schema-graph\">{\"@context\":\"https:\/\/schema.org\",\"@graph\":[{\"@type\":\"WebPage\",\"@id\":\"https:\/\/www.buchinger-wilhelmi.com\/fr\/was-sie-mitbringen-sollten\/\",\"url\":\"https:\/\/www.buchinger-wilhelmi.com\/fr\/was-sie-mitbringen-sollten\/\",\"name\":\"Ce qu'il faut apporter BUCHINGER WILHELMI\",\"isPartOf\":{\"@id\":\"https:\/\/www.buchinger-wilhelmi.com\/fr\/#website\"},\"primaryImageOfPage\":{\"@id\":\"https:\/\/www.buchinger-wilhelmi.com\/fr\/was-sie-mitbringen-sollten\/#primaryimage\"},\"image\":{\"@id\":\"https:\/\/www.buchinger-wilhelmi.com\/fr\/was-sie-mitbringen-sollten\/#primaryimage\"},\"thumbnailUrl\":\"https:\/\/www.buchinger-wilhelmi.com\/wp-content\/uploads\/2018\/06\/3.5.1.-Hilfe-Was-Sie-mitbringen-sollen.jpg\",\"datePublished\":\"2018-06-06T12:27:24+00:00\",\"dateModified\":\"2018-11-12T16:22:23+00:00\",\"description\":\"D\u00e9couvrez ici comment bien pr\u00e9parer votre valise pour votre s\u00e9jour chez BUCHINGER WILHELMI.\",\"breadcrumb\":{\"@id\":\"https:\/\/www.buchinger-wilhelmi.com\/fr\/was-sie-mitbringen-sollten\/#breadcrumb\"},\"inLanguage\":\"fr-FR\",\"potentialAction\":[{\"@type\":\"ReadAction\",\"target\":[\"https:\/\/www.buchinger-wilhelmi.com\/fr\/was-sie-mitbringen-sollten\/\"]}]},{\"@type\":\"ImageObject\",\"inLanguage\":\"fr-FR\",\"@id\":\"https:\/\/www.buchinger-wilhelmi.com\/fr\/was-sie-mitbringen-sollten\/#primaryimage\",\"url\":\"https:\/\/www.buchinger-wilhelmi.com\/wp-content\/uploads\/2018\/06\/3.5.1.-Hilfe-Was-Sie-mitbringen-sollen.jpg\",\"contentUrl\":\"https:\/\/www.buchinger-wilhelmi.com\/wp-content\/uploads\/2018\/06\/3.5.1.-Hilfe-Was-Sie-mitbringen-sollen.jpg\",\"width\":6144,\"height\":3160,\"caption\":\"Buchinger Wilhelmi, Fasten, Heilfasten, Fasting, Health, Integrative Medicine, Balcony, Marbella, Andalusien, Was Sie mitbringen sollen\"},{\"@type\":\"BreadcrumbList\",\"@id\":\"https:\/\/www.buchinger-wilhelmi.com\/fr\/was-sie-mitbringen-sollten\/#breadcrumb\",\"itemListElement\":[{\"@type\":\"ListItem\",\"position\":1,\"name\":\"Startseite\",\"item\":\"https:\/\/www.buchinger-wilhelmi.com\/fr\/\"},{\"@type\":\"ListItem\",\"position\":2,\"name\":\"De quoi ai-je besoin ?\"}]},{\"@type\":\"WebSite\",\"@id\":\"https:\/\/www.buchinger-wilhelmi.com\/fr\/#website\",\"url\":\"https:\/\/www.buchinger-wilhelmi.com\/fr\/\",\"name\":\"\",\"description\":\"\",\"publisher\":{\"@id\":\"https:\/\/www.buchinger-wilhelmi.com\/fr\/#organization\"},\"potentialAction\":[{\"@type\":\"SearchAction\",\"target\":{\"@type\":\"EntryPoint\",\"urlTemplate\":\"https:\/\/www.buchinger-wilhelmi.com\/fr\/?s={search_term_string}\"},\"query-input\":{\"@type\":\"PropertyValueSpecification\",\"valueRequired\":true,\"valueName\":\"search_term_string\"}}],\"inLanguage\":\"fr-FR\"},{\"@type\":\"Organization\",\"@id\":\"https:\/\/www.buchinger-wilhelmi.com\/fr\/#organization\",\"name\":\"Buchinger Wilhelmi Holding GmbH & Co.KG\",\"url\":\"https:\/\/www.buchinger-wilhelmi.com\/fr\/\",\"logo\":{\"@type\":\"ImageObject\",\"inLanguage\":\"fr-FR\",\"@id\":\"https:\/\/www.buchinger-wilhelmi.com\/fr\/#\/schema\/logo\/image\/\",\"url\":\"https:\/\/www.buchinger-wilhelmi.com\/wp-content\/uploads\/2018\/04\/BW_Logo_black.png\",\"contentUrl\":\"https:\/\/www.buchinger-wilhelmi.com\/wp-content\/uploads\/2018\/04\/BW_Logo_black.png\",\"width\":303,\"height\":76,\"caption\":\"Buchinger Wilhelmi Holding GmbH & Co.KG\"},\"image\":{\"@id\":\"https:\/\/www.buchinger-wilhelmi.com\/fr\/#\/schema\/logo\/image\/\"},\"sameAs\":[\"https:\/\/www.facebook.com\/BuchingerWilhelmiMarbella\/\",\"https:\/\/www.instagram.com\/buchingerwilhelmi\/\",\"https:\/\/www.linkedin.com\/company\/buchingerwilhelmi\/\",\"https:\/\/www.pinterest.de\/buchingerwilhelmi\/\",\"https:\/\/www.youtube.com\/channel\/UC6jETvWDCI_W-VVG2AjxOfw\"]}]}<\/script>\n<!-- \/ Yoast SEO plugin. -->","yoast_head_json":{"title":"Ce qu'il faut apporter BUCHINGER WILHELMI","description":"D\u00e9couvrez ici comment bien pr\u00e9parer votre valise pour votre s\u00e9jour chez BUCHINGER WILHELMI.","robots":{"index":"index","follow":"follow","max-snippet":"max-snippet:-1","max-image-preview":"max-image-preview:large","max-video-preview":"max-video-preview:-1"},"canonical":"https:\/\/www.buchinger-wilhelmi.com\/fr\/was-sie-mitbringen-sollten\/","og_locale":"fr_FR","og_type":"article","og_title":"Ce qu'il faut apporter BUCHINGER WILHELMI","og_description":"D\u00e9couvrez ici comment bien pr\u00e9parer votre valise pour votre s\u00e9jour chez BUCHINGER WILHELMI.","og_url":"https:\/\/www.buchinger-wilhelmi.com\/fr\/was-sie-mitbringen-sollten\/","article_publisher":"https:\/\/www.facebook.com\/BuchingerWilhelmiMarbella\/","article_modified_time":"2018-11-12T16:22:23+00:00","og_image":[{"width":6144,"height":3160,"url":"https:\/\/www.buchinger-wilhelmi.com\/wp-content\/uploads\/2018\/06\/3.5.1.-Hilfe-Was-Sie-mitbringen-sollen.jpg","type":"image\/jpeg"}],"twitter_card":"summary_large_image","twitter_misc":{"Dur\u00e9e de lecture estim\u00e9e":"1 minute"},"schema":{"@context":"https:\/\/schema.org","@graph":[{"@type":"WebPage","@id":"https:\/\/www.buchinger-wilhelmi.com\/fr\/was-sie-mitbringen-sollten\/","url":"https:\/\/www.buchinger-wilhelmi.com\/fr\/was-sie-mitbringen-sollten\/","name":"Ce qu'il faut apporter BUCHINGER WILHELMI","isPartOf":{"@id":"https:\/\/www.buchinger-wilhelmi.com\/fr\/#website"},"primaryImageOfPage":{"@id":"https:\/\/www.buchinger-wilhelmi.com\/fr\/was-sie-mitbringen-sollten\/#primaryimage"},"image":{"@id":"https:\/\/www.buchinger-wilhelmi.com\/fr\/was-sie-mitbringen-sollten\/#primaryimage"},"thumbnailUrl":"https:\/\/www.buchinger-wilhelmi.com\/wp-content\/uploads\/2018\/06\/3.5.1.-Hilfe-Was-Sie-mitbringen-sollen.jpg","datePublished":"2018-06-06T12:27:24+00:00","dateModified":"2018-11-12T16:22:23+00:00","description":"D\u00e9couvrez ici comment bien pr\u00e9parer votre valise pour votre s\u00e9jour chez BUCHINGER WILHELMI.","breadcrumb":{"@id":"https:\/\/www.buchinger-wilhelmi.com\/fr\/was-sie-mitbringen-sollten\/#breadcrumb"},"inLanguage":"fr-FR","potentialAction":[{"@type":"ReadAction","target":["https:\/\/www.buchinger-wilhelmi.com\/fr\/was-sie-mitbringen-sollten\/"]}]},{"@type":"ImageObject","inLanguage":"fr-FR","@id":"https:\/\/www.buchinger-wilhelmi.com\/fr\/was-sie-mitbringen-sollten\/#primaryimage","url":"https:\/\/www.buchinger-wilhelmi.com\/wp-content\/uploads\/2018\/06\/3.5.1.-Hilfe-Was-Sie-mitbringen-sollen.jpg","contentUrl":"https:\/\/www.buchinger-wilhelmi.com\/wp-content\/uploads\/2018\/06\/3.5.1.-Hilfe-Was-Sie-mitbringen-sollen.jpg","width":6144,"height":3160,"caption":"Buchinger Wilhelmi, Fasten, Heilfasten, Fasting, Health, Integrative Medicine, Balcony, Marbella, Andalusien, Was Sie mitbringen sollen"},{"@type":"BreadcrumbList","@id":"https:\/\/www.buchinger-wilhelmi.com\/fr\/was-sie-mitbringen-sollten\/#breadcrumb","itemListElement":[{"@type":"ListItem","position":1,"name":"Startseite","item":"https:\/\/www.buchinger-wilhelmi.com\/fr\/"},{"@type":"ListItem","position":2,"name":"De quoi ai-je besoin ?"}]},{"@type":"WebSite","@id":"https:\/\/www.buchinger-wilhelmi.com\/fr\/#website","url":"https:\/\/www.buchinger-wilhelmi.com\/fr\/","name":"","description":"","publisher":{"@id":"https:\/\/www.buchinger-wilhelmi.com\/fr\/#organization"},"potentialAction":[{"@type":"SearchAction","target":{"@type":"EntryPoint","urlTemplate":"https:\/\/www.buchinger-wilhelmi.com\/fr\/?s={search_term_string}"},"query-input":{"@type":"PropertyValueSpecification","valueRequired":true,"valueName":"search_term_string"}}],"inLanguage":"fr-FR"},{"@type":"Organization","@id":"https:\/\/www.buchinger-wilhelmi.com\/fr\/#organization","name":"Buchinger Wilhelmi Holding GmbH & Co.KG","url":"https:\/\/www.buchinger-wilhelmi.com\/fr\/","logo":{"@type":"ImageObject","inLanguage":"fr-FR","@id":"https:\/\/www.buchinger-wilhelmi.com\/fr\/#\/schema\/logo\/image\/","url":"https:\/\/www.buchinger-wilhelmi.com\/wp-content\/uploads\/2018\/04\/BW_Logo_black.png","contentUrl":"https:\/\/www.buchinger-wilhelmi.com\/wp-content\/uploads\/2018\/04\/BW_Logo_black.png","width":303,"height":76,"caption":"Buchinger Wilhelmi Holding GmbH & Co.KG"},"image":{"@id":"https:\/\/www.buchinger-wilhelmi.com\/fr\/#\/schema\/logo\/image\/"},"sameAs":["https:\/\/www.facebook.com\/BuchingerWilhelmiMarbella\/","https:\/\/www.instagram.com\/buchingerwilhelmi\/","https:\/\/www.linkedin.com\/company\/buchingerwilhelmi\/","https:\/\/www.pinterest.de\/buchingerwilhelmi\/","https:\/\/www.youtube.com\/channel\/UC6jETvWDCI_W-VVG2AjxOfw"]}]}},"_links":{"self":[{"href":"https:\/\/www.buchinger-wilhelmi.com\/fr\/wp-json\/wp\/v2\/pages\/18296"}],"collection":[{"href":"https:\/\/www.buchinger-wilhelmi.com\/fr\/wp-json\/wp\/v2\/pages"}],"about":[{"href":"https:\/\/www.buchinger-wilhelmi.com\/fr\/wp-json\/wp\/v2\/types\/page"}],"author":[{"embeddable":true,"href":"https:\/\/www.buchinger-wilhelmi.com\/fr\/wp-json\/wp\/v2\/users\/30"}],"replies":[{"embeddable":true,"href":"https:\/\/www.buchinger-wilhelmi.com\/fr\/wp-json\/wp\/v2\/comments?post=18296"}],"version-history":[{"count":4,"href":"https:\/\/www.buchinger-wilhelmi.com\/fr\/wp-json\/wp\/v2\/pages\/18296\/revisions"}],"predecessor-version":[{"id":20329,"href":"https:\/\/www.buchinger-wilhelmi.com\/fr\/wp-json\/wp\/v2\/pages\/18296\/revisions\/20329"}],"wp:featuredmedia":[{"embeddable":true,"href":"https:\/\/www.buchinger-wilhelmi.com\/fr\/wp-json\/wp\/v2\/media\/17734"}],"wp:attachment":[{"href":"https:\/\/www.buchinger-wilhelmi.com\/fr\/wp-json\/wp\/v2\/media?parent=18296"}],"curies":[{"name":"wp","href":"https:\/\/api.w.org\/{rel}","templated":true}]}}