{"id":19149,"date":"2018-06-08T16:23:14","date_gmt":"2018-06-08T14:23:14","guid":{"rendered":"https:\/\/www.buchinger-wilhelmi.com\/kooperationen\/"},"modified":"2018-11-12T16:49:51","modified_gmt":"2018-11-12T15:49:51","slug":"kooperationen","status":"publish","type":"page","link":"https:\/\/www.buchinger-wilhelmi.com\/fr\/kooperationen\/","title":{"rendered":"Coop\u00e9rations"},"content":{"rendered":"<div class=\"wpb-content-wrapper\">[vc_row][vc_column][vc_empty_space height=\u00a0\u00bb30px\u00a0\u00bb][\/vc_column][\/vc_row][vc_row equal_height=\u00a0\u00bbyes\u00a0\u00bb][vc_column width=\u00a0\u00bb6\/12&Prime;][vc_column_text]\n<h3><b>Nos principes : durabilit\u00e9, partenariat, \u00e9cocompatibilit\u00e9, valorisation des ressources locales<\/b><\/h3>\n<p>Les deux sites de Buchinger Wilhelmi sont respectivement ench\u00e2ss\u00e9s dans des r\u00e9gions b\u00e9n\u00e9ficiant d\u2019un niveau de qualit\u00e9 de vie tr\u00e8s \u00e9lev\u00e9, et parfaitement int\u00e9gr\u00e9s aux r\u00e9seaux culturels et \u00e9conomiques. De concert avec nos partenaires locaux, nous \u00e9laborons pour nos h\u00f4tes des offres attrayantes, tout en contribuant au bien-\u00eatre social de la r\u00e9gion. \u00c0 titre d\u2019entreprise familiale, nous pensons en termes de g\u00e9n\u00e9rations et nous mobilisons pour un d\u00e9veloppement durable.<\/p>\n<p>Coop\u00e9rations avec des artistes locaux, des projets th\u00e9\u00e2traux ou musicaux, mais aussi avec l\u2019agriculture biologique r\u00e9gionale, des organisations comme le mouvement Slow Food ou des institutions intellectuellement apparent\u00e9es, tel le centre Lassalle, \u00e0 Sch\u00f6nbrunn, sont pour nous des \u00e9vidences.<\/p>\n<p>Nos travaux dans le domaine m\u00e9dical et nutritionnel sont men\u00e9s \u00e0 l\u2019unisson avec d\u2019\u00e9minents partenaires, dont notamment la nouvelle chaire de tourisme de sant\u00e9 malagu\u00e8ne ou l\u2019universit\u00e9 d\u2019I\u00e9na.[\/vc_column_text][\/vc_column][vc_column width=\u00a0\u00bb1\/12&Prime;][\/vc_column][vc_column width=\u00a0\u00bb5\/12&Prime; css=\u00a0\u00bb.vc_custom_1530626082726{background-image: url(https:\/\/www.buchinger-wilhelmi.com\/wp-content\/uploads\/2018\/06\/3.4.5.Unternehme_Kooperationen_Unsere-Prinzipien.jpg?id=17338) !important;background-position: center !important;background-repeat: no-repeat !important;background-size: cover !important;}\u00a0\u00bb][\/vc_column][\/vc_row][vc_row][vc_column][vc_empty_space height=\u00a0\u00bb100px\u00a0\u00bb][\/vc_column][\/vc_row][vc_row content_placement=\u00a0\u00bbmiddle\u00a0\u00bb][vc_column width=\u00a0\u00bb2\/12&Prime;][vc_single_image image=\u00a0\u00bb16545&Prime; img_size=\u00a0\u00bbfull\u00a0\u00bb alignment=\u00a0\u00bbcenter\u00a0\u00bb][\/vc_column][vc_column width=\u00a0\u00bb4\/12&Prime;][vc_column_text]<b>Aenor<\/b><\/p>\n<p>T\u00e9l: +34 952 02 87 10<\/p>\n<p>E-Mail:\u00a0<a href=\"mailto:info@aenor.es\">info@aenor.es<\/a><\/p>\n<p><a href=\"http:\/\/www.aenor.es\/\">www.aenor.es<\/a>[\/vc_column_text][\/vc_column][vc_column width=\u00a0\u00bb2\/12&Prime;][vc_single_image image=\u00a0\u00bb16537&Prime; img_size=\u00a0\u00bbfull\u00a0\u00bb alignment=\u00a0\u00bbcenter\u00a0\u00bb][\/vc_column][vc_column width=\u00a0\u00bb4\/12&Prime;][vc_column_text]<b>Association M\u00e9dicale Je\u00fbne &amp; Nutrition<\/b><\/p>\n<p>T\u00e9l: +49 7551 807825<\/p>\n<p>E-Mail:\u00a0<a href=\"mailto:info@aerztegesellschaft-heilfasten.de\">info@aerztegesellschaft-heilfasten.de<\/a><\/p>\n<p><a href=\"http:\/\/www.aerztegesellschaft-heilfasten.de\/\">www.aerztegesellschaft-heilfasten.de<\/a>[\/vc_column_text][\/vc_column][\/vc_row][vc_row][vc_column][vc_empty_space height=\u00a0\u00bb50px\u00a0\u00bb][\/vc_column][\/vc_row][vc_row content_placement=\u00a0\u00bbmiddle\u00a0\u00bb][vc_column width=\u00a0\u00bb2\/12&Prime;][vc_single_image image=\u00a0\u00bb16541&Prime; img_size=\u00a0\u00bbfull\u00a0\u00bb alignment=\u00a0\u00bbcenter\u00a0\u00bb][\/vc_column][vc_column width=\u00a0\u00bb4\/12&Prime;][vc_column_text]<b>Amigos de la m\u00fasica <\/b><\/p>\n<p>T\u00e9l: +34 952 81 50 47<\/p>\n<p>E-Mail:\u00a0<a href=\"mailto:amigosdelamusicamarbella@hotmail.com\">amigosdelamusicamarbella@hotmail.com<\/a><\/p>\n<p><a href=\"http:\/\/www.amigosdelamusicamarbella.com\/\">www.amigosdelamusicamarbella.com<\/a>[\/vc_column_text][\/vc_column][vc_column width=\u00a0\u00bb2\/12&Prime;][vc_single_image image=\u00a0\u00bb16553&Prime; img_size=\u00a0\u00bbfull\u00a0\u00bb alignment=\u00a0\u00bbcenter\u00a0\u00bb][\/vc_column][vc_column width=\u00a0\u00bb4\/12&Prime;][vc_column_text]<b>Asociaci\u00f3n Espa\u00f1ola de M\u00e9dicos Naturistas<\/b><\/p>\n<p>T\u00e9l: +34 91 306 38 19<\/p>\n<p>E-Mail:\u00a0<a href=\"mailto:info@medicosnaturistas.es\">info@medicosnaturistas.es<\/a><\/p>\n<p><a href=\"http:\/\/www.aemn.es\/\">www.aemn.es<\/a>[\/vc_column_text][\/vc_column][\/vc_row][vc_row][vc_column][vc_empty_space height=\u00a0\u00bb50px\u00a0\u00bb][\/vc_column][\/vc_row][vc_row content_placement=\u00a0\u00bbmiddle\u00a0\u00bb][vc_column width=\u00a0\u00bb2\/12&Prime;][vc_single_image image=\u00a0\u00bb16561&Prime; img_size=\u00a0\u00bbfull\u00a0\u00bb alignment=\u00a0\u00bbcenter\u00a0\u00bb][\/vc_column][vc_column width=\u00a0\u00bb4\/12&Prime;][vc_column_text]<b>Arboretum Marbella<\/b><\/p>\n<p>T\u00e9l: +34 951 137 210<\/p>\n<p>E-Mail:\u00a0<a href=\"mailto:info@arboretummarbella.org\">info@arboretummarbella.org<\/a><\/p>\n<p><a href=\"http:\/\/www.arboretummarbella.org\/\">www.arboretummarbella.org<\/a>[\/vc_column_text][\/vc_column][vc_column width=\u00a0\u00bb2\/12&Prime;][vc_single_image image=\u00a0\u00bb16533&Prime; img_size=\u00a0\u00bbfull\u00a0\u00bb alignment=\u00a0\u00bbcenter\u00a0\u00bb][\/vc_column][vc_column width=\u00a0\u00bb4\/12&Prime;][vc_column_text]<b>Centro de Divulgaci\u00f3n Musical del Mediterr\u00e1neo<\/b><\/p>\n<p>T\u00e9l: +34 689 000 944<\/p>\n<p><a href=\"http:\/\/www.musicaconencanto.org\/\">www.musicaconencanto.org<\/a>[\/vc_column_text][\/vc_column][\/vc_row][vc_row][vc_column][vc_empty_space height=\u00a0\u00bb50px\u00a0\u00bb][\/vc_column][\/vc_row][vc_row content_placement=\u00a0\u00bbmiddle\u00a0\u00bb][vc_column width=\u00a0\u00bb2\/12&Prime;][vc_single_image image=\u00a0\u00bb16549&Prime; img_size=\u00a0\u00bbfull\u00a0\u00bb alignment=\u00a0\u00bbcenter\u00a0\u00bb][\/vc_column][vc_column width=\u00a0\u00bb4\/12&Prime;][vc_column_text]<b>cit<\/b><\/p>\n<p>T\u00e9l: +34 952 906 970<\/p>\n<p>E-Mail:\u00a0<a href=\"mailto:info@citmarbella.es\">info@citmarbella.es<\/a><\/p>\n<p><a href=\"http:\/\/www.citmarbella.es\/\">www.citmarbella.es<\/a>[\/vc_column_text][\/vc_column][vc_column width=\u00a0\u00bb2\/12&Prime;][vc_single_image image=\u00a0\u00bb16525&Prime; img_size=\u00a0\u00bbfull\u00a0\u00bb alignment=\u00a0\u00bbcenter\u00a0\u00bb][\/vc_column][vc_column width=\u00a0\u00bb4\/12&Prime;][vc_column_text]<b>Lassalle-Haus Bad Sch\u00f6nbrunn<\/b><\/p>\n<p>T\u00e9l: +41 41757 1414<\/p>\n<p>E-Mail:\u00a0<a href=\"mailto:info@lassalle-haus.org\">info@lassalle-haus.org<\/a><\/p>\n<p><a href=\"http:\/\/www.lassalle-haus.org\/\">www.lassalle-haus.org<\/a>[\/vc_column_text][\/vc_column][\/vc_row][vc_row][vc_column][vc_empty_space height=\u00a0\u00bb50px\u00a0\u00bb][\/vc_column][\/vc_row][vc_row content_placement=\u00a0\u00bbmiddle\u00a0\u00bb][vc_column width=\u00a0\u00bb2\/12&Prime;][vc_single_image image=\u00a0\u00bb15396&Prime; img_size=\u00a0\u00bbfull\u00a0\u00bb alignment=\u00a0\u00bbcenter\u00a0\u00bb][\/vc_column][vc_column width=\u00a0\u00bb4\/12&Prime;][vc_column_text]<b>Deutsche Akademie f\u00fcr Ern\u00e4hrungsmedizin<\/b><\/p>\n<p>T\u00e9l: +49 761 7898-0<\/p>\n<p>E-Mail:\u00a0<a href=\"mailto:info@daem.de\">info@daem.de<\/a><\/p>\n<p><a href=\"http:\/\/www.daem.de\/\">www.daem.de<\/a>[\/vc_column_text][\/vc_column][vc_column width=\u00a0\u00bb2\/12&Prime;][vc_single_image image=\u00a0\u00bb15258&Prime; img_size=\u00a0\u00bbfull\u00a0\u00bb alignment=\u00a0\u00bbcenter\u00a0\u00bb][\/vc_column][vc_column width=\u00a0\u00bb4\/12&Prime;][vc_column_text]<b>Right Livelihood Award Foundation<\/b><\/p>\n<p>T\u00e9l: +46 8 70203-40<\/p>\n<p>E-Mail:\u00a0<a href=\"mailto:info@rightlivelihood.org\">info@rightlivelihood.org<\/a><\/p>\n<p><a href=\"http:\/\/www.rightlivelihood.org\/\">www.rightlivelihood.org<\/a>[\/vc_column_text][\/vc_column][\/vc_row][vc_row][vc_column][vc_empty_space height=\u00a0\u00bb50px\u00a0\u00bb][\/vc_column][\/vc_row][vc_row content_placement=\u00a0\u00bbmiddle\u00a0\u00bb][vc_column width=\u00a0\u00bb2\/12&Prime;][vc_single_image image=\u00a0\u00bb19025&Prime; img_size=\u00a0\u00bbfull\u00a0\u00bb alignment=\u00a0\u00bbcenter\u00a0\u00bb][\/vc_column][vc_column width=\u00a0\u00bb4\/12&Prime;][vc_column_text]<b>Facultad de Ciencias Deleg. Alumnos de Ciencias (M\u00f3dulo de CC. Biol\u00f3gicas)<\/b><\/p>\n<p>T\u00e9l: +34 952 13 10 00<\/p>\n<p>E-Mail:\u00a0<a href=\"mailto:informacion@uma.es\">informacion@uma.es<\/a><\/p>\n<p><a href=\"http:\/\/www.uma.es\/\">www.uma.es<\/a>[\/vc_column_text][\/vc_column][vc_column width=\u00a0\u00bb2\/12&Prime;][vc_single_image image=\u00a0\u00bb15254&Prime; img_size=\u00a0\u00bbfull\u00a0\u00bb alignment=\u00a0\u00bbcenter\u00a0\u00bb][\/vc_column][vc_column width=\u00a0\u00bb4\/12&Prime;][vc_column_text]<b>Slow Food Deutschland e.V.<\/b><\/p>\n<p>T\u00e9l: +49 30 24625-939<\/p>\n<p>E-Mail:\u00a0<a href=\"mailto:info@slowfood.de\">info@slowfood.de<\/a><\/p>\n<p><a href=\"http:\/\/www.slowfood.de\/\">www.slowfood.de<\/a>[\/vc_column_text][\/vc_column][\/vc_row][vc_row][vc_column][vc_empty_space height=\u00a0\u00bb50px\u00a0\u00bb][\/vc_column][\/vc_row][vc_row content_placement=\u00a0\u00bbmiddle\u00a0\u00bb][vc_column width=\u00a0\u00bb2\/12&Prime;][vc_single_image image=\u00a0\u00bb16557&Prime; img_size=\u00a0\u00bbfull\u00a0\u00bb alignment=\u00a0\u00bbcenter\u00a0\u00bb][\/vc_column][vc_column width=\u00a0\u00bb4\/12&Prime;][vc_column_text]<b>Fundaci\u00f2n<\/b> <b>cudeca<\/b><\/p>\n<p>T\u00e9l: +34 952 56 49 10<\/p>\n<p>E-Mail:\u00a0<a href=\"mailto:cudeca@cudeca.org\">cudeca@cudeca.org<\/a><\/p>\n<p><a href=\"http:\/\/www.cudeca.org\/\">www.cudeca.org<\/a>[\/vc_column_text][\/vc_column][\/vc_row]\n<\/div>","protected":false},"excerpt":{"rendered":"<p>[vc_row][vc_column][vc_empty_space height=\u00a0\u00bb30px\u00a0\u00bb][\/vc_column][\/vc_row][vc_row equal_height=\u00a0\u00bbyes\u00a0\u00bb][vc_column width=\u00a0\u00bb6\/12&Prime;][vc_column_text] Nos principes : durabilit\u00e9, partenariat, \u00e9cocompatibilit\u00e9, valorisation des ressources locales&#8230;<\/p>\n","protected":false},"author":30,"featured_media":17695,"parent":0,"menu_order":0,"comment_status":"closed","ping_status":"closed","template":"","meta":{"_acf_changed":false,"_custom_body_class":"kooperationen","_custom_post_class":"","_searchwp_excluded":"","inline_featured_image":false,"footnotes":""},"class_list":["post-19149","page","type-page","status-publish","has-post-thumbnail","hentry"],"acf":[],"yoast_head":"<!-- This site is optimized with the Yoast SEO plugin v23.8 - https:\/\/yoast.com\/wordpress\/plugins\/seo\/ -->\n<title>Coop\u00e9rations BUCHINGER WILHELMI<\/title>\n<meta name=\"description\" content=\"La r\u00e9gionalit\u00e9 nous tenant \u00e0 c\u0153ur, nous travaillons avec des partenaires et des fournisseurs locaux, tout en soutenant l\u2019agriculture bio du cru.\" \/>\n<meta name=\"robots\" content=\"index, follow, max-snippet:-1, max-image-preview:large, max-video-preview:-1\" \/>\n<link rel=\"canonical\" href=\"https:\/\/www.buchinger-wilhelmi.com\/fr\/kooperationen\/\" \/>\n<meta property=\"og:locale\" content=\"fr_FR\" \/>\n<meta property=\"og:type\" content=\"article\" \/>\n<meta property=\"og:title\" content=\"Coop\u00e9rations BUCHINGER WILHELMI\" \/>\n<meta property=\"og:description\" content=\"La r\u00e9gionalit\u00e9 nous tenant \u00e0 c\u0153ur, nous travaillons avec des partenaires et des fournisseurs locaux, tout en soutenant l\u2019agriculture bio du cru.\" \/>\n<meta property=\"og:url\" content=\"https:\/\/www.buchinger-wilhelmi.com\/fr\/kooperationen\/\" \/>\n<meta property=\"article:publisher\" content=\"https:\/\/www.facebook.com\/BuchingerWilhelmiMarbella\/\" \/>\n<meta property=\"article:modified_time\" content=\"2018-11-12T15:49:51+00:00\" \/>\n<meta property=\"og:image\" content=\"https:\/\/www.buchinger-wilhelmi.com\/wp-content\/uploads\/2018\/06\/3.4.5.Unternehme_Kooperationen_Header.jpg\" \/>\n\t<meta property=\"og:image:width\" content=\"6144\" \/>\n\t<meta property=\"og:image:height\" content=\"3160\" \/>\n\t<meta property=\"og:image:type\" content=\"image\/jpeg\" \/>\n<meta name=\"twitter:card\" content=\"summary_large_image\" \/>\n<meta name=\"twitter:label1\" content=\"Dur\u00e9e de lecture estim\u00e9e\" \/>\n\t<meta name=\"twitter:data1\" content=\"4 minutes\" \/>\n<script type=\"application\/ld+json\" class=\"yoast-schema-graph\">{\"@context\":\"https:\/\/schema.org\",\"@graph\":[{\"@type\":\"WebPage\",\"@id\":\"https:\/\/www.buchinger-wilhelmi.com\/fr\/kooperationen\/\",\"url\":\"https:\/\/www.buchinger-wilhelmi.com\/fr\/kooperationen\/\",\"name\":\"Coop\u00e9rations BUCHINGER WILHELMI\",\"isPartOf\":{\"@id\":\"https:\/\/www.buchinger-wilhelmi.com\/fr\/#website\"},\"primaryImageOfPage\":{\"@id\":\"https:\/\/www.buchinger-wilhelmi.com\/fr\/kooperationen\/#primaryimage\"},\"image\":{\"@id\":\"https:\/\/www.buchinger-wilhelmi.com\/fr\/kooperationen\/#primaryimage\"},\"thumbnailUrl\":\"https:\/\/www.buchinger-wilhelmi.com\/wp-content\/uploads\/2018\/06\/3.4.5.Unternehme_Kooperationen_Header.jpg\",\"datePublished\":\"2018-06-08T14:23:14+00:00\",\"dateModified\":\"2018-11-12T15:49:51+00:00\",\"description\":\"La r\u00e9gionalit\u00e9 nous tenant \u00e0 c\u0153ur, nous travaillons avec des partenaires et des fournisseurs locaux, tout en soutenant l\u2019agriculture bio du cru.\",\"breadcrumb\":{\"@id\":\"https:\/\/www.buchinger-wilhelmi.com\/fr\/kooperationen\/#breadcrumb\"},\"inLanguage\":\"fr-FR\",\"potentialAction\":[{\"@type\":\"ReadAction\",\"target\":[\"https:\/\/www.buchinger-wilhelmi.com\/fr\/kooperationen\/\"]}]},{\"@type\":\"ImageObject\",\"inLanguage\":\"fr-FR\",\"@id\":\"https:\/\/www.buchinger-wilhelmi.com\/fr\/kooperationen\/#primaryimage\",\"url\":\"https:\/\/www.buchinger-wilhelmi.com\/wp-content\/uploads\/2018\/06\/3.4.5.Unternehme_Kooperationen_Header.jpg\",\"contentUrl\":\"https:\/\/www.buchinger-wilhelmi.com\/wp-content\/uploads\/2018\/06\/3.4.5.Unternehme_Kooperationen_Header.jpg\",\"width\":6144,\"height\":3160,\"caption\":\"Buchinger Wilhelmi, Fasten, Heilfasten, Fasting, Health, Integrative Medicine, Morning Walk, Sunset, Marbella, Andulusien,\"},{\"@type\":\"BreadcrumbList\",\"@id\":\"https:\/\/www.buchinger-wilhelmi.com\/fr\/kooperationen\/#breadcrumb\",\"itemListElement\":[{\"@type\":\"ListItem\",\"position\":1,\"name\":\"Startseite\",\"item\":\"https:\/\/www.buchinger-wilhelmi.com\/fr\/\"},{\"@type\":\"ListItem\",\"position\":2,\"name\":\"Coop\u00e9rations\"}]},{\"@type\":\"WebSite\",\"@id\":\"https:\/\/www.buchinger-wilhelmi.com\/fr\/#website\",\"url\":\"https:\/\/www.buchinger-wilhelmi.com\/fr\/\",\"name\":\"\",\"description\":\"\",\"publisher\":{\"@id\":\"https:\/\/www.buchinger-wilhelmi.com\/fr\/#organization\"},\"potentialAction\":[{\"@type\":\"SearchAction\",\"target\":{\"@type\":\"EntryPoint\",\"urlTemplate\":\"https:\/\/www.buchinger-wilhelmi.com\/fr\/?s={search_term_string}\"},\"query-input\":{\"@type\":\"PropertyValueSpecification\",\"valueRequired\":true,\"valueName\":\"search_term_string\"}}],\"inLanguage\":\"fr-FR\"},{\"@type\":\"Organization\",\"@id\":\"https:\/\/www.buchinger-wilhelmi.com\/fr\/#organization\",\"name\":\"Buchinger Wilhelmi Holding GmbH & Co.KG\",\"url\":\"https:\/\/www.buchinger-wilhelmi.com\/fr\/\",\"logo\":{\"@type\":\"ImageObject\",\"inLanguage\":\"fr-FR\",\"@id\":\"https:\/\/www.buchinger-wilhelmi.com\/fr\/#\/schema\/logo\/image\/\",\"url\":\"https:\/\/www.buchinger-wilhelmi.com\/wp-content\/uploads\/2018\/04\/BW_Logo_black.png\",\"contentUrl\":\"https:\/\/www.buchinger-wilhelmi.com\/wp-content\/uploads\/2018\/04\/BW_Logo_black.png\",\"width\":303,\"height\":76,\"caption\":\"Buchinger Wilhelmi Holding GmbH & Co.KG\"},\"image\":{\"@id\":\"https:\/\/www.buchinger-wilhelmi.com\/fr\/#\/schema\/logo\/image\/\"},\"sameAs\":[\"https:\/\/www.facebook.com\/BuchingerWilhelmiMarbella\/\",\"https:\/\/www.instagram.com\/buchingerwilhelmi\/\",\"https:\/\/www.linkedin.com\/company\/buchingerwilhelmi\/\",\"https:\/\/www.pinterest.de\/buchingerwilhelmi\/\",\"https:\/\/www.youtube.com\/channel\/UC6jETvWDCI_W-VVG2AjxOfw\"]}]}<\/script>\n<!-- \/ Yoast SEO plugin. -->","yoast_head_json":{"title":"Coop\u00e9rations BUCHINGER WILHELMI","description":"La r\u00e9gionalit\u00e9 nous tenant \u00e0 c\u0153ur, nous travaillons avec des partenaires et des fournisseurs locaux, tout en soutenant l\u2019agriculture bio du cru.","robots":{"index":"index","follow":"follow","max-snippet":"max-snippet:-1","max-image-preview":"max-image-preview:large","max-video-preview":"max-video-preview:-1"},"canonical":"https:\/\/www.buchinger-wilhelmi.com\/fr\/kooperationen\/","og_locale":"fr_FR","og_type":"article","og_title":"Coop\u00e9rations BUCHINGER WILHELMI","og_description":"La r\u00e9gionalit\u00e9 nous tenant \u00e0 c\u0153ur, nous travaillons avec des partenaires et des fournisseurs locaux, tout en soutenant l\u2019agriculture bio du cru.","og_url":"https:\/\/www.buchinger-wilhelmi.com\/fr\/kooperationen\/","article_publisher":"https:\/\/www.facebook.com\/BuchingerWilhelmiMarbella\/","article_modified_time":"2018-11-12T15:49:51+00:00","og_image":[{"width":6144,"height":3160,"url":"https:\/\/www.buchinger-wilhelmi.com\/wp-content\/uploads\/2018\/06\/3.4.5.Unternehme_Kooperationen_Header.jpg","type":"image\/jpeg"}],"twitter_card":"summary_large_image","twitter_misc":{"Dur\u00e9e de lecture estim\u00e9e":"4 minutes"},"schema":{"@context":"https:\/\/schema.org","@graph":[{"@type":"WebPage","@id":"https:\/\/www.buchinger-wilhelmi.com\/fr\/kooperationen\/","url":"https:\/\/www.buchinger-wilhelmi.com\/fr\/kooperationen\/","name":"Coop\u00e9rations BUCHINGER WILHELMI","isPartOf":{"@id":"https:\/\/www.buchinger-wilhelmi.com\/fr\/#website"},"primaryImageOfPage":{"@id":"https:\/\/www.buchinger-wilhelmi.com\/fr\/kooperationen\/#primaryimage"},"image":{"@id":"https:\/\/www.buchinger-wilhelmi.com\/fr\/kooperationen\/#primaryimage"},"thumbnailUrl":"https:\/\/www.buchinger-wilhelmi.com\/wp-content\/uploads\/2018\/06\/3.4.5.Unternehme_Kooperationen_Header.jpg","datePublished":"2018-06-08T14:23:14+00:00","dateModified":"2018-11-12T15:49:51+00:00","description":"La r\u00e9gionalit\u00e9 nous tenant \u00e0 c\u0153ur, nous travaillons avec des partenaires et des fournisseurs locaux, tout en soutenant l\u2019agriculture bio du cru.","breadcrumb":{"@id":"https:\/\/www.buchinger-wilhelmi.com\/fr\/kooperationen\/#breadcrumb"},"inLanguage":"fr-FR","potentialAction":[{"@type":"ReadAction","target":["https:\/\/www.buchinger-wilhelmi.com\/fr\/kooperationen\/"]}]},{"@type":"ImageObject","inLanguage":"fr-FR","@id":"https:\/\/www.buchinger-wilhelmi.com\/fr\/kooperationen\/#primaryimage","url":"https:\/\/www.buchinger-wilhelmi.com\/wp-content\/uploads\/2018\/06\/3.4.5.Unternehme_Kooperationen_Header.jpg","contentUrl":"https:\/\/www.buchinger-wilhelmi.com\/wp-content\/uploads\/2018\/06\/3.4.5.Unternehme_Kooperationen_Header.jpg","width":6144,"height":3160,"caption":"Buchinger Wilhelmi, Fasten, Heilfasten, Fasting, Health, Integrative Medicine, Morning Walk, Sunset, Marbella, Andulusien,"},{"@type":"BreadcrumbList","@id":"https:\/\/www.buchinger-wilhelmi.com\/fr\/kooperationen\/#breadcrumb","itemListElement":[{"@type":"ListItem","position":1,"name":"Startseite","item":"https:\/\/www.buchinger-wilhelmi.com\/fr\/"},{"@type":"ListItem","position":2,"name":"Coop\u00e9rations"}]},{"@type":"WebSite","@id":"https:\/\/www.buchinger-wilhelmi.com\/fr\/#website","url":"https:\/\/www.buchinger-wilhelmi.com\/fr\/","name":"","description":"","publisher":{"@id":"https:\/\/www.buchinger-wilhelmi.com\/fr\/#organization"},"potentialAction":[{"@type":"SearchAction","target":{"@type":"EntryPoint","urlTemplate":"https:\/\/www.buchinger-wilhelmi.com\/fr\/?s={search_term_string}"},"query-input":{"@type":"PropertyValueSpecification","valueRequired":true,"valueName":"search_term_string"}}],"inLanguage":"fr-FR"},{"@type":"Organization","@id":"https:\/\/www.buchinger-wilhelmi.com\/fr\/#organization","name":"Buchinger Wilhelmi Holding GmbH & Co.KG","url":"https:\/\/www.buchinger-wilhelmi.com\/fr\/","logo":{"@type":"ImageObject","inLanguage":"fr-FR","@id":"https:\/\/www.buchinger-wilhelmi.com\/fr\/#\/schema\/logo\/image\/","url":"https:\/\/www.buchinger-wilhelmi.com\/wp-content\/uploads\/2018\/04\/BW_Logo_black.png","contentUrl":"https:\/\/www.buchinger-wilhelmi.com\/wp-content\/uploads\/2018\/04\/BW_Logo_black.png","width":303,"height":76,"caption":"Buchinger Wilhelmi Holding GmbH & Co.KG"},"image":{"@id":"https:\/\/www.buchinger-wilhelmi.com\/fr\/#\/schema\/logo\/image\/"},"sameAs":["https:\/\/www.facebook.com\/BuchingerWilhelmiMarbella\/","https:\/\/www.instagram.com\/buchingerwilhelmi\/","https:\/\/www.linkedin.com\/company\/buchingerwilhelmi\/","https:\/\/www.pinterest.de\/buchingerwilhelmi\/","https:\/\/www.youtube.com\/channel\/UC6jETvWDCI_W-VVG2AjxOfw"]}]}},"_links":{"self":[{"href":"https:\/\/www.buchinger-wilhelmi.com\/fr\/wp-json\/wp\/v2\/pages\/19149"}],"collection":[{"href":"https:\/\/www.buchinger-wilhelmi.com\/fr\/wp-json\/wp\/v2\/pages"}],"about":[{"href":"https:\/\/www.buchinger-wilhelmi.com\/fr\/wp-json\/wp\/v2\/types\/page"}],"author":[{"embeddable":true,"href":"https:\/\/www.buchinger-wilhelmi.com\/fr\/wp-json\/wp\/v2\/users\/30"}],"replies":[{"embeddable":true,"href":"https:\/\/www.buchinger-wilhelmi.com\/fr\/wp-json\/wp\/v2\/comments?post=19149"}],"version-history":[{"count":11,"href":"https:\/\/www.buchinger-wilhelmi.com\/fr\/wp-json\/wp\/v2\/pages\/19149\/revisions"}],"predecessor-version":[{"id":22838,"href":"https:\/\/www.buchinger-wilhelmi.com\/fr\/wp-json\/wp\/v2\/pages\/19149\/revisions\/22838"}],"wp:featuredmedia":[{"embeddable":true,"href":"https:\/\/www.buchinger-wilhelmi.com\/fr\/wp-json\/wp\/v2\/media\/17695"}],"wp:attachment":[{"href":"https:\/\/www.buchinger-wilhelmi.com\/fr\/wp-json\/wp\/v2\/media?parent=19149"}],"curies":[{"name":"wp","href":"https:\/\/api.w.org\/{rel}","templated":true}]}}